{"id":116358,"date":"2025-11-30T23:17:33","date_gmt":"2025-11-30T22:17:33","guid":{"rendered":"https:\/\/nimedixmedical.com\/notre-catalogue\/kit-glucometre-gima-mg-dl-avec-bluetooth-gb-fr-it-es\/"},"modified":"2026-01-12T15:57:46","modified_gmt":"2026-01-12T14:57:46","slug":"kit-glucometre-gima-mg-dl-avec-bluetooth-gb-fr-it-es","status":"publish","type":"product","link":"https:\/\/nimedixmedical.com\/fr\/notre-catalogue\/kit-glucometre-gima-mg-dl-avec-bluetooth-gb-fr-it-es\/","title":{"rendered":"Kit Glucom\u00e8tre GIMA Mg\/dl avec Bluetooth &#8211; Gb, FR, It, Es"},"content":{"rendered":"<p>Le kit glucom\u00e8tre GIMA est con\u00e7u pour assurer une surveillance pr\u00e9cise des niveaux de glucose, tant pour un usage personnel que professionnel. Gr\u00e2ce \u00e0 sa technologie avanc\u00e9e et \u00e0 ses fonctionnalit\u00e9s pratiques, il permet une gestion efficace de la sant\u00e9.<\/p>\n<h2>Caract\u00e9ristiques<\/h2>\n<ul>\n<li>Technologie : Biocapteurs \u00e9lectrochimiques, Glucose-d\u00e9shydrog\u00e9nase (GDH-FAD)<\/li>\n<li>M\u00e9thode d\u2019\u00e9talonnage : Sans codage, \u00e9quivalent au plasma<\/li>\n<li>Temps du test : 5 secondes avec un \u00e9chantillon de 0,6\u00b5L de sang total (capillaire, veineux, n\u00e9onatal)<\/li>\n<li>Capacit\u00e9 m\u00e9moire : 1 000 r\u00e9sultats avec date et heure, moyennes sur 7, 14, 30, 60, 90 jours<\/li>\n<li>Transmission des donn\u00e9es : Bluetooth et USB<\/li>\n<li>Arr\u00eat automatique : 2 minutes apr\u00e8s la derni\u00e8re action<\/li>\n<li>Alimentation : 2 piles bouton CR 2032 avec une dur\u00e9e de 3 000 mesures<\/li>\n<li>Kit complet : 10 bandelettes, solution t\u00e9moin, 10 lancettes st\u00e9riles, stylo autopiqueur, capuchon transparent, mallette de transport, mode d\u2019emploi en plusieurs langues (GB, FR, IT, ES)<\/li>\n<\/ul>\n<h2>Livraison<\/h2>\n<ul>\n<li><strong>France :<\/strong> Livraison directe.<\/li>\n<li><strong>Export (Europe et Afrique) :<\/strong> Sur devis.<\/li>\n<\/ul>\n","protected":false},"excerpt":{"rendered":"<ul>\n<li>Usage : Id\u00e9al pour l&#8217;auto-surveillance du glucose, adapt\u00e9 pour un usage professionnel.<\/li>\n<li>B\u00e9n\u00e9fice : Pr\u00e9cision \u00e9lev\u00e9e gr\u00e2ce \u00e0 une technologie avanc\u00e9e et des \u00e9tudes cliniques approfondies.<\/li>\n<li>Pratique : Bluetooth int\u00e9gr\u00e9 pour la transmission facile des donn\u00e9es sur les plateformes de gestion.<\/li>\n<li>Complet : Kit incluant tout le n\u00e9cessaire pour un test efficace et fiable.<\/li>\n<\/ul>\n","protected":false},"featured_media":116359,"comment_status":"open","ping_status":"open","template":"","meta":{"inline_featured_image":false},"product_brand":[],"product_cat":[1287,1301,1298],"product_tag":[],"class_list":{"0":"post-116358","1":"product","2":"type-product","3":"status-publish","4":"has-post-thumbnail","6":"product_cat-diagnostics-laboratoire","7":"product_cat-glucometres-et-accessoires","8":"product_cat-glucometres-et-multicare","10":"first","11":"instock","12":"sale","13":"taxable","14":"shipping-taxable","15":"purchasable","16":"product-type-simple"},"_links":{"self":[{"href":"https:\/\/nimedixmedical.com\/fr\/wp-json\/wp\/v2\/product\/116358","targetHints":{"allow":["GET"]}}],"collection":[{"href":"https:\/\/nimedixmedical.com\/fr\/wp-json\/wp\/v2\/product"}],"about":[{"href":"https:\/\/nimedixmedical.com\/fr\/wp-json\/wp\/v2\/types\/product"}],"replies":[{"embeddable":true,"href":"https:\/\/nimedixmedical.com\/fr\/wp-json\/wp\/v2\/comments?post=116358"}],"wp:featuredmedia":[{"embeddable":true,"href":"https:\/\/nimedixmedical.com\/fr\/wp-json\/wp\/v2\/media\/116359"}],"wp:attachment":[{"href":"https:\/\/nimedixmedical.com\/fr\/wp-json\/wp\/v2\/media?parent=116358"}],"wp:term":[{"taxonomy":"product_brand","embeddable":true,"href":"https:\/\/nimedixmedical.com\/fr\/wp-json\/wp\/v2\/product_brand?post=116358"},{"taxonomy":"product_cat","embeddable":true,"href":"https:\/\/nimedixmedical.com\/fr\/wp-json\/wp\/v2\/product_cat?post=116358"},{"taxonomy":"product_tag","embeddable":true,"href":"https:\/\/nimedixmedical.com\/fr\/wp-json\/wp\/v2\/product_tag?post=116358"}],"curies":[{"name":"wp","href":"https:\/\/api.w.org\/{rel}","templated":true}]}}