{"id":116343,"date":"2025-11-30T23:17:33","date_gmt":"2025-11-30T22:17:33","guid":{"rendered":"https:\/\/nimedixmedical.com\/notre-catalogue\/applicateur-de-capteur-systeme-de-monitorage-glucose-24-heures\/"},"modified":"2026-01-12T15:57:43","modified_gmt":"2026-01-12T14:57:43","slug":"applicateur-de-capteur-systeme-de-monitorage-glucose-24-heures","status":"publish","type":"product","link":"https:\/\/nimedixmedical.com\/fr\/notre-catalogue\/applicateur-de-capteur-systeme-de-monitorage-glucose-24-heures\/","title":{"rendered":"Applicateur de Capteur Syst\u00e8me de Monitorage Glucose 24 Heures"},"content":{"rendered":"<p>Le syst\u00e8me de monitorage de la glyc\u00e9mie en temps r\u00e9el est con\u00e7u pour aider les adultes diab\u00e9tiques \u00e0 suivre leurs niveaux de glucose de mani\u00e8re pr\u00e9cise et continue. Gr\u00e2ce \u00e0 ses fonctionnalit\u00e9s avanc\u00e9es, il permet d&#8217;enregistrer les tendances et d&#8217;optimiser la gestion du diab\u00e8te.<\/p>\n<h2>Caract\u00e9ristiques<\/h2>\n<ul>\n<li>Capteur et applicateur st\u00e9riles avec une dur\u00e9e d&#8217;utilisation de 10 jours.<\/li>\n<li>Transmetteur int\u00e9gr\u00e9 pour des lectures toutes les 3 minutes.<\/li>\n<li>Technologie \u00e9lectrochimique garantissant une exactitude MARD de 9,07%.<\/li>\n<li>Plage de mesure de glucose de 1,7 \u00e0 27,8 mmol\/L.<\/li>\n<li>\u00c9lectrode flexible et indolore, brevet\u00e9e pour sa sensibilit\u00e9.<\/li>\n<li>IPX7 imperm\u00e9able, id\u00e9al pour une utilisation quotidienne.<\/li>\n<li>Alerte de glucose bas pour une gestion proactive de la sant\u00e9.<\/li>\n<\/ul>\n<h2>Livraison<\/h2>\n<ul>\n<li><strong>France :<\/strong> Livraison directe.<\/li>\n<li><strong>Export (Europe et Afrique) :<\/strong> Sur devis.<\/li>\n<\/ul>\n","protected":false},"excerpt":{"rendered":"<ul>\n<li>Utilisation facile pour un monitorage continu de la glyc\u00e9mie.<\/li>\n<li>B\u00e9n\u00e9ficie d&#8217;une technologie \u00e9lectrochimique pour des lectures pr\u00e9cises toutes les 3 minutes.<\/li>\n<li>Capteur st\u00e9rile et flexible, con\u00e7u pour un confort optimal.<\/li>\n<li>Alertes en cas de glucose bas pour une gestion proactive de la sant\u00e9.<\/li>\n<\/ul>\n","protected":false},"featured_media":116344,"comment_status":"open","ping_status":"open","template":"","meta":{"inline_featured_image":false},"product_brand":[],"product_cat":[1287,1301,1298],"product_tag":[],"class_list":{"0":"post-116343","1":"product","2":"type-product","3":"status-publish","4":"has-post-thumbnail","6":"product_cat-diagnostics-laboratoire","7":"product_cat-glucometres-et-accessoires","8":"product_cat-glucometres-et-multicare","10":"first","11":"instock","12":"sale","13":"taxable","14":"shipping-taxable","15":"purchasable","16":"product-type-simple"},"_links":{"self":[{"href":"https:\/\/nimedixmedical.com\/fr\/wp-json\/wp\/v2\/product\/116343","targetHints":{"allow":["GET"]}}],"collection":[{"href":"https:\/\/nimedixmedical.com\/fr\/wp-json\/wp\/v2\/product"}],"about":[{"href":"https:\/\/nimedixmedical.com\/fr\/wp-json\/wp\/v2\/types\/product"}],"replies":[{"embeddable":true,"href":"https:\/\/nimedixmedical.com\/fr\/wp-json\/wp\/v2\/comments?post=116343"}],"wp:featuredmedia":[{"embeddable":true,"href":"https:\/\/nimedixmedical.com\/fr\/wp-json\/wp\/v2\/media\/116344"}],"wp:attachment":[{"href":"https:\/\/nimedixmedical.com\/fr\/wp-json\/wp\/v2\/media?parent=116343"}],"wp:term":[{"taxonomy":"product_brand","embeddable":true,"href":"https:\/\/nimedixmedical.com\/fr\/wp-json\/wp\/v2\/product_brand?post=116343"},{"taxonomy":"product_cat","embeddable":true,"href":"https:\/\/nimedixmedical.com\/fr\/wp-json\/wp\/v2\/product_cat?post=116343"},{"taxonomy":"product_tag","embeddable":true,"href":"https:\/\/nimedixmedical.com\/fr\/wp-json\/wp\/v2\/product_tag?post=116343"}],"curies":[{"name":"wp","href":"https:\/\/api.w.org\/{rel}","templated":true}]}}