{"id":116336,"date":"2025-11-30T23:17:33","date_gmt":"2025-11-30T22:17:33","guid":{"rendered":"https:\/\/nimedixmedical.com\/notre-catalogue\/emetteur-de-donnees-systeme-de-monitorage-glucose-24-heures\/"},"modified":"2026-01-12T15:57:42","modified_gmt":"2026-01-12T14:57:42","slug":"emetteur-de-donnees-systeme-de-monitorage-glucose-24-heures","status":"publish","type":"product","link":"https:\/\/nimedixmedical.com\/fr\/notre-catalogue\/emetteur-de-donnees-systeme-de-monitorage-glucose-24-heures\/","title":{"rendered":"\u00c9metteur de Donn\u00e9es Syst\u00e8me de Monitorage Glucose 24 Heures"},"content":{"rendered":"<p>Le syst\u00e8me de monitorage de la glyc\u00e9mie 24 heures est con\u00e7u pour les adultes diab\u00e9tiques souhaitant un suivi pr\u00e9cis et continu de leurs niveaux de glucose. Gr\u00e2ce \u00e0 une technologie innovante, il permet d&#8217;analyser les tendances glyc\u00e9miques et de prendre des d\u00e9cisions \u00e9clair\u00e9es pour une meilleure gestion de la maladie.<\/p>\n<h2>Caract\u00e9ristiques<\/h2>\n<ul>\n<li>Dur\u00e9e d&#8217;utilisation : 2 ans.<\/li>\n<li>Capteur portable fonctionnant par r\u00e9actions \u00e9lectrochimiques.<\/li>\n<li>Transmission des donn\u00e9es \u00e0 l&#8217;Appli POCTech CGM App.<\/li>\n<li>Mesures toutes les 3 minutes pendant un maximum de 10 jours.<\/li>\n<li>\u00c9lectrode flexible et indolore, brevet\u00e9e pour une sensibilit\u00e9 accrue.<\/li>\n<li>IPX7 : r\u00e9sistant \u00e0 l&#8217;eau.<\/li>\n<li>Alerte de glucose bas int\u00e9gr\u00e9e.<\/li>\n<li>Exactitude garantie pendant 10 jours avec une MARD plus basse.<\/li>\n<\/ul>\n<h2>Livraison<\/h2>\n<ul>\n<li><strong>France :<\/strong> Livraison directe.<\/li>\n<li><strong>Export (Europe et Afrique) :<\/strong> Sur devis.<\/li>\n<\/ul>\n","protected":false},"excerpt":{"rendered":"<ul>\n<li>Surveillance continue de la glyc\u00e9mie pour les adultes diab\u00e9tiques.<\/li>\n<li>Transmetteur de donn\u00e9es avec un suivi en temps r\u00e9el toutes les 3 minutes.<\/li>\n<li>Facilit\u00e9 d&#8217;utilisation avec une \u00e9lectrode flexible et indolore.<\/li>\n<li>Alertes de glucose bas pour g\u00e9rer les risques d&#8217;hypoglyc\u00e9mie.<\/li>\n<\/ul>\n","protected":false},"featured_media":116337,"comment_status":"open","ping_status":"open","template":"","meta":{"inline_featured_image":false},"product_brand":[],"product_cat":[1287,1301,1298],"product_tag":[],"class_list":{"0":"post-116336","1":"product","2":"type-product","3":"status-publish","4":"has-post-thumbnail","6":"product_cat-diagnostics-laboratoire","7":"product_cat-glucometres-et-accessoires","8":"product_cat-glucometres-et-multicare","10":"first","11":"instock","12":"sale","13":"taxable","14":"shipping-taxable","15":"purchasable","16":"product-type-simple"},"_links":{"self":[{"href":"https:\/\/nimedixmedical.com\/fr\/wp-json\/wp\/v2\/product\/116336","targetHints":{"allow":["GET"]}}],"collection":[{"href":"https:\/\/nimedixmedical.com\/fr\/wp-json\/wp\/v2\/product"}],"about":[{"href":"https:\/\/nimedixmedical.com\/fr\/wp-json\/wp\/v2\/types\/product"}],"replies":[{"embeddable":true,"href":"https:\/\/nimedixmedical.com\/fr\/wp-json\/wp\/v2\/comments?post=116336"}],"wp:featuredmedia":[{"embeddable":true,"href":"https:\/\/nimedixmedical.com\/fr\/wp-json\/wp\/v2\/media\/116337"}],"wp:attachment":[{"href":"https:\/\/nimedixmedical.com\/fr\/wp-json\/wp\/v2\/media?parent=116336"}],"wp:term":[{"taxonomy":"product_brand","embeddable":true,"href":"https:\/\/nimedixmedical.com\/fr\/wp-json\/wp\/v2\/product_brand?post=116336"},{"taxonomy":"product_cat","embeddable":true,"href":"https:\/\/nimedixmedical.com\/fr\/wp-json\/wp\/v2\/product_cat?post=116336"},{"taxonomy":"product_tag","embeddable":true,"href":"https:\/\/nimedixmedical.com\/fr\/wp-json\/wp\/v2\/product_tag?post=116336"}],"curies":[{"name":"wp","href":"https:\/\/api.w.org\/{rel}","templated":true}]}}