{"id":116280,"date":"2025-11-30T23:16:22","date_gmt":"2025-11-30T22:16:22","guid":{"rendered":"https:\/\/nimedixmedical.com\/notre-catalogue\/aiguille-de-securite-arrondie-21g-lancettes-automatiques\/"},"modified":"2026-01-12T15:57:39","modified_gmt":"2026-01-12T14:57:39","slug":"aiguille-de-securite-arrondie-21g-lancettes-automatiques","status":"publish","type":"product","link":"https:\/\/nimedixmedical.com\/fr\/notre-catalogue\/aiguille-de-securite-arrondie-21g-lancettes-automatiques\/","title":{"rendered":"Aiguille de Securite Arrondie 21g &#8211; Lancettes Automatiques"},"content":{"rendered":"<p>Les lancettes automatiques de s\u00e9curit\u00e9 arrondies 21G sont sp\u00e9cialement con\u00e7ues pour effectuer des pr\u00e9l\u00e8vements sanguins capillaires en toute s\u00e9curit\u00e9 et confort. Elles r\u00e9pondent aux exigences des tests de glucose et autres analyses, tout en minimisant les risques de blessures.<\/p>\n<h2>Caract\u00e9ristiques<\/h2>\n<ul>\n<li>Lancettes de s\u00e9curit\u00e9 rondes pour un usage unique.<\/li>\n<li>Couleur : Jaune.<\/li>\n<li>Profondeur de p\u00e9n\u00e9tration : 2,2 mm.<\/li>\n<li>Calibre : 21G.<\/li>\n<li>Volume de sang pr\u00e9lev\u00e9 : 40-60 \u00b5I.<\/li>\n<li>Piq\u00fbre du doigt : Oui, adapt\u00e9e pour les tests de glucose et d&#8217;h\u00e9matocrite.<\/li>\n<li>M\u00e9canisme autodestructeur int\u00e9gr\u00e9 pour pr\u00e9venir la r\u00e9utilisation.<\/li>\n<li>Aucune contamination du sang, aiguille prot\u00e9g\u00e9e avant et apr\u00e8s usage.<\/li>\n<li>Bo\u00eete avec instructions multilingues (GB, FR, IT, ES, PT, DE, PL, CZ, SE, RO, SK, NL, DK, FI, EE, HR, HU, LT, LV, NO, SI, BG, RU, GR, Arabe).<\/li>\n<\/ul>\n<h2>Livraison<\/h2>\n<ul>\n<li><strong>France :<\/strong> Livraison directe.<\/li>\n<li><strong>Export (Europe et Afrique) :<\/strong> Sur devis.<\/li>\n<\/ul>\n","protected":false},"excerpt":{"rendered":"<ul>\n<li>Usage : Lancettes de s\u00e9curit\u00e9 pour pr\u00e9l\u00e8vements sanguins capillaires.<\/li>\n<li>B\u00e9n\u00e9fice : M\u00e9canisme autodestructeur pour \u00e9viter la r\u00e9utilisation et les blessures accidentelles.<\/li>\n<li>Confort : Profondeur de p\u00e9n\u00e9tration optimis\u00e9e \u00e0 2,2 mm pour un pr\u00e9l\u00e8vement efficace.<\/li>\n<li>St\u00e9rilit\u00e9 : Lancettes st\u00e9rilis\u00e9es par gamma, garantissant une longue dur\u00e9e de conservation.<\/li>\n<\/ul>\n","protected":false},"featured_media":116281,"comment_status":"open","ping_status":"open","template":"","meta":{"inline_featured_image":false},"product_brand":[],"product_cat":[1287,1298,1299],"product_tag":[],"class_list":{"0":"post-116280","1":"product","2":"type-product","3":"status-publish","4":"has-post-thumbnail","6":"product_cat-diagnostics-laboratoire","7":"product_cat-glucometres-et-multicare","8":"product_cat-lancettes","10":"first","11":"instock","12":"sale","13":"taxable","14":"shipping-taxable","15":"purchasable","16":"product-type-simple"},"_links":{"self":[{"href":"https:\/\/nimedixmedical.com\/fr\/wp-json\/wp\/v2\/product\/116280","targetHints":{"allow":["GET"]}}],"collection":[{"href":"https:\/\/nimedixmedical.com\/fr\/wp-json\/wp\/v2\/product"}],"about":[{"href":"https:\/\/nimedixmedical.com\/fr\/wp-json\/wp\/v2\/types\/product"}],"replies":[{"embeddable":true,"href":"https:\/\/nimedixmedical.com\/fr\/wp-json\/wp\/v2\/comments?post=116280"}],"wp:featuredmedia":[{"embeddable":true,"href":"https:\/\/nimedixmedical.com\/fr\/wp-json\/wp\/v2\/media\/116281"}],"wp:attachment":[{"href":"https:\/\/nimedixmedical.com\/fr\/wp-json\/wp\/v2\/media?parent=116280"}],"wp:term":[{"taxonomy":"product_brand","embeddable":true,"href":"https:\/\/nimedixmedical.com\/fr\/wp-json\/wp\/v2\/product_brand?post=116280"},{"taxonomy":"product_cat","embeddable":true,"href":"https:\/\/nimedixmedical.com\/fr\/wp-json\/wp\/v2\/product_cat?post=116280"},{"taxonomy":"product_tag","embeddable":true,"href":"https:\/\/nimedixmedical.com\/fr\/wp-json\/wp\/v2\/product_tag?post=116280"}],"curies":[{"name":"wp","href":"https:\/\/api.w.org\/{rel}","templated":true}]}}