{"id":116255,"date":"2025-11-30T23:16:22","date_gmt":"2025-11-30T22:16:22","guid":{"rendered":"https:\/\/nimedixmedical.com\/notre-catalogue\/aiguille-de-securite-carree-23g-lancettes-automatiques\/"},"modified":"2026-01-12T15:57:35","modified_gmt":"2026-01-12T14:57:35","slug":"aiguille-de-securite-carree-23g-lancettes-automatiques","status":"publish","type":"product","link":"https:\/\/nimedixmedical.com\/fr\/notre-catalogue\/aiguille-de-securite-carree-23g-lancettes-automatiques\/","title":{"rendered":"Aiguille de Securit\u00e9 Carr\u00e9e 23g &#8211; Lancettes Automatiques"},"content":{"rendered":"<p>Les lancettes automatiques de s\u00e9curit\u00e9 carr\u00e9es 23G sont con\u00e7ues pour r\u00e9pondre aux besoins de pr\u00e9l\u00e8vement de sang capillaire en toute s\u00e9curit\u00e9. Gr\u00e2ce \u00e0 leur m\u00e9canisme innovant, elles garantissent une utilisation sans risque et une hygi\u00e8ne irr\u00e9prochable lors des tests de glucose et d&#8217;h\u00e9matocrite.<\/p>\n<h2>Caract\u00e9ristiques<\/h2>\n<ul>\n<li>Lancettes de s\u00e9curit\u00e9 carr\u00e9es, couleur blanche.<\/li>\n<li>Profondeur de p\u00e9n\u00e9tration : 1,8 mm.<\/li>\n<li>Calibre : 23G, volume de sang : 20-40 \u00b5I.<\/li>\n<li>Piq\u00fbre du doigt, compatible pour tests de glucose et h\u00e9matocrite.<\/li>\n<li>Usage unique avec m\u00e9canisme autodestructeur pour \u00e9viter la r\u00e9utilisation.<\/li>\n<li>Aucune blessure accidentelle : aiguille cach\u00e9e avant et apr\u00e8s usage.<\/li>\n<li>St\u00e9rilisation garantie par gamma, protection de la pointe jusqu&#8217;\u00e0 utilisation.<\/li>\n<li>Aucune contamination du sang.<\/li>\n<\/ul>\n<h2>Livraison<\/h2>\n<ul>\n<li><strong>France :<\/strong> Livraison directe.<\/li>\n<li><strong>Export (Europe et Afrique) :<\/strong> Sur devis.<\/li>\n<\/ul>\n","protected":false},"excerpt":{"rendered":"<ul>\n<li>Usage : Lancettes de s\u00e9curit\u00e9 carr\u00e9es, id\u00e9ales pour la prise de sang capillaire.<\/li>\n<li>B\u00e9n\u00e9fice : M\u00e9canisme autodestructeur pour une utilisation unique, garantissant s\u00e9curit\u00e9 et hygi\u00e8ne.<\/li>\n<li>Protection : Aiguille cach\u00e9e avant et apr\u00e8s usage pour \u00e9viter les blessures accidentelles.<\/li>\n<li>St\u00e9rilit\u00e9 : St\u00e9rilis\u00e9es par gamma avec une longue dur\u00e9e de conservation.<\/li>\n<\/ul>\n","protected":false},"featured_media":116256,"comment_status":"open","ping_status":"open","template":"","meta":{"inline_featured_image":false},"product_brand":[],"product_cat":[1287,1298,1299],"product_tag":[],"class_list":{"0":"post-116255","1":"product","2":"type-product","3":"status-publish","4":"has-post-thumbnail","6":"product_cat-diagnostics-laboratoire","7":"product_cat-glucometres-et-multicare","8":"product_cat-lancettes","10":"first","11":"instock","12":"sale","13":"taxable","14":"shipping-taxable","15":"purchasable","16":"product-type-simple"},"_links":{"self":[{"href":"https:\/\/nimedixmedical.com\/fr\/wp-json\/wp\/v2\/product\/116255","targetHints":{"allow":["GET"]}}],"collection":[{"href":"https:\/\/nimedixmedical.com\/fr\/wp-json\/wp\/v2\/product"}],"about":[{"href":"https:\/\/nimedixmedical.com\/fr\/wp-json\/wp\/v2\/types\/product"}],"replies":[{"embeddable":true,"href":"https:\/\/nimedixmedical.com\/fr\/wp-json\/wp\/v2\/comments?post=116255"}],"wp:featuredmedia":[{"embeddable":true,"href":"https:\/\/nimedixmedical.com\/fr\/wp-json\/wp\/v2\/media\/116256"}],"wp:attachment":[{"href":"https:\/\/nimedixmedical.com\/fr\/wp-json\/wp\/v2\/media?parent=116255"}],"wp:term":[{"taxonomy":"product_brand","embeddable":true,"href":"https:\/\/nimedixmedical.com\/fr\/wp-json\/wp\/v2\/product_brand?post=116255"},{"taxonomy":"product_cat","embeddable":true,"href":"https:\/\/nimedixmedical.com\/fr\/wp-json\/wp\/v2\/product_cat?post=116255"},{"taxonomy":"product_tag","embeddable":true,"href":"https:\/\/nimedixmedical.com\/fr\/wp-json\/wp\/v2\/product_tag?post=116255"}],"curies":[{"name":"wp","href":"https:\/\/api.w.org\/{rel}","templated":true}]}}