{"id":116244,"date":"2025-11-30T23:16:22","date_gmt":"2025-11-30T22:16:22","guid":{"rendered":"https:\/\/nimedixmedical.com\/notre-catalogue\/aiguille-de-securite-g22-surgilance-lancettes-automatiques\/"},"modified":"2026-01-12T15:57:33","modified_gmt":"2026-01-12T14:57:33","slug":"aiguille-de-securite-g22-surgilance-lancettes-automatiques","status":"publish","type":"product","link":"https:\/\/nimedixmedical.com\/fr\/notre-catalogue\/aiguille-de-securite-g22-surgilance-lancettes-automatiques\/","title":{"rendered":"Aiguille de Securite G22 Surgilance &#8211; Lancettes Automatiques"},"content":{"rendered":"<p>Les lancettes automatiques de s\u00e9curit\u00e9 Surgilance\u2122 sont con\u00e7ues pour faciliter le pr\u00e9l\u00e8vement sanguin. Utilis\u00e9es dans le cadre de diagnostics m\u00e9dicaux, elles garantissent une m\u00e9thode plus s\u00fbre et moins douloureuse pour les patients, tout en \u00e9tant adapt\u00e9es \u00e0 diverses analyses comme le contr\u00f4le du glucose.<\/p>\n<h2>Caract\u00e9ristiques<\/h2>\n<ul>\n<li>Couleur : Orange<\/li>\n<li>Profondeur de p\u00e9n\u00e9tration : 21G et 22G<\/li>\n<li>Volume de sang pr\u00e9lev\u00e9 : 20-40 \u00b5l<\/li>\n<li>Piq\u00fbre du doigt : Oui, pour analyses de glucose et h\u00e9matocrite<\/li>\n<li>Syst\u00e8me de s\u00e9curit\u00e9 : Lancette inop\u00e9rante apr\u00e8s usage<\/li>\n<li>Mat\u00e9riaux : Sans latex, hypoallerg\u00e9nique, jetable et st\u00e9rile<\/li>\n<li>Langues : Bo\u00eete multilingue (GB, FR, IT, ES, DE, PT, NL, SE, DK, RU, GR)<\/li>\n<\/ul>\n<h2>Livraison<\/h2>\n<ul>\n<li><strong>France :<\/strong> Livraison directe.<\/li>\n<li><strong>Export (Europe et Afrique) :<\/strong> Sur devis.<\/li>\n<\/ul>\n","protected":false},"excerpt":{"rendered":"<ul>\n<li>Usage : Lancettes automatiques de s\u00e9curit\u00e9 pour pr\u00e9l\u00e8vements sanguins capillaires.<\/li>\n<li>B\u00e9n\u00e9fice : Moins douloureux et plus s\u00fbr gr\u00e2ce \u00e0 un syst\u00e8me inop\u00e9rant apr\u00e8s usage.<\/li>\n<li>Caract\u00e9ristiques : Hypoallerg\u00e9niques, jetables et st\u00e9riles, adapt\u00e9es pour analyses de glucose et h\u00e9matocrite.<\/li>\n<li>Simplicit\u00e9 : M\u00e9thode de propulsion rapide minimisant la douleur et le risque d&#8217;erreur.<\/li>\n<\/ul>\n","protected":false},"featured_media":116245,"comment_status":"open","ping_status":"open","template":"","meta":{"inline_featured_image":false},"product_brand":[],"product_cat":[1287,1298,1299],"product_tag":[],"class_list":{"0":"post-116244","1":"product","2":"type-product","3":"status-publish","4":"has-post-thumbnail","6":"product_cat-diagnostics-laboratoire","7":"product_cat-glucometres-et-multicare","8":"product_cat-lancettes","10":"first","11":"instock","12":"sale","13":"taxable","14":"shipping-taxable","15":"purchasable","16":"product-type-simple"},"_links":{"self":[{"href":"https:\/\/nimedixmedical.com\/fr\/wp-json\/wp\/v2\/product\/116244","targetHints":{"allow":["GET"]}}],"collection":[{"href":"https:\/\/nimedixmedical.com\/fr\/wp-json\/wp\/v2\/product"}],"about":[{"href":"https:\/\/nimedixmedical.com\/fr\/wp-json\/wp\/v2\/types\/product"}],"replies":[{"embeddable":true,"href":"https:\/\/nimedixmedical.com\/fr\/wp-json\/wp\/v2\/comments?post=116244"}],"wp:featuredmedia":[{"embeddable":true,"href":"https:\/\/nimedixmedical.com\/fr\/wp-json\/wp\/v2\/media\/116245"}],"wp:attachment":[{"href":"https:\/\/nimedixmedical.com\/fr\/wp-json\/wp\/v2\/media?parent=116244"}],"wp:term":[{"taxonomy":"product_brand","embeddable":true,"href":"https:\/\/nimedixmedical.com\/fr\/wp-json\/wp\/v2\/product_brand?post=116244"},{"taxonomy":"product_cat","embeddable":true,"href":"https:\/\/nimedixmedical.com\/fr\/wp-json\/wp\/v2\/product_cat?post=116244"},{"taxonomy":"product_tag","embeddable":true,"href":"https:\/\/nimedixmedical.com\/fr\/wp-json\/wp\/v2\/product_tag?post=116244"}],"curies":[{"name":"wp","href":"https:\/\/api.w.org\/{rel}","templated":true}]}}