{"id":116112,"date":"2025-11-30T23:13:53","date_gmt":"2025-11-30T22:13:53","guid":{"rendered":"https:\/\/nimedixmedical.com\/notre-catalogue\/test-midstream-salivaire-multidrogues-6-drogues-et-alcool-professionnel\/"},"modified":"2026-01-12T15:56:56","modified_gmt":"2026-01-12T14:56:56","slug":"test-midstream-salivaire-multidrogues-6-drogues-et-alcool-professionnel","status":"publish","type":"product","link":"https:\/\/nimedixmedical.com\/fr\/notre-catalogue\/test-midstream-salivaire-multidrogues-6-drogues-et-alcool-professionnel\/","title":{"rendered":"Test Midstream Salivaire Multidrogues (6 Drogues) et Alcool &#8211; Professionnel"},"content":{"rendered":"<p>Le TEST MIDSTREAM SALIVAIRE MULTIDROGUES et ALCOOL est un outil essentiel pour les professionnels de la sant\u00e9 et des ressources humaines, permettant une d\u00e9tection rapide et fiable des drogues et de l&#8217;alcool dans le fluide buccal. Dot\u00e9 d&#8217;une technologie avanc\u00e9e, il garantit des r\u00e9sultats pr\u00e9cis en quelques minutes.<\/p>\n<h2>Caract\u00e9ristiques<\/h2>\n<ul>\n<li>Test rapide pour la d\u00e9tection de 6 drogues (Opiac\u00e9s, Coca\u00efne, Amph\u00e9tamine, Oxycodone, M\u00e9thamph\u00e9tamine, Marijuana) et d&#8217;alcool.<\/li>\n<li>R\u00e9sultats visibles en 3 \u00e0 10 minutes.<\/li>\n<li>Utilisation d&#8217;anticorps monoclonaux pour une d\u00e9tection pr\u00e9cise.<\/li>\n<li>Dur\u00e9e de conservation maximale de 22 mois.<\/li>\n<li>Mode d&#8217;emploi disponible en plusieurs langues (GB, FR, IT, ES).<\/li>\n<\/ul>\n<h2>Livraison<\/h2>\n<ul>\n<li><strong>France :<\/strong> Livraison directe.<\/li>\n<li><strong>Export (Europe et Afrique) :<\/strong> Sur devis.<\/li>\n<\/ul>\n","protected":false},"excerpt":{"rendered":"<ul>\n<li>Usage professionnel : id\u00e9al pour les tests de d\u00e9pistage en milieu m\u00e9dical ou professionnel.<\/li>\n<li>R\u00e9sultats rapides : d\u00e9tection des drogues et de l&#8217;alcool en 3 \u00e0 10 minutes.<\/li>\n<li>Multiparam\u00e9trique : analyse simultan\u00e9e de 6 drogues et de l&#8217;alcool.<\/li>\n<li>Conservation facile : temp\u00e9rature de stockage entre 2 et 30\u00b0C.<\/li>\n<\/ul>\n","protected":false},"featured_media":116113,"comment_status":"open","ping_status":"open","template":"","meta":{"inline_featured_image":false},"product_brand":[],"product_cat":[1293,1287,1288],"product_tag":[],"class_list":{"0":"post-116112","1":"product","2":"type-product","3":"status-publish","4":"has-post-thumbnail","6":"product_cat-bandelettes-et-appareils-de-depistage-de-drogues","7":"product_cat-diagnostics-laboratoire","8":"product_cat-tests-de-diagnostic-appareils-et-bandelettes","10":"first","11":"instock","12":"sale","13":"taxable","14":"shipping-taxable","15":"purchasable","16":"product-type-simple"},"_links":{"self":[{"href":"https:\/\/nimedixmedical.com\/fr\/wp-json\/wp\/v2\/product\/116112","targetHints":{"allow":["GET"]}}],"collection":[{"href":"https:\/\/nimedixmedical.com\/fr\/wp-json\/wp\/v2\/product"}],"about":[{"href":"https:\/\/nimedixmedical.com\/fr\/wp-json\/wp\/v2\/types\/product"}],"replies":[{"embeddable":true,"href":"https:\/\/nimedixmedical.com\/fr\/wp-json\/wp\/v2\/comments?post=116112"}],"wp:featuredmedia":[{"embeddable":true,"href":"https:\/\/nimedixmedical.com\/fr\/wp-json\/wp\/v2\/media\/116113"}],"wp:attachment":[{"href":"https:\/\/nimedixmedical.com\/fr\/wp-json\/wp\/v2\/media?parent=116112"}],"wp:term":[{"taxonomy":"product_brand","embeddable":true,"href":"https:\/\/nimedixmedical.com\/fr\/wp-json\/wp\/v2\/product_brand?post=116112"},{"taxonomy":"product_cat","embeddable":true,"href":"https:\/\/nimedixmedical.com\/fr\/wp-json\/wp\/v2\/product_cat?post=116112"},{"taxonomy":"product_tag","embeddable":true,"href":"https:\/\/nimedixmedical.com\/fr\/wp-json\/wp\/v2\/product_tag?post=116112"}],"curies":[{"name":"wp","href":"https:\/\/api.w.org\/{rel}","templated":true}]}}