{"id":116061,"date":"2025-11-30T23:13:01","date_gmt":"2025-11-30T22:13:01","guid":{"rendered":"https:\/\/nimedixmedical.com\/notre-catalogue\/test-strep-a-appareil\/"},"modified":"2026-02-20T13:20:36","modified_gmt":"2026-02-20T12:20:36","slug":"test-strep-a-appareil","status":"publish","type":"product","link":"https:\/\/nimedixmedical.com\/fr\/notre-catalogue\/test-strep-a-appareil\/","title":{"rendered":"Test Strep-a &#8211; Appareil"},"content":{"rendered":"<p>Le TEST STREP-A est un appareil de diagnostic destin\u00e9 \u00e0 la d\u00e9tection rapide de l&#8217;angine streptococcique. Gr\u00e2ce \u00e0 sa proc\u00e9dure simplifi\u00e9e, il permet aux professionnels de sant\u00e9 de prendre des d\u00e9cisions claires et rapides concernant le traitement des patients.<\/p>\n<h2>Caract\u00e9ristiques<\/h2>\n<ul>\n<li>R\u00e9sultats qualitatifs en quelques minutes.<\/li>\n<li>Relative sensibilit\u00e9 de 95.1% et sp\u00e9cificit\u00e9 de 97.8%.<\/li>\n<li>Livr\u00e9 avec 20 lecteurs, 2 r\u00e9actifs, et \u00e9couvillons st\u00e9riles.<\/li>\n<li>Mode d&#8217;emploi multilingue et solution de contr\u00f4le inclus.<\/li>\n<li>R\u00e9actifs stables durant toute la dur\u00e9e de conservation.<\/li>\n<\/ul>\n<h2>Livraison<\/h2>\n<ul>\n<li><strong>France :<\/strong> Livraison directe.<\/li>\n<li><strong>Export (Europe et Afrique) :<\/strong> Sur devis.<\/li>\n<\/ul>\n","protected":false},"excerpt":{"rendered":"<ul>\n<li>Test rapide pour le diagnostic de l&#8217;angine streptococcique.<\/li>\n<li>R\u00e9sultats fiables en moins de 5 minutes.<\/li>\n<li>Proc\u00e9dure simple avec r\u00e9actifs stables.<\/li>\n<li>Kit complet avec lecteurs et \u00e9couvillons st\u00e9riles inclus.<\/li>\n<\/ul>\n","protected":false},"featured_media":116062,"comment_status":"open","ping_status":"closed","template":"","meta":{"inline_featured_image":false},"product_brand":[],"product_cat":[1291,1287,1288],"product_tag":[],"class_list":{"0":"post-116061","1":"product","2":"type-product","3":"status-publish","4":"has-post-thumbnail","6":"product_cat-bandelettes-et-appareils-de-diagnostic-pour-utilisation-professionnelle","7":"product_cat-diagnostics-laboratoire","8":"product_cat-tests-de-diagnostic-appareils-et-bandelettes","10":"first","11":"instock","12":"sale","13":"taxable","14":"shipping-taxable","15":"purchasable","16":"product-type-simple"},"_links":{"self":[{"href":"https:\/\/nimedixmedical.com\/fr\/wp-json\/wp\/v2\/product\/116061","targetHints":{"allow":["GET"]}}],"collection":[{"href":"https:\/\/nimedixmedical.com\/fr\/wp-json\/wp\/v2\/product"}],"about":[{"href":"https:\/\/nimedixmedical.com\/fr\/wp-json\/wp\/v2\/types\/product"}],"replies":[{"embeddable":true,"href":"https:\/\/nimedixmedical.com\/fr\/wp-json\/wp\/v2\/comments?post=116061"}],"wp:featuredmedia":[{"embeddable":true,"href":"https:\/\/nimedixmedical.com\/fr\/wp-json\/wp\/v2\/media\/116062"}],"wp:attachment":[{"href":"https:\/\/nimedixmedical.com\/fr\/wp-json\/wp\/v2\/media?parent=116061"}],"wp:term":[{"taxonomy":"product_brand","embeddable":true,"href":"https:\/\/nimedixmedical.com\/fr\/wp-json\/wp\/v2\/product_brand?post=116061"},{"taxonomy":"product_cat","embeddable":true,"href":"https:\/\/nimedixmedical.com\/fr\/wp-json\/wp\/v2\/product_cat?post=116061"},{"taxonomy":"product_tag","embeddable":true,"href":"https:\/\/nimedixmedical.com\/fr\/wp-json\/wp\/v2\/product_tag?post=116061"}],"curies":[{"name":"wp","href":"https:\/\/api.w.org\/{rel}","templated":true}]}}