{"id":115983,"date":"2025-11-30T23:11:15","date_gmt":"2025-11-30T22:11:15","guid":{"rendered":"https:\/\/nimedixmedical.com\/notre-catalogue\/remede-pour-piqures-dinsectes\/"},"modified":"2026-01-12T15:56:22","modified_gmt":"2026-01-12T14:56:22","slug":"remede-pour-piqures-dinsectes","status":"publish","type":"product","link":"https:\/\/nimedixmedical.com\/fr\/notre-catalogue\/remede-pour-piqures-dinsectes\/","title":{"rendered":"Rem\u00e8de pour Piq\u00fbres D&#8217;insectes"},"content":{"rendered":"<p>Le rem\u00e8de pour piq\u00fbres d&#8217;insectes est un dispositif m\u00e9dical innovant, id\u00e9al pour apaiser les d\u00e9sagr\u00e9ments caus\u00e9s par les piq\u00fbres d&#8217;insectes. Con\u00e7u pour une utilisation s\u00e9curis\u00e9e, il aide \u00e0 diminuer l&#8217;inconfort et acc\u00e9l\u00e8re la cicatrisation des zones touch\u00e9es.<\/p>\n<h2>Caract\u00e9ristiques<\/h2>\n<ul>\n<li>Transmet de la chaleur pour soulager les d\u00e9mangeaisons, le gonflement et l&#8217;inflammation.<\/li>\n<li>Double interrupteur de protection contre le surchauffage pour \u00e9viter les br\u00fblures cutan\u00e9es.<\/li>\n<li>Deux modes de fonctionnement avec trois niveaux de temp\u00e9rature r\u00e9glables.<\/li>\n<li>Indicateurs lumineux pour le niveau de temp\u00e9rature et l&#8217;\u00e9tat de la batterie.<\/li>\n<li>Dispositif d\u00e9licat sur la peau et sans substances chimiques ajout\u00e9es.<\/li>\n<li>Inclus : C\u00e2ble USB et mode d&#8217;emploi en plusieurs langues (FR, GB, IT, ES, DE, PL).<\/li>\n<\/ul>\n<h2>Livraison<\/h2>\n<ul>\n<li><strong>France :<\/strong> Livraison directe.<\/li>\n<li><strong>Export (Europe et Afrique) :<\/strong> Sur devis.<\/li>\n<\/ul>\n","protected":false},"excerpt":{"rendered":"<ul>\n<li>Usage : Soulage les d\u00e9mangeaisons et l&#8217;inflammation caus\u00e9es par les piq\u00fbres d&#8217;insectes.<\/li>\n<li>B\u00e9n\u00e9fice : R\u00e9duit la douleur et favorise la gu\u00e9rison gr\u00e2ce \u00e0 l&#8217;application de chaleur cibl\u00e9e.<\/li>\n<li>Pratique : Compact et portable, id\u00e9al pour une utilisation \u00e0 domicile ou en ext\u00e9rieur.<\/li>\n<li>S\u00e9curis\u00e9 : \u00c9quip\u00e9 d&#8217;un double interrupteur pour \u00e9viter les br\u00fblures et de plusieurs niveaux de temp\u00e9rature.<\/li>\n<\/ul>\n","protected":false},"featured_media":115984,"comment_status":"open","ping_status":"open","template":"","meta":{"inline_featured_image":false},"product_brand":[],"product_cat":[1285,1236],"product_tag":[],"class_list":{"0":"post-115983","1":"product","2":"type-product","3":"status-publish","4":"has-post-thumbnail","6":"product_cat-appareils-contre-les-morsures-dinsectes-ou-danimaux-venimeux","7":"product_cat-soins-et-pharmacie","9":"first","10":"outofstock","11":"sale","12":"taxable","13":"shipping-taxable","14":"purchasable","15":"product-type-simple"},"_links":{"self":[{"href":"https:\/\/nimedixmedical.com\/fr\/wp-json\/wp\/v2\/product\/115983","targetHints":{"allow":["GET"]}}],"collection":[{"href":"https:\/\/nimedixmedical.com\/fr\/wp-json\/wp\/v2\/product"}],"about":[{"href":"https:\/\/nimedixmedical.com\/fr\/wp-json\/wp\/v2\/types\/product"}],"replies":[{"embeddable":true,"href":"https:\/\/nimedixmedical.com\/fr\/wp-json\/wp\/v2\/comments?post=115983"}],"wp:featuredmedia":[{"embeddable":true,"href":"https:\/\/nimedixmedical.com\/fr\/wp-json\/wp\/v2\/media\/115984"}],"wp:attachment":[{"href":"https:\/\/nimedixmedical.com\/fr\/wp-json\/wp\/v2\/media?parent=115983"}],"wp:term":[{"taxonomy":"product_brand","embeddable":true,"href":"https:\/\/nimedixmedical.com\/fr\/wp-json\/wp\/v2\/product_brand?post=115983"},{"taxonomy":"product_cat","embeddable":true,"href":"https:\/\/nimedixmedical.com\/fr\/wp-json\/wp\/v2\/product_cat?post=115983"},{"taxonomy":"product_tag","embeddable":true,"href":"https:\/\/nimedixmedical.com\/fr\/wp-json\/wp\/v2\/product_tag?post=115983"}],"curies":[{"name":"wp","href":"https:\/\/api.w.org\/{rel}","templated":true}]}}