{"id":115943,"date":"2025-11-30T23:11:15","date_gmt":"2025-11-30T22:11:15","guid":{"rendered":"https:\/\/nimedixmedical.com\/notre-catalogue\/bas-autofixants-longueur-60-70-medium\/"},"modified":"2026-01-12T15:56:09","modified_gmt":"2026-01-12T14:56:09","slug":"bas-autofixants-longueur-60-70-medium","status":"publish","type":"product","link":"https:\/\/nimedixmedical.com\/fr\/notre-catalogue\/bas-autofixants-longueur-60-70-medium\/","title":{"rendered":"Bas Autofixants Longueur 60-70 &#8211; Medium"},"content":{"rendered":"<p>Les bas autofixants anti-thrombose sont con\u00e7us pour pr\u00e9venir les thromboembolies avant, pendant et apr\u00e8s les interventions chirurgicales. Gr\u00e2ce \u00e0 leur compression gradu\u00e9e, ils favorisent la circulation sanguine et r\u00e9duisent le risque de complications thromboemboliques.<\/p>\n<h2>Caract\u00e9ristiques<\/h2>\n<ul>\n<li>Taille : Medium<\/li>\n<li>Longueur : 60-70 cm<\/li>\n<li>Compression : 18-20 mm\/Hg \u00e0 la cheville<\/li>\n<li>Composition : 82% polyamide, 18% \u00e9lasthane<\/li>\n<li>Tissu tr\u00e8s doux, \u00e9lastique et hypoallerg\u00e9nique (sans latex)<\/li>\n<li>Trou d&#8217;inspection sur le dessus du pied<\/li>\n<li>Talon anatomique pour un meilleur confort<\/li>\n<li>Made in Italy<\/li>\n<\/ul>\n<h2>Livraison<\/h2>\n<ul>\n<li><strong>France :<\/strong> Livraison directe.<\/li>\n<li><strong>Export (Europe et Afrique) :<\/strong> Sur devis.<\/li>\n<\/ul>\n","protected":false},"excerpt":{"rendered":"<ul>\n<li>Usage : Pr\u00e9vention de la thromboembolie li\u00e9e \u00e0 la chirurgie.<\/li>\n<li>B\u00e9n\u00e9fice : Compression gradu\u00e9e pour r\u00e9duire le risque de formation de thrombus.<\/li>\n<li>Confort : Tissu doux et hypoallerg\u00e9nique, sans latex.<\/li>\n<li>Praticit\u00e9 : Trou d&#8217;inspection pour un suivi m\u00e9dical facilit\u00e9.<\/li>\n<\/ul>\n","protected":false},"featured_media":115933,"comment_status":"open","ping_status":"open","template":"","meta":{"inline_featured_image":false},"product_brand":[],"product_cat":[1284,1282,1236],"product_tag":[],"class_list":{"0":"post-115943","1":"product","2":"type-product","3":"status-publish","4":"has-post-thumbnail","6":"product_cat-bas-de-contention-elastiques-anti-thrombose","7":"product_cat-chaussettes-bas-et-collants-de-compression","8":"product_cat-soins-et-pharmacie","10":"first","11":"instock","12":"sale","13":"taxable","14":"shipping-taxable","15":"purchasable","16":"product-type-simple"},"_links":{"self":[{"href":"https:\/\/nimedixmedical.com\/fr\/wp-json\/wp\/v2\/product\/115943","targetHints":{"allow":["GET"]}}],"collection":[{"href":"https:\/\/nimedixmedical.com\/fr\/wp-json\/wp\/v2\/product"}],"about":[{"href":"https:\/\/nimedixmedical.com\/fr\/wp-json\/wp\/v2\/types\/product"}],"replies":[{"embeddable":true,"href":"https:\/\/nimedixmedical.com\/fr\/wp-json\/wp\/v2\/comments?post=115943"}],"wp:featuredmedia":[{"embeddable":true,"href":"https:\/\/nimedixmedical.com\/fr\/wp-json\/wp\/v2\/media\/115933"}],"wp:attachment":[{"href":"https:\/\/nimedixmedical.com\/fr\/wp-json\/wp\/v2\/media?parent=115943"}],"wp:term":[{"taxonomy":"product_brand","embeddable":true,"href":"https:\/\/nimedixmedical.com\/fr\/wp-json\/wp\/v2\/product_brand?post=115943"},{"taxonomy":"product_cat","embeddable":true,"href":"https:\/\/nimedixmedical.com\/fr\/wp-json\/wp\/v2\/product_cat?post=115943"},{"taxonomy":"product_tag","embeddable":true,"href":"https:\/\/nimedixmedical.com\/fr\/wp-json\/wp\/v2\/product_tag?post=115943"}],"curies":[{"name":"wp","href":"https:\/\/api.w.org\/{rel}","templated":true}]}}