{"id":115941,"date":"2025-11-30T23:11:15","date_gmt":"2025-11-30T22:11:15","guid":{"rendered":"https:\/\/nimedixmedical.com\/notre-catalogue\/bas-autofixants-longueur-60-70-x-large\/"},"modified":"2026-01-12T15:56:07","modified_gmt":"2026-01-12T14:56:07","slug":"bas-autofixants-longueur-60-70-x-large","status":"publish","type":"product","link":"https:\/\/nimedixmedical.com\/fr\/notre-catalogue\/bas-autofixants-longueur-60-70-x-large\/","title":{"rendered":"Bas Autofixants Longueur 60-70 &#8211; X-large"},"content":{"rendered":"<p>Les bas autofixants anti-thrombose X-Large (60-70 cm) sont con\u00e7us pour pr\u00e9venir les thromboembolies avant, pendant et apr\u00e8s la chirurgie. Gr\u00e2ce \u00e0 leur compression gradu\u00e9e, ils favorisent la circulation sanguine et r\u00e9duisent le risque de formation de thrombus.<\/p>\n<h2>Caract\u00e9ristiques<\/h2>\n<ul>\n<li>Taille : X-Large<\/li>\n<li>Longueur : 60-70 cm<\/li>\n<li>Compression : 18-20 mm\/Hg \u00e0 la cheville<\/li>\n<li>Composition : 82% polyamide, 18% \u00e9lasthane<\/li>\n<li>Tissu tr\u00e8s doux, \u00e9lastique et hypoallerg\u00e9nique (sans latex)<\/li>\n<li>Trou d&#8217;inspection sur le dessus du pied<\/li>\n<li>Made in Italy<\/li>\n<\/ul>\n<h2>Livraison<\/h2>\n<ul>\n<li><strong>France :<\/strong> Livraison directe.<\/li>\n<li><strong>Export (Europe et Afrique) :<\/strong> Sur devis.<\/li>\n<\/ul>\n","protected":false},"excerpt":{"rendered":"<ul>\n<li>Bas anti-thrombose avec trou d&#8217;inspection pour une v\u00e9rification facile.<\/li>\n<li>Compression gradu\u00e9e de 18-20 mm\/Hg, id\u00e9ale pour la pr\u00e9vention des thromboembolies.<\/li>\n<li>Tissu doux et hypoallerg\u00e9nique, sans latex, offrant un confort optimal.<\/li>\n<li>Design anatomique avec talon pour un ajustement parfait.<\/li>\n<\/ul>\n","protected":false},"featured_media":115933,"comment_status":"open","ping_status":"open","template":"","meta":{"inline_featured_image":false},"product_brand":[],"product_cat":[1284,1282,1236],"product_tag":[],"class_list":{"0":"post-115941","1":"product","2":"type-product","3":"status-publish","4":"has-post-thumbnail","6":"product_cat-bas-de-contention-elastiques-anti-thrombose","7":"product_cat-chaussettes-bas-et-collants-de-compression","8":"product_cat-soins-et-pharmacie","10":"first","11":"instock","12":"sale","13":"taxable","14":"shipping-taxable","15":"purchasable","16":"product-type-simple"},"_links":{"self":[{"href":"https:\/\/nimedixmedical.com\/fr\/wp-json\/wp\/v2\/product\/115941","targetHints":{"allow":["GET"]}}],"collection":[{"href":"https:\/\/nimedixmedical.com\/fr\/wp-json\/wp\/v2\/product"}],"about":[{"href":"https:\/\/nimedixmedical.com\/fr\/wp-json\/wp\/v2\/types\/product"}],"replies":[{"embeddable":true,"href":"https:\/\/nimedixmedical.com\/fr\/wp-json\/wp\/v2\/comments?post=115941"}],"wp:featuredmedia":[{"embeddable":true,"href":"https:\/\/nimedixmedical.com\/fr\/wp-json\/wp\/v2\/media\/115933"}],"wp:attachment":[{"href":"https:\/\/nimedixmedical.com\/fr\/wp-json\/wp\/v2\/media?parent=115941"}],"wp:term":[{"taxonomy":"product_brand","embeddable":true,"href":"https:\/\/nimedixmedical.com\/fr\/wp-json\/wp\/v2\/product_brand?post=115941"},{"taxonomy":"product_cat","embeddable":true,"href":"https:\/\/nimedixmedical.com\/fr\/wp-json\/wp\/v2\/product_cat?post=115941"},{"taxonomy":"product_tag","embeddable":true,"href":"https:\/\/nimedixmedical.com\/fr\/wp-json\/wp\/v2\/product_tag?post=115941"}],"curies":[{"name":"wp","href":"https:\/\/api.w.org\/{rel}","templated":true}]}}