{"id":115880,"date":"2025-11-30T23:09:01","date_gmt":"2025-11-30T22:09:01","guid":{"rendered":"https:\/\/nimedixmedical.com\/notre-catalogue\/serviette-pour-incontinence-soffisof-classic-incontinence-moderee-moyen\/"},"modified":"2026-01-12T15:55:24","modified_gmt":"2026-01-12T14:55:24","slug":"serviette-pour-incontinence-soffisof-classic-incontinence-moderee-moyen","status":"publish","type":"product","link":"https:\/\/nimedixmedical.com\/fr\/notre-catalogue\/serviette-pour-incontinence-soffisof-classic-incontinence-moderee-moyen\/","title":{"rendered":"Serviette pour Incontinence Soffisof Classic &#8211; Incontinence Moder\u00e9e &#8211; Moyen"},"content":{"rendered":"<p>Les couches SOFFISOF CLASSIC sont sp\u00e9cialement con\u00e7ues pour les personnes souffrant d&#8217;incontinence mod\u00e9r\u00e9e. Elles allient confort, s\u00e9curit\u00e9 et efficacit\u00e9, garantissant une protection discr\u00e8te tout au long de la journ\u00e9e.<\/p>\n<h2>Caract\u00e9ristiques<\/h2>\n<ul>\n<li>Taille : Medium (circonf\u00e9rence 70-110 cm).<\/li>\n<li>Forme anatomique avec bandes de fixation repositionnables.<\/li>\n<li>Mat\u00e9riaux : Cellulose 100% certifi\u00e9e PEFC, polym\u00e8res superabsorbants.<\/li>\n<li>Couche ext\u00e9rieure imperm\u00e9able et transpirante pour r\u00e9duire les irritations.<\/li>\n<li>Hypoallerg\u00e9niques et avec contr\u00f4le des odeurs.<\/li>\n<li>Indicateur d&#8217;humidit\u00e9 \u00e0 affadissement progressif.<\/li>\n<li>Pack multilingue : GB, FR, IT, ES, DE, PT, Arabe.<\/li>\n<li>Made in Italy.<\/li>\n<\/ul>\n<h2>Livraison<\/h2>\n<ul>\n<li><strong>France :<\/strong> Livraison directe.<\/li>\n<li><strong>Export (Europe et Afrique) :<\/strong> Sur devis.<\/li>\n<\/ul>\n","protected":false},"excerpt":{"rendered":"<ul>\n<li>Usage : Couches pour incontinence mod\u00e9r\u00e9e adapt\u00e9es pour le jour.<\/li>\n<li>B\u00e9n\u00e9fice : Confort optimal et s\u00e9curit\u00e9 gr\u00e2ce \u00e0 des bandes de fixation repositionnables.<\/li>\n<li>Protection : Hypoallerg\u00e9niques et dermo-protectrices pour \u00e9viter les irritations.<\/li>\n<li>Praticit\u00e9 : Indicateur d&#8217;humidit\u00e9 pour signaler le moment de la substitution.<\/li>\n<\/ul>\n","protected":false},"featured_media":115881,"comment_status":"open","ping_status":"open","template":"","meta":{"inline_featured_image":false},"product_brand":[],"product_cat":[1281,1236],"product_tag":[],"class_list":{"0":"post-115880","1":"product","2":"type-product","3":"status-publish","4":"has-post-thumbnail","6":"product_cat-couches-et-draps-pour-incontinence","7":"product_cat-soins-et-pharmacie","9":"first","10":"instock","11":"sale","12":"taxable","13":"shipping-taxable","14":"purchasable","15":"product-type-simple"},"_links":{"self":[{"href":"https:\/\/nimedixmedical.com\/fr\/wp-json\/wp\/v2\/product\/115880","targetHints":{"allow":["GET"]}}],"collection":[{"href":"https:\/\/nimedixmedical.com\/fr\/wp-json\/wp\/v2\/product"}],"about":[{"href":"https:\/\/nimedixmedical.com\/fr\/wp-json\/wp\/v2\/types\/product"}],"replies":[{"embeddable":true,"href":"https:\/\/nimedixmedical.com\/fr\/wp-json\/wp\/v2\/comments?post=115880"}],"wp:featuredmedia":[{"embeddable":true,"href":"https:\/\/nimedixmedical.com\/fr\/wp-json\/wp\/v2\/media\/115881"}],"wp:attachment":[{"href":"https:\/\/nimedixmedical.com\/fr\/wp-json\/wp\/v2\/media?parent=115880"}],"wp:term":[{"taxonomy":"product_brand","embeddable":true,"href":"https:\/\/nimedixmedical.com\/fr\/wp-json\/wp\/v2\/product_brand?post=115880"},{"taxonomy":"product_cat","embeddable":true,"href":"https:\/\/nimedixmedical.com\/fr\/wp-json\/wp\/v2\/product_cat?post=115880"},{"taxonomy":"product_tag","embeddable":true,"href":"https:\/\/nimedixmedical.com\/fr\/wp-json\/wp\/v2\/product_tag?post=115880"}],"curies":[{"name":"wp","href":"https:\/\/api.w.org\/{rel}","templated":true}]}}