{"id":115856,"date":"2025-11-30T23:09:01","date_gmt":"2025-11-30T22:09:01","guid":{"rendered":"https:\/\/nimedixmedical.com\/notre-catalogue\/serviette-pour-incontinence-soffisof-air-dry-incontinence-elevee-grand\/"},"modified":"2026-01-12T15:55:16","modified_gmt":"2026-01-12T14:55:16","slug":"serviette-pour-incontinence-soffisof-air-dry-incontinence-elevee-grand","status":"publish","type":"product","link":"https:\/\/nimedixmedical.com\/fr\/notre-catalogue\/serviette-pour-incontinence-soffisof-air-dry-incontinence-elevee-grand\/","title":{"rendered":"Serviette pour Incontinence Soffisof Air Dry- Incontinence \u00c9lev\u00e9e &#8211; Grand"},"content":{"rendered":"<p>Les serviettes pour incontinence Soffisof Air Dry sont sp\u00e9cifiquement con\u00e7ues pour les personnes pr\u00e9sentant une incontinence \u00e9lev\u00e9e. Leur technologie avanc\u00e9e assure un confort et une s\u00e9curit\u00e9 in\u00e9gal\u00e9s, tout en minimisant les risques d&#8217;irritation cutan\u00e9e.<\/p>\n<h2>Caract\u00e9ristiques<\/h2>\n<ul>\n<li>Taille : Large, convenant aux circonf\u00e9rences de 100 \u00e0 150 cm.<\/li>\n<li>Con\u00e7ues pour une utilisation nocturne avec un niveau d&#8217;incontinence \u00e9lev\u00e9.<\/li>\n<li>Composition : Cellulose pure certifi\u00e9e PEFC et polym\u00e8res superabsorbants.<\/li>\n<li>Hypoallerg\u00e9niques et dermo-protectrices, avec un contr\u00f4le des odeurs.<\/li>\n<li>Indicateur d&#8217;humidit\u00e9 \u00e0 affadissement progressif pour signaler la n\u00e9cessit\u00e9 de changement.<\/li>\n<li>Fabrication italienne, garantissant un produit de qualit\u00e9.<\/li>\n<\/ul>\n<h2>Livraison<\/h2>\n<ul>\n<li><strong>France :<\/strong> Livraison directe.<\/li>\n<li><strong>Export (Europe et Afrique) :<\/strong> Sur devis.<\/li>\n<\/ul>\n","protected":false},"excerpt":{"rendered":"<ul>\n<li>Usage : Con\u00e7u pour les personnes souffrant d&#8217;incontinence \u00e9lev\u00e9e, notamment durant la nuit.<\/li>\n<li>B\u00e9n\u00e9fice : Offre une s\u00e9curit\u00e9 maximale gr\u00e2ce \u00e0 une absorption exceptionnelle et une couche ext\u00e9rieure imperm\u00e9able.<\/li>\n<li>Confort : La conception anatomique et les bandes de fixation repositionnables garantissent un ajustement optimal.<\/li>\n<li>Protection : Hypoallerg\u00e9nique et dermo-protectrice, r\u00e9duit les risques d&#8217;irritations et de rougeurs.<\/li>\n<\/ul>\n","protected":false},"featured_media":115857,"comment_status":"open","ping_status":"open","template":"","meta":{"inline_featured_image":false},"product_brand":[],"product_cat":[1281,1236],"product_tag":[],"class_list":{"0":"post-115856","1":"product","2":"type-product","3":"status-publish","4":"has-post-thumbnail","6":"product_cat-couches-et-draps-pour-incontinence","7":"product_cat-soins-et-pharmacie","9":"first","10":"instock","11":"sale","12":"taxable","13":"shipping-taxable","14":"purchasable","15":"product-type-simple"},"_links":{"self":[{"href":"https:\/\/nimedixmedical.com\/fr\/wp-json\/wp\/v2\/product\/115856","targetHints":{"allow":["GET"]}}],"collection":[{"href":"https:\/\/nimedixmedical.com\/fr\/wp-json\/wp\/v2\/product"}],"about":[{"href":"https:\/\/nimedixmedical.com\/fr\/wp-json\/wp\/v2\/types\/product"}],"replies":[{"embeddable":true,"href":"https:\/\/nimedixmedical.com\/fr\/wp-json\/wp\/v2\/comments?post=115856"}],"wp:featuredmedia":[{"embeddable":true,"href":"https:\/\/nimedixmedical.com\/fr\/wp-json\/wp\/v2\/media\/115857"}],"wp:attachment":[{"href":"https:\/\/nimedixmedical.com\/fr\/wp-json\/wp\/v2\/media?parent=115856"}],"wp:term":[{"taxonomy":"product_brand","embeddable":true,"href":"https:\/\/nimedixmedical.com\/fr\/wp-json\/wp\/v2\/product_brand?post=115856"},{"taxonomy":"product_cat","embeddable":true,"href":"https:\/\/nimedixmedical.com\/fr\/wp-json\/wp\/v2\/product_cat?post=115856"},{"taxonomy":"product_tag","embeddable":true,"href":"https:\/\/nimedixmedical.com\/fr\/wp-json\/wp\/v2\/product_tag?post=115856"}],"curies":[{"name":"wp","href":"https:\/\/api.w.org\/{rel}","templated":true}]}}