{"id":115853,"date":"2025-11-30T23:09:01","date_gmt":"2025-11-30T22:09:01","guid":{"rendered":"https:\/\/nimedixmedical.com\/notre-catalogue\/serviette-pour-incontinence-soffisof-air-dry-incontinence-elevee-xxl\/"},"modified":"2026-01-12T15:55:15","modified_gmt":"2026-01-12T14:55:15","slug":"serviette-pour-incontinence-soffisof-air-dry-incontinence-elevee-xxl","status":"publish","type":"product","link":"https:\/\/nimedixmedical.com\/fr\/notre-catalogue\/serviette-pour-incontinence-soffisof-air-dry-incontinence-elevee-xxl\/","title":{"rendered":"Serviette pour Incontinence Soffisof Air Dry- Incontinence \u00c9lev\u00e9e &#8211; XXL"},"content":{"rendered":"<p>Les serviettes pour incontinence Soffisof Air Dry sont sp\u00e9cialement con\u00e7ues pour offrir une protection optimale aux personnes souffrant d&#8217;incontinence \u00e9lev\u00e9e. Fabriqu\u00e9es en Italie, elles allient confort, s\u00e9curit\u00e9 et hygi\u00e8ne pour un usage quotidien.<\/p>\n<h2>Caract\u00e9ristiques<\/h2>\n<ul>\n<li>Taille : XX-Large (circonf\u00e9rence de 155 \u00e0 175 cm)<\/li>\n<li>Con\u00e7ues pour incontinence \u00e9lev\u00e9e, adapt\u00e9es pour la nuit<\/li>\n<li>Composition : Cellulose pure (100% certifi\u00e9e PEFC), polym\u00e8res superabsorbants et couche ext\u00e9rieure imperm\u00e9able<\/li>\n<li>Hypoallerg\u00e9niques et dermo-protectrices avec contr\u00f4le des odeurs<\/li>\n<li>Indicateur d&#8217;humidit\u00e9 \u00e0 affadissement progressif pour signaler le moment de la substitution<\/li>\n<li>Couche ext\u00e9rieure transpirante pour r\u00e9duire les irritations et rougeurs<\/li>\n<li>Conditionnement : bo\u00eete de 60 (4 bo\u00eetes de 15)<\/li>\n<li>Pack multilingue : GB, FR, IT, ES, DE, PT, Arabe<\/li>\n<\/ul>\n<h2>Livraison<\/h2>\n<ul>\n<li><strong>France :<\/strong> Livraison directe.<\/li>\n<li><strong>Export (Europe et Afrique) :<\/strong> Sur devis.<\/li>\n<\/ul>\n","protected":false},"excerpt":{"rendered":"<ul>\n<li>Usage : Con\u00e7u pour les personnes souffrant d&#8217;incontinence \u00e9lev\u00e9e, particuli\u00e8rement la nuit.<\/li>\n<li>B\u00e9n\u00e9fice : Protection maximale gr\u00e2ce \u00e0 une absorption efficace et une couche ext\u00e9rieure respirante.<\/li>\n<li>Confort : Bande de fixation repositionnable pour un ajustement optimal.<\/li>\n<li>Hygi\u00e8ne : Hypoallerg\u00e9nique avec contr\u00f4le des odeurs pour un usage quotidien.<\/li>\n<\/ul>\n","protected":false},"featured_media":115854,"comment_status":"open","ping_status":"open","template":"","meta":{"inline_featured_image":false},"product_brand":[],"product_cat":[1281,1236],"product_tag":[],"class_list":{"0":"post-115853","1":"product","2":"type-product","3":"status-publish","4":"has-post-thumbnail","6":"product_cat-couches-et-draps-pour-incontinence","7":"product_cat-soins-et-pharmacie","9":"first","10":"instock","11":"sale","12":"taxable","13":"shipping-taxable","14":"purchasable","15":"product-type-simple"},"_links":{"self":[{"href":"https:\/\/nimedixmedical.com\/fr\/wp-json\/wp\/v2\/product\/115853","targetHints":{"allow":["GET"]}}],"collection":[{"href":"https:\/\/nimedixmedical.com\/fr\/wp-json\/wp\/v2\/product"}],"about":[{"href":"https:\/\/nimedixmedical.com\/fr\/wp-json\/wp\/v2\/types\/product"}],"replies":[{"embeddable":true,"href":"https:\/\/nimedixmedical.com\/fr\/wp-json\/wp\/v2\/comments?post=115853"}],"wp:featuredmedia":[{"embeddable":true,"href":"https:\/\/nimedixmedical.com\/fr\/wp-json\/wp\/v2\/media\/115854"}],"wp:attachment":[{"href":"https:\/\/nimedixmedical.com\/fr\/wp-json\/wp\/v2\/media?parent=115853"}],"wp:term":[{"taxonomy":"product_brand","embeddable":true,"href":"https:\/\/nimedixmedical.com\/fr\/wp-json\/wp\/v2\/product_brand?post=115853"},{"taxonomy":"product_cat","embeddable":true,"href":"https:\/\/nimedixmedical.com\/fr\/wp-json\/wp\/v2\/product_cat?post=115853"},{"taxonomy":"product_tag","embeddable":true,"href":"https:\/\/nimedixmedical.com\/fr\/wp-json\/wp\/v2\/product_tag?post=115853"}],"curies":[{"name":"wp","href":"https:\/\/api.w.org\/{rel}","templated":true}]}}