{"id":115689,"date":"2025-11-30T23:06:13","date_gmt":"2025-11-30T22:06:13","guid":{"rendered":"https:\/\/nimedixmedical.com\/notre-catalogue\/pilulier-easy-7-jours-x4-anglais\/"},"modified":"2026-01-12T15:54:45","modified_gmt":"2026-01-12T14:54:45","slug":"pilulier-easy-7-jours-x4-anglais","status":"publish","type":"product","link":"https:\/\/nimedixmedical.com\/fr\/notre-catalogue\/pilulier-easy-7-jours-x4-anglais\/","title":{"rendered":"Pilulier Easy &#8220;7 Jours&#8221; X4 &#8211; Anglais"},"content":{"rendered":"<p>Le pilulier Easy &#8220;7 Jours&#8221; est con\u00e7u pour simplifier la prise de m\u00e9dicaments au quotidien. Avec ses 7 petites bo\u00eetes amovibles, il permet de g\u00e9rer facilement les doses de m\u00e9dicaments pour chaque moment de la journ\u00e9e, ce qui est particuli\u00e8rement utile pour les personnes sous traitement r\u00e9gulier.<\/p>\n<h2>Caract\u00e9ristiques<\/h2>\n<ul>\n<li>Langue: Anglais<\/li>\n<li>7 petites bo\u00eetes amovibles de 4 compartiments (matin, midi, soir, nuit)<\/li>\n<li>Dimensions de chaque compartiment: 10 x 2,5 x h 2 cm<\/li>\n<li>Dimensions totales: 18 x 11,5 x 2,5 cm<\/li>\n<li>Nombre total de compartiments: 28 (4&#215;7)<\/li>\n<li>Translucide: oui<\/li>\n<li>Conditionnement: bo\u00eete<\/li>\n<\/ul>\n<h2>Livraison<\/h2>\n<ul>\n<li><strong>France :<\/strong> Livraison directe.<\/li>\n<li><strong>Export (Europe et Afrique) :<\/strong> Sur devis.<\/li>\n<\/ul>\n","protected":false},"excerpt":{"rendered":"<ul>\n<li>Facilite l&#8217;organisation des m\u00e9dicaments avec 7 petites bo\u00eetes amovibles.<\/li>\n<li>Permet de g\u00e9rer les prises de m\u00e9dicaments \u00e0 diff\u00e9rents moments de la journ\u00e9e.<\/li>\n<li>Design translucide pour visualiser facilement le contenu de chaque compartiment.<\/li>\n<li>Compact et l\u00e9ger, id\u00e9al pour les d\u00e9placements.<\/li>\n<\/ul>\n","protected":false},"featured_media":115690,"comment_status":"open","ping_status":"open","template":"","meta":{"inline_featured_image":false},"product_brand":[],"product_cat":[1276,1278,1236],"product_tag":[],"class_list":{"0":"post-115689","1":"product","2":"type-product","3":"status-publish","4":"has-post-thumbnail","6":"product_cat-coupe-comprimes-broyeurs-de-comprimes-piluliers","7":"product_cat-piluliers-pilulier-a-minuterie","8":"product_cat-soins-et-pharmacie","10":"first","11":"instock","12":"sale","13":"taxable","14":"shipping-taxable","15":"purchasable","16":"product-type-simple"},"_links":{"self":[{"href":"https:\/\/nimedixmedical.com\/fr\/wp-json\/wp\/v2\/product\/115689","targetHints":{"allow":["GET"]}}],"collection":[{"href":"https:\/\/nimedixmedical.com\/fr\/wp-json\/wp\/v2\/product"}],"about":[{"href":"https:\/\/nimedixmedical.com\/fr\/wp-json\/wp\/v2\/types\/product"}],"replies":[{"embeddable":true,"href":"https:\/\/nimedixmedical.com\/fr\/wp-json\/wp\/v2\/comments?post=115689"}],"wp:featuredmedia":[{"embeddable":true,"href":"https:\/\/nimedixmedical.com\/fr\/wp-json\/wp\/v2\/media\/115690"}],"wp:attachment":[{"href":"https:\/\/nimedixmedical.com\/fr\/wp-json\/wp\/v2\/media?parent=115689"}],"wp:term":[{"taxonomy":"product_brand","embeddable":true,"href":"https:\/\/nimedixmedical.com\/fr\/wp-json\/wp\/v2\/product_brand?post=115689"},{"taxonomy":"product_cat","embeddable":true,"href":"https:\/\/nimedixmedical.com\/fr\/wp-json\/wp\/v2\/product_cat?post=115689"},{"taxonomy":"product_tag","embeddable":true,"href":"https:\/\/nimedixmedical.com\/fr\/wp-json\/wp\/v2\/product_tag?post=115689"}],"curies":[{"name":"wp","href":"https:\/\/api.w.org\/{rel}","templated":true}]}}