{"id":115666,"date":"2025-11-30T23:05:12","date_gmt":"2025-11-30T22:05:12","guid":{"rendered":"https:\/\/nimedixmedical.com\/notre-catalogue\/pilulier-a-ressort-7-jours-x4-francais\/"},"modified":"2026-01-12T15:54:38","modified_gmt":"2026-01-12T14:54:38","slug":"pilulier-a-ressort-7-jours-x4-francais","status":"publish","type":"product","link":"https:\/\/nimedixmedical.com\/fr\/notre-catalogue\/pilulier-a-ressort-7-jours-x4-francais\/","title":{"rendered":"Pilulier \u00c0 Ressort &#8220;7 Jours&#8221; X4 &#8211; Fran\u00e7ais"},"content":{"rendered":"<p>Le pilulier \u00e0 ressort &#8220;7 jours&#8221; x4 est con\u00e7u pour faciliter la gestion quotidienne de votre m\u00e9dication. Id\u00e9al pour les personnes prenant plusieurs m\u00e9dicaments, il permet une meilleure organisation et un suivi rigoureux de votre traitement, tout en \u00e9tant accessible gr\u00e2ce \u00e0 son marquage en braille.<\/p>\n<h2>Caract\u00e9ristiques<\/h2>\n<ul>\n<li>7 petites bo\u00eetes amovibles de 4 compartiments chacune.<\/li>\n<li>Dimensions de chaque compartiment : 9 x 2 x h 2,5 cm.<\/li>\n<li>Dimensions totales du pilulier : 19,5 x 11 x 3,5 cm.<\/li>\n<li>Impression personnalis\u00e9e sous 90 jours, minimum 2 000 unit\u00e9s.<\/li>\n<li>Tous les piluliers sont \u00e9quip\u00e9s de braille en anglais.<\/li>\n<\/ul>\n<h2>Livraison<\/h2>\n<ul>\n<li><strong>France :<\/strong> Livraison directe.<\/li>\n<li><strong>Export (Europe et Afrique) :<\/strong> Sur devis.<\/li>\n<\/ul>\n","protected":false},"excerpt":{"rendered":"<ul>\n<li>Permet une organisation optimale des m\u00e9dicaments sur une semaine.<\/li>\n<li>Conception pratique avec 7 bo\u00eetes amovibles pour un acc\u00e8s facile.<\/li>\n<li>Compartiments spacieux adapt\u00e9s \u00e0 divers types de comprim\u00e9s.<\/li>\n<li>Inclus braille pour une utilisation accessible \u00e0 tous.<\/li>\n<\/ul>\n","protected":false},"featured_media":115667,"comment_status":"open","ping_status":"open","template":"","meta":{"inline_featured_image":false},"product_brand":[],"product_cat":[1276,1278,1236],"product_tag":[],"class_list":{"0":"post-115666","1":"product","2":"type-product","3":"status-publish","4":"has-post-thumbnail","6":"product_cat-coupe-comprimes-broyeurs-de-comprimes-piluliers","7":"product_cat-piluliers-pilulier-a-minuterie","8":"product_cat-soins-et-pharmacie","10":"first","11":"instock","12":"sale","13":"taxable","14":"shipping-taxable","15":"purchasable","16":"product-type-simple"},"_links":{"self":[{"href":"https:\/\/nimedixmedical.com\/fr\/wp-json\/wp\/v2\/product\/115666","targetHints":{"allow":["GET"]}}],"collection":[{"href":"https:\/\/nimedixmedical.com\/fr\/wp-json\/wp\/v2\/product"}],"about":[{"href":"https:\/\/nimedixmedical.com\/fr\/wp-json\/wp\/v2\/types\/product"}],"replies":[{"embeddable":true,"href":"https:\/\/nimedixmedical.com\/fr\/wp-json\/wp\/v2\/comments?post=115666"}],"wp:featuredmedia":[{"embeddable":true,"href":"https:\/\/nimedixmedical.com\/fr\/wp-json\/wp\/v2\/media\/115667"}],"wp:attachment":[{"href":"https:\/\/nimedixmedical.com\/fr\/wp-json\/wp\/v2\/media?parent=115666"}],"wp:term":[{"taxonomy":"product_brand","embeddable":true,"href":"https:\/\/nimedixmedical.com\/fr\/wp-json\/wp\/v2\/product_brand?post=115666"},{"taxonomy":"product_cat","embeddable":true,"href":"https:\/\/nimedixmedical.com\/fr\/wp-json\/wp\/v2\/product_cat?post=115666"},{"taxonomy":"product_tag","embeddable":true,"href":"https:\/\/nimedixmedical.com\/fr\/wp-json\/wp\/v2\/product_tag?post=115666"}],"curies":[{"name":"wp","href":"https:\/\/api.w.org\/{rel}","templated":true}]}}