{"id":115663,"date":"2025-11-30T23:05:12","date_gmt":"2025-11-30T22:05:12","guid":{"rendered":"https:\/\/nimedixmedical.com\/notre-catalogue\/pilulier-a-ressort-7-jours-x4-italien\/"},"modified":"2026-01-12T15:54:37","modified_gmt":"2026-01-12T14:54:37","slug":"pilulier-a-ressort-7-jours-x4-italien","status":"publish","type":"product","link":"https:\/\/nimedixmedical.com\/fr\/notre-catalogue\/pilulier-a-ressort-7-jours-x4-italien\/","title":{"rendered":"Pilulier \u00c0 Ressort &#8220;7 Jours&#8221; X4 &#8211; Italien"},"content":{"rendered":"<p>Le pilulier \u00e0 ressort &#8220;7 jours&#8221; est con\u00e7u pour faciliter la gestion des m\u00e9dicaments au quotidien. Il permet de structurer la prise de m\u00e9dicaments de mani\u00e8re claire, \u00e9vitant ainsi les oublis et les erreurs. Son design compact et pratique s&#8217;adapte \u00e0 tous les besoins m\u00e9dicaux.<\/p>\n<h2>Caract\u00e9ristiques<\/h2>\n<ul>\n<li>7 petites bo\u00eetes amovibles de 4 compartiments.<\/li>\n<li>Dimensions de chaque compartiment : 9 x 2 x h 2,5 cm.<\/li>\n<li>Dimensions totales : 19,5 x 11 x 3,5 cm.<\/li>\n<li>Impression sous 90 jours dans la langue de votre choix, 2000 unit\u00e9s minimum.<\/li>\n<li>Tous les piluliers ont le braille en anglais.<\/li>\n<li>Translucide pour une visibilit\u00e9 rapide du contenu.<\/li>\n<li>Conditionnement : bo\u00eete.<\/li>\n<\/ul>\n<h2>Livraison<\/h2>\n<ul>\n<li><strong>France :<\/strong> Livraison directe.<\/li>\n<li><strong>Export (Europe et Afrique) :<\/strong> Sur devis.<\/li>\n<\/ul>\n","protected":false},"excerpt":{"rendered":"<ul>\n<li>Pratique pour organiser vos m\u00e9dicaments sur une semaine.<\/li>\n<li>7 petites bo\u00eetes amovibles avec 4 compartiments chacune.<\/li>\n<li>Id\u00e9al pour les personnes sous traitement m\u00e9dical r\u00e9gulier.<\/li>\n<li>Translucide pour une visibilit\u00e9 rapide des m\u00e9dicaments.<\/li>\n<\/ul>\n","protected":false},"featured_media":115664,"comment_status":"open","ping_status":"open","template":"","meta":{"inline_featured_image":false},"product_brand":[],"product_cat":[1276,1278,1236],"product_tag":[],"class_list":{"0":"post-115663","1":"product","2":"type-product","3":"status-publish","4":"has-post-thumbnail","6":"product_cat-coupe-comprimes-broyeurs-de-comprimes-piluliers","7":"product_cat-piluliers-pilulier-a-minuterie","8":"product_cat-soins-et-pharmacie","10":"first","11":"instock","12":"sale","13":"taxable","14":"shipping-taxable","15":"purchasable","16":"product-type-simple"},"_links":{"self":[{"href":"https:\/\/nimedixmedical.com\/fr\/wp-json\/wp\/v2\/product\/115663","targetHints":{"allow":["GET"]}}],"collection":[{"href":"https:\/\/nimedixmedical.com\/fr\/wp-json\/wp\/v2\/product"}],"about":[{"href":"https:\/\/nimedixmedical.com\/fr\/wp-json\/wp\/v2\/types\/product"}],"replies":[{"embeddable":true,"href":"https:\/\/nimedixmedical.com\/fr\/wp-json\/wp\/v2\/comments?post=115663"}],"wp:featuredmedia":[{"embeddable":true,"href":"https:\/\/nimedixmedical.com\/fr\/wp-json\/wp\/v2\/media\/115664"}],"wp:attachment":[{"href":"https:\/\/nimedixmedical.com\/fr\/wp-json\/wp\/v2\/media?parent=115663"}],"wp:term":[{"taxonomy":"product_brand","embeddable":true,"href":"https:\/\/nimedixmedical.com\/fr\/wp-json\/wp\/v2\/product_brand?post=115663"},{"taxonomy":"product_cat","embeddable":true,"href":"https:\/\/nimedixmedical.com\/fr\/wp-json\/wp\/v2\/product_cat?post=115663"},{"taxonomy":"product_tag","embeddable":true,"href":"https:\/\/nimedixmedical.com\/fr\/wp-json\/wp\/v2\/product_tag?post=115663"}],"curies":[{"name":"wp","href":"https:\/\/api.w.org\/{rel}","templated":true}]}}