{"id":115647,"date":"2025-11-30T23:05:12","date_gmt":"2025-11-30T22:05:12","guid":{"rendered":"https:\/\/nimedixmedical.com\/notre-catalogue\/pilulier-semainier-blanc-blister-suedois-norvegien-danois\/"},"modified":"2026-01-12T15:54:34","modified_gmt":"2026-01-12T14:54:34","slug":"pilulier-semainier-blanc-blister-suedois-norvegien-danois","status":"publish","type":"product","link":"https:\/\/nimedixmedical.com\/fr\/notre-catalogue\/pilulier-semainier-blanc-blister-suedois-norvegien-danois\/","title":{"rendered":"Pilulier Semainier &#8211; Blanc &#8211; Blister &#8211; Su\u00e9dois\/norv\u00e9gien\/danois"},"content":{"rendered":"<p>Le pilulier semainier est un outil essentiel pour les patients sous traitement m\u00e9dicamenteux. Con\u00e7u pour faciliter la gestion des m\u00e9dicaments, il aide \u00e0 respecter les horaires de prise tout en \u00e9vitant les confusions.<\/p>\n<h2>Caract\u00e9ristiques<\/h2>\n<ul>\n<li>Compartiments : 7, permettant de s\u00e9parer les doses pour chaque jour de la semaine.<\/li>\n<li>Translucide : oui, pour une visibilit\u00e9 imm\u00e9diate du contenu.<\/li>\n<li>Dimensions (cm) : 14,5 x 3 x 2, adapt\u00e9 pour un transport facile.<\/li>\n<li>Conditionnement : bo\u00eete suspendue, offrant une pr\u00e9sentation soign\u00e9e.<\/li>\n<\/ul>\n<h2>Livraison<\/h2>\n<ul>\n<li><strong>France :<\/strong> Livraison directe.<\/li>\n<li><strong>Export (Europe et Afrique) :<\/strong> Sur devis.<\/li>\n<\/ul>\n","protected":false},"excerpt":{"rendered":"<ul>\n<li>Permet d&#8217;organiser les prises de m\u00e9dicaments sur une semaine.<\/li>\n<li>Translucide, facilitant la v\u00e9rification du contenu de chaque compartiment.<\/li>\n<li>Dimensions compactes, id\u00e9al pour les voyages et le rangement.<\/li>\n<li>Conditionnement en bo\u00eete pour une protection optimale.<\/li>\n<\/ul>\n","protected":false},"featured_media":115648,"comment_status":"open","ping_status":"open","template":"","meta":{"inline_featured_image":false},"product_brand":[],"product_cat":[1276,1278,1236],"product_tag":[],"class_list":{"0":"post-115647","1":"product","2":"type-product","3":"status-publish","4":"has-post-thumbnail","6":"product_cat-coupe-comprimes-broyeurs-de-comprimes-piluliers","7":"product_cat-piluliers-pilulier-a-minuterie","8":"product_cat-soins-et-pharmacie","10":"first","11":"instock","12":"sale","13":"taxable","14":"shipping-taxable","15":"purchasable","16":"product-type-simple"},"_links":{"self":[{"href":"https:\/\/nimedixmedical.com\/fr\/wp-json\/wp\/v2\/product\/115647","targetHints":{"allow":["GET"]}}],"collection":[{"href":"https:\/\/nimedixmedical.com\/fr\/wp-json\/wp\/v2\/product"}],"about":[{"href":"https:\/\/nimedixmedical.com\/fr\/wp-json\/wp\/v2\/types\/product"}],"replies":[{"embeddable":true,"href":"https:\/\/nimedixmedical.com\/fr\/wp-json\/wp\/v2\/comments?post=115647"}],"wp:featuredmedia":[{"embeddable":true,"href":"https:\/\/nimedixmedical.com\/fr\/wp-json\/wp\/v2\/media\/115648"}],"wp:attachment":[{"href":"https:\/\/nimedixmedical.com\/fr\/wp-json\/wp\/v2\/media?parent=115647"}],"wp:term":[{"taxonomy":"product_brand","embeddable":true,"href":"https:\/\/nimedixmedical.com\/fr\/wp-json\/wp\/v2\/product_brand?post=115647"},{"taxonomy":"product_cat","embeddable":true,"href":"https:\/\/nimedixmedical.com\/fr\/wp-json\/wp\/v2\/product_cat?post=115647"},{"taxonomy":"product_tag","embeddable":true,"href":"https:\/\/nimedixmedical.com\/fr\/wp-json\/wp\/v2\/product_tag?post=115647"}],"curies":[{"name":"wp","href":"https:\/\/api.w.org\/{rel}","templated":true}]}}