{"id":115597,"date":"2025-11-30T23:04:13","date_gmt":"2025-11-30T22:04:13","guid":{"rendered":"https:\/\/nimedixmedical.com\/notre-catalogue\/gants-latex-santex-pre-poudres-petits\/"},"modified":"2026-01-12T15:54:22","modified_gmt":"2026-01-12T14:54:22","slug":"gants-latex-santex-pre-poudres-petits","status":"publish","type":"product","link":"https:\/\/nimedixmedical.com\/fr\/notre-catalogue\/gants-latex-santex-pre-poudres-petits\/","title":{"rendered":"Gants Latex Santex &#8211; Pr\u00e9-poudr\u00e9s &#8211; Petits"},"content":{"rendered":"<p>Les gants latex SANTEX pr\u00e9-poudr\u00e9s sont sp\u00e9cialement con\u00e7us pour les professionnels de la sant\u00e9. Leur conception ambidextre et leur taille petite en font un choix id\u00e9al pour des examens et des interventions m\u00e9dicales o\u00f9 la pr\u00e9cision et la protection sont essentielles.<\/p>\n<h2>Caract\u00e9ristiques<\/h2>\n<ul>\n<li>Taille petite, ambidextres et non st\u00e9riles.<\/li>\n<li>Fabriqu\u00e9s en latex de caoutchouc naturel, couleur cr\u00e8me.<\/li>\n<li>Surface externe lisse pour une prise s\u00fbre, minimisant la transpiration.<\/li>\n<li>Sensibilit\u00e9 tactile am\u00e9lior\u00e9e avec un AQL de 1,0.<\/li>\n<li>Poignet ourl\u00e9 pour un meilleur maintien.<\/li>\n<li>Classe I en tant que Dispositif M\u00e9dical et Cat\u00e9gorie III pour l&#8217;\u00c9quipement de Protection Individuelle.<\/li>\n<li>Instructions multilingues disponibles (GB, FR, IT, ES, PT, DE, PL, GR, SE, NO, FI, DK, SK, CZ, BG, RO, HU, HR, RS, SL, KZ, LT, LV, RU, TR).<\/li>\n<\/ul>\n<h2>Livraison<\/h2>\n<ul>\n<li><strong>France :<\/strong> Livraison directe.<\/li>\n<li><strong>Export (Europe et Afrique) :<\/strong> Sur devis.<\/li>\n<\/ul>\n","protected":false},"excerpt":{"rendered":"<ul>\n<li>Gants d&#8217;examen et de protection jetables, id\u00e9aux pour les professionnels de la sant\u00e9.<\/li>\n<li>Offrent une sensibilit\u00e9 tactile am\u00e9lior\u00e9e pour des interventions pr\u00e9cises.<\/li>\n<li>Surface lisse pour une prise en main s\u00fbre, r\u00e9duisant le risque de glissement.<\/li>\n<li>Poudr\u00e9s pour minimiser la transpiration et am\u00e9liorer le confort lors de l&#8217;utilisation.<\/li>\n<\/ul>\n","protected":false},"featured_media":115598,"comment_status":"open","ping_status":"open","template":"","meta":{"inline_featured_image":false},"product_brand":[],"product_cat":[1272,1269,1236],"product_tag":[],"class_list":{"0":"post-115597","1":"product","2":"type-product","3":"status-publish","4":"has-post-thumbnail","6":"product_cat-gants-en-latex","7":"product_cat-gants-et-doigtiers","8":"product_cat-soins-et-pharmacie","10":"first","11":"instock","12":"sale","13":"taxable","14":"shipping-taxable","15":"purchasable","16":"product-type-simple"},"_links":{"self":[{"href":"https:\/\/nimedixmedical.com\/fr\/wp-json\/wp\/v2\/product\/115597","targetHints":{"allow":["GET"]}}],"collection":[{"href":"https:\/\/nimedixmedical.com\/fr\/wp-json\/wp\/v2\/product"}],"about":[{"href":"https:\/\/nimedixmedical.com\/fr\/wp-json\/wp\/v2\/types\/product"}],"replies":[{"embeddable":true,"href":"https:\/\/nimedixmedical.com\/fr\/wp-json\/wp\/v2\/comments?post=115597"}],"wp:featuredmedia":[{"embeddable":true,"href":"https:\/\/nimedixmedical.com\/fr\/wp-json\/wp\/v2\/media\/115598"}],"wp:attachment":[{"href":"https:\/\/nimedixmedical.com\/fr\/wp-json\/wp\/v2\/media?parent=115597"}],"wp:term":[{"taxonomy":"product_brand","embeddable":true,"href":"https:\/\/nimedixmedical.com\/fr\/wp-json\/wp\/v2\/product_brand?post=115597"},{"taxonomy":"product_cat","embeddable":true,"href":"https:\/\/nimedixmedical.com\/fr\/wp-json\/wp\/v2\/product_cat?post=115597"},{"taxonomy":"product_tag","embeddable":true,"href":"https:\/\/nimedixmedical.com\/fr\/wp-json\/wp\/v2\/product_tag?post=115597"}],"curies":[{"name":"wp","href":"https:\/\/api.w.org\/{rel}","templated":true}]}}