{"id":115550,"date":"2025-11-30T23:03:15","date_gmt":"2025-11-30T22:03:15","guid":{"rendered":"https:\/\/nimedixmedical.com\/notre-catalogue\/gants-chirurgicaux-steriles-65-non-poudres\/"},"modified":"2026-01-12T15:54:09","modified_gmt":"2026-01-12T14:54:09","slug":"gants-chirurgicaux-steriles-65-non-poudres","status":"publish","type":"product","link":"https:\/\/nimedixmedical.com\/fr\/notre-catalogue\/gants-chirurgicaux-steriles-65-non-poudres\/","title":{"rendered":"Gants Chirurgicaux St\u00e9riles &#8211; 6,5 &#8211; Non Poudr\u00e9s"},"content":{"rendered":"<p>Les gants chirurgicaux st\u00e9riles en latex non poudr\u00e9s, taille 6,5, sont con\u00e7us pour garantir une protection optimale lors des interventions m\u00e9dicales. Ils sont st\u00e9rilis\u00e9s et conditionn\u00e9s de mani\u00e8re \u00e0 assurer une hygi\u00e8ne irr\u00e9prochable.<\/p>\n<h2>Caract\u00e9ristiques<\/h2>\n<ul>\n<li>Type : Gants chirurgicaux st\u00e9riles en latex<\/li>\n<li>Taille : 6,5<\/li>\n<li>Non poudr\u00e9s pour \u00e9viter les irritations<\/li>\n<li>Longueur : 300 mm<\/li>\n<li>St\u00e9rilis\u00e9s \u00e0 l&#8217;EtO<\/li>\n<li>Conformes \u00e0 la pharmacop\u00e9e internationale USP<\/li>\n<li>Conditionn\u00e9s par paires en distributeur de 50 paires<\/li>\n<li>DM Classe II A, EPI cat. II<\/li>\n<li>Normes : EN455-EN 374, AQL&lt;1,5<\/li>\n<\/ul>\n<h2>Livraison<\/h2>\n<ul>\n<li><strong>France :<\/strong> Livraison directe.<\/li>\n<li><strong>Export (Europe et Afrique) :<\/strong> Sur devis.<\/li>\n<\/ul>\n","protected":false},"excerpt":{"rendered":"<ul>\n<li>Usage : Gants chirurgicaux st\u00e9riles pour interventions m\u00e9dicales.<\/li>\n<li>B\u00e9n\u00e9fice : Excellente prise et confort gr\u00e2ce \u00e0 la microtexture et \u00e0 la forme anatomique.<\/li>\n<li>Normes : Conformes \u00e0 la pharmacop\u00e9e internationale et aux normes EN 455 et EN 374.<\/li>\n<li>Conditionnement : Distributeur de 50 paires, garantissant une hygi\u00e8ne optimale.<\/li>\n<\/ul>\n","protected":false},"featured_media":115551,"comment_status":"open","ping_status":"open","template":"","meta":{"inline_featured_image":false},"product_brand":[],"product_cat":[1272,1269,1236],"product_tag":[],"class_list":{"0":"post-115550","1":"product","2":"type-product","3":"status-publish","4":"has-post-thumbnail","6":"product_cat-gants-en-latex","7":"product_cat-gants-et-doigtiers","8":"product_cat-soins-et-pharmacie","10":"first","11":"instock","12":"sale","13":"taxable","14":"shipping-taxable","15":"purchasable","16":"product-type-simple"},"_links":{"self":[{"href":"https:\/\/nimedixmedical.com\/fr\/wp-json\/wp\/v2\/product\/115550","targetHints":{"allow":["GET"]}}],"collection":[{"href":"https:\/\/nimedixmedical.com\/fr\/wp-json\/wp\/v2\/product"}],"about":[{"href":"https:\/\/nimedixmedical.com\/fr\/wp-json\/wp\/v2\/types\/product"}],"replies":[{"embeddable":true,"href":"https:\/\/nimedixmedical.com\/fr\/wp-json\/wp\/v2\/comments?post=115550"}],"wp:featuredmedia":[{"embeddable":true,"href":"https:\/\/nimedixmedical.com\/fr\/wp-json\/wp\/v2\/media\/115551"}],"wp:attachment":[{"href":"https:\/\/nimedixmedical.com\/fr\/wp-json\/wp\/v2\/media?parent=115550"}],"wp:term":[{"taxonomy":"product_brand","embeddable":true,"href":"https:\/\/nimedixmedical.com\/fr\/wp-json\/wp\/v2\/product_brand?post=115550"},{"taxonomy":"product_cat","embeddable":true,"href":"https:\/\/nimedixmedical.com\/fr\/wp-json\/wp\/v2\/product_cat?post=115550"},{"taxonomy":"product_tag","embeddable":true,"href":"https:\/\/nimedixmedical.com\/fr\/wp-json\/wp\/v2\/product_tag?post=115550"}],"curies":[{"name":"wp","href":"https:\/\/api.w.org\/{rel}","templated":true}]}}