{"id":115110,"date":"2025-11-30T22:56:31","date_gmt":"2025-11-30T21:56:31","guid":{"rendered":"https:\/\/nimedixmedical.com\/notre-catalogue\/montre-infirmiere-en-silicone-avec-boite-en-aluminium-ronde-blanche\/"},"modified":"2026-01-12T15:52:25","modified_gmt":"2026-01-12T14:52:25","slug":"montre-infirmiere-en-silicone-avec-boite-en-aluminium-ronde-blanche","status":"publish","type":"product","link":"https:\/\/nimedixmedical.com\/fr\/notre-catalogue\/montre-infirmiere-en-silicone-avec-boite-en-aluminium-ronde-blanche\/","title":{"rendered":"Montre Infirmi\u00e8re en Silicone avec Bo\u00eete en Aluminium &#8211; Ronde &#8211; Blanche"},"content":{"rendered":"<p>Cette montre infirmi\u00e8re en silicone offre une solution pratique et conforme pour les professionnels de sant\u00e9. Son design rond et sa couleur blanche la rendent \u00e0 la fois esth\u00e9tique et fonctionnelle, id\u00e9ale pour un usage quotidien dans les environnements m\u00e9dicaux.<\/p>\n<h2>Caract\u00e9ristiques<\/h2>\n<ul>\n<li>Mat\u00e9riau : Silicone durable et l\u00e9ger<\/li>\n<li>Dimensions : Cadran de 35 mm, longueur de 85 mm<\/li>\n<li>\u00c9tui : Aluminium robuste pour une protection optimale<\/li>\n<li>Usage : Mesure du pouls et du temps de st\u00e9rilisation<\/li>\n<li>Dur\u00e9e de vie de la batterie : 12-15 mois<\/li>\n<li>Mode d&#8217;emploi disponible en plusieurs langues : GB, FR, IT, ES, PT, DE, GR, PL, Arabe<\/li>\n<\/ul>\n<h2>Livraison<\/h2>\n<ul>\n<li><strong>France :<\/strong> Livraison directe.<\/li>\n<li><strong>Export (Europe et Afrique) :<\/strong> Sur devis.<\/li>\n<\/ul>\n","protected":false},"excerpt":{"rendered":"<ul>\n<li>Montre en silicone avec \u00e9pingle de s\u00fbret\u00e9, adapt\u00e9e aux professionnels de sant\u00e9.<\/li>\n<li>Conforme aux normes, permettant aux infirmiers de travailler sans montre-bracelet.<\/li>\n<li>Cadran de 35 mm pour une lisibilit\u00e9 optimale, id\u00e9ale pour mesurer le pouls.<\/li>\n<li>Dur\u00e9e de vie de la batterie de 12 \u00e0 15 mois pour un usage prolong\u00e9.<\/li>\n<\/ul>\n","protected":false},"featured_media":115111,"comment_status":"open","ping_status":"open","template":"","meta":{"inline_featured_image":false},"product_brand":[],"product_cat":[1264,1236],"product_tag":[],"class_list":{"0":"post-115110","1":"product","2":"type-product","3":"status-publish","4":"has-post-thumbnail","6":"product_cat-montres-ciseaux-pinces-et-accessoires-pour-infirmieres","7":"product_cat-soins-et-pharmacie","9":"first","10":"instock","11":"sale","12":"taxable","13":"shipping-taxable","14":"purchasable","15":"product-type-simple"},"_links":{"self":[{"href":"https:\/\/nimedixmedical.com\/fr\/wp-json\/wp\/v2\/product\/115110","targetHints":{"allow":["GET"]}}],"collection":[{"href":"https:\/\/nimedixmedical.com\/fr\/wp-json\/wp\/v2\/product"}],"about":[{"href":"https:\/\/nimedixmedical.com\/fr\/wp-json\/wp\/v2\/types\/product"}],"replies":[{"embeddable":true,"href":"https:\/\/nimedixmedical.com\/fr\/wp-json\/wp\/v2\/comments?post=115110"}],"wp:featuredmedia":[{"embeddable":true,"href":"https:\/\/nimedixmedical.com\/fr\/wp-json\/wp\/v2\/media\/115111"}],"wp:attachment":[{"href":"https:\/\/nimedixmedical.com\/fr\/wp-json\/wp\/v2\/media?parent=115110"}],"wp:term":[{"taxonomy":"product_brand","embeddable":true,"href":"https:\/\/nimedixmedical.com\/fr\/wp-json\/wp\/v2\/product_brand?post=115110"},{"taxonomy":"product_cat","embeddable":true,"href":"https:\/\/nimedixmedical.com\/fr\/wp-json\/wp\/v2\/product_cat?post=115110"},{"taxonomy":"product_tag","embeddable":true,"href":"https:\/\/nimedixmedical.com\/fr\/wp-json\/wp\/v2\/product_tag?post=115110"}],"curies":[{"name":"wp","href":"https:\/\/api.w.org\/{rel}","templated":true}]}}