{"id":115092,"date":"2025-11-30T22:55:25","date_gmt":"2025-11-30T21:55:25","guid":{"rendered":"https:\/\/nimedixmedical.com\/notre-catalogue\/montre-infirmiere-en-silicone-avec-boite-en-aluminium-carree-bleue\/"},"modified":"2026-01-12T15:52:17","modified_gmt":"2026-01-12T14:52:17","slug":"montre-infirmiere-en-silicone-avec-boite-en-aluminium-carree-bleue","status":"publish","type":"product","link":"https:\/\/nimedixmedical.com\/fr\/notre-catalogue\/montre-infirmiere-en-silicone-avec-boite-en-aluminium-carree-bleue\/","title":{"rendered":"Montre Infirmi\u00e8re en Silicone avec Bo\u00eete en Aluminium &#8211; Carr\u00e9e &#8211; Bleue"},"content":{"rendered":"<p>Cette montre infirmi\u00e8re en silicone est sp\u00e9cialement con\u00e7ue pour les professionnels de sant\u00e9. Avec son design carr\u00e9 et sa couleur bleue, elle allie fonctionnalit\u00e9 et esth\u00e9tique, tout en r\u00e9pondant aux exigences d&#8217;hygi\u00e8ne en milieu m\u00e9dical.<\/p>\n<h2>Caract\u00e9ristiques<\/h2>\n<ul>\n<li>Dimensions : Cadran de 35 mm et longueur de 85 mm.<\/li>\n<li>Fabriqu\u00e9e en silicone, avec \u00e9pingle de s\u00fbret\u00e9 pour un maintien optimal.<\/li>\n<li>Dur\u00e9e de vie de la batterie : 12 \u00e0 15 mois apr\u00e8s premi\u00e8re utilisation.<\/li>\n<li>Mode d&#8217;emploi disponible en plusieurs langues : GB, FR, IT, ES, PT, DE, GR, PL, Arabe.<\/li>\n<\/ul>\n<h2>Livraison<\/h2>\n<ul>\n<li><strong>France :<\/strong> Livraison directe.<\/li>\n<li><strong>Export (Europe et Afrique) :<\/strong> Sur devis.<\/li>\n<\/ul>\n","protected":false},"excerpt":{"rendered":"<ul>\n<li>Montre carr\u00e9e en silicone, id\u00e9ale pour les professionnels de sant\u00e9.<\/li>\n<li>Facilite la d\u00e9tection du pouls et le suivi des temps de st\u00e9rilisation.<\/li>\n<li>Conforme aux normes d&#8217;hygi\u00e8ne, rempla\u00e7ant les montres-bracelet.<\/li>\n<li>Dur\u00e9e de vie de la batterie de 12 \u00e0 15 mois pour une utilisation prolong\u00e9e.<\/li>\n<\/ul>\n","protected":false},"featured_media":115093,"comment_status":"open","ping_status":"open","template":"","meta":{"inline_featured_image":false},"product_brand":[],"product_cat":[1264,1236],"product_tag":[],"class_list":{"0":"post-115092","1":"product","2":"type-product","3":"status-publish","4":"has-post-thumbnail","6":"product_cat-montres-ciseaux-pinces-et-accessoires-pour-infirmieres","7":"product_cat-soins-et-pharmacie","9":"first","10":"instock","11":"sale","12":"taxable","13":"shipping-taxable","14":"purchasable","15":"product-type-simple"},"_links":{"self":[{"href":"https:\/\/nimedixmedical.com\/fr\/wp-json\/wp\/v2\/product\/115092","targetHints":{"allow":["GET"]}}],"collection":[{"href":"https:\/\/nimedixmedical.com\/fr\/wp-json\/wp\/v2\/product"}],"about":[{"href":"https:\/\/nimedixmedical.com\/fr\/wp-json\/wp\/v2\/types\/product"}],"replies":[{"embeddable":true,"href":"https:\/\/nimedixmedical.com\/fr\/wp-json\/wp\/v2\/comments?post=115092"}],"wp:featuredmedia":[{"embeddable":true,"href":"https:\/\/nimedixmedical.com\/fr\/wp-json\/wp\/v2\/media\/115093"}],"wp:attachment":[{"href":"https:\/\/nimedixmedical.com\/fr\/wp-json\/wp\/v2\/media?parent=115092"}],"wp:term":[{"taxonomy":"product_brand","embeddable":true,"href":"https:\/\/nimedixmedical.com\/fr\/wp-json\/wp\/v2\/product_brand?post=115092"},{"taxonomy":"product_cat","embeddable":true,"href":"https:\/\/nimedixmedical.com\/fr\/wp-json\/wp\/v2\/product_cat?post=115092"},{"taxonomy":"product_tag","embeddable":true,"href":"https:\/\/nimedixmedical.com\/fr\/wp-json\/wp\/v2\/product_tag?post=115092"}],"curies":[{"name":"wp","href":"https:\/\/api.w.org\/{rel}","templated":true}]}}