{"id":114877,"date":"2025-11-30T22:52:44","date_gmt":"2025-11-30T21:52:44","guid":{"rendered":"https:\/\/nimedixmedical.com\/notre-catalogue\/sabots-ultra-legers-37-blancs\/"},"modified":"2026-01-12T15:51:02","modified_gmt":"2026-01-12T14:51:02","slug":"sabots-ultra-legers-37-blancs","status":"publish","type":"product","link":"https:\/\/nimedixmedical.com\/fr\/notre-catalogue\/sabots-ultra-legers-37-blancs\/","title":{"rendered":"Sabots Ultra L\u00e9gers &#8211; 37 &#8211; Blancs"},"content":{"rendered":"<p>Les sabots GIMA sont sp\u00e9cialement con\u00e7us pour le milieu m\u00e9dical et les soins, offrant confort et protection. Leur l\u00e9g\u00e8ret\u00e9 et leur design ergonomique garantissent un usage prolong\u00e9 sans fatigue, tout en respectant les normes de s\u00e9curit\u00e9 en vigueur.<\/p>\n<h2>Caract\u00e9ristiques<\/h2>\n<ul>\n<li>Couleur : blanc<\/li>\n<li>Taille : 37<\/li>\n<li>Normes de s\u00e9curit\u00e9 : EN ISO 20347: A E SRC<\/li>\n<li>Poids : tr\u00e8s l\u00e9gers, seulement 200 g par paire<\/li>\n<li>A\u00e9ration : trous lat\u00e9raux pour ventilation et protection contre les liquides<\/li>\n<li>Anatomiques : respectent l\u2019anatomie naturelle du pied<\/li>\n<li>Antichoc : absorption d\u2019\u00e9nergie maximale dans la zone du talon<\/li>\n<li>Antiglisse : semelle conforme aux exigences SRC de r\u00e9sistance au glissement<\/li>\n<li>Antistatiques : efficaces m\u00eame apr\u00e8s plusieurs lavages<\/li>\n<li>Lavables jusqu\u2019\u00e0 50\u00b0C avec un d\u00e9tergent neutre<\/li>\n<li>Propri\u00e9t\u00e9s antibact\u00e9riennes, antimoisissures, antifongiques<\/li>\n<li>Sans latex<\/li>\n<li>Bo\u00eete multilingue : GB, FR, IT, ES, PT, DE, GR, Arabe<\/li>\n<\/ul>\n<h2>Livraison<\/h2>\n<ul>\n<li><strong>France :<\/strong> Livraison directe.<\/li>\n<li><strong>Export (Europe et Afrique) :<\/strong> Sur devis.<\/li>\n<\/ul>\n","protected":false},"excerpt":{"rendered":"<ul>\n<li>Chaussures ultra-l\u00e9g\u00e8res pour un confort optimal (200 g par paire).<\/li>\n<li>Ventilation optimale avec une protection contre les liquides gr\u00e2ce aux trous lat\u00e9raux.<\/li>\n<li>Conformes aux normes de s\u00e9curit\u00e9 EN ISO 20347 pour un usage professionnel.<\/li>\n<li>Faciles \u00e0 nettoyer et r\u00e9sistent \u00e0 des temp\u00e9ratures jusqu&#8217;\u00e0 50\u00b0C.<\/li>\n<\/ul>\n","protected":false},"featured_media":114853,"comment_status":"open","ping_status":"open","template":"","meta":{"inline_featured_image":false},"product_brand":[],"product_cat":[1258,1236],"product_tag":[],"class_list":{"0":"post-114877","1":"product","2":"type-product","3":"status-publish","4":"has-post-thumbnail","6":"product_cat-sabots","7":"product_cat-soins-et-pharmacie","9":"first","10":"instock","11":"sale","12":"taxable","13":"shipping-taxable","14":"purchasable","15":"product-type-simple"},"_links":{"self":[{"href":"https:\/\/nimedixmedical.com\/fr\/wp-json\/wp\/v2\/product\/114877","targetHints":{"allow":["GET"]}}],"collection":[{"href":"https:\/\/nimedixmedical.com\/fr\/wp-json\/wp\/v2\/product"}],"about":[{"href":"https:\/\/nimedixmedical.com\/fr\/wp-json\/wp\/v2\/types\/product"}],"replies":[{"embeddable":true,"href":"https:\/\/nimedixmedical.com\/fr\/wp-json\/wp\/v2\/comments?post=114877"}],"wp:featuredmedia":[{"embeddable":true,"href":"https:\/\/nimedixmedical.com\/fr\/wp-json\/wp\/v2\/media\/114853"}],"wp:attachment":[{"href":"https:\/\/nimedixmedical.com\/fr\/wp-json\/wp\/v2\/media?parent=114877"}],"wp:term":[{"taxonomy":"product_brand","embeddable":true,"href":"https:\/\/nimedixmedical.com\/fr\/wp-json\/wp\/v2\/product_brand?post=114877"},{"taxonomy":"product_cat","embeddable":true,"href":"https:\/\/nimedixmedical.com\/fr\/wp-json\/wp\/v2\/product_cat?post=114877"},{"taxonomy":"product_tag","embeddable":true,"href":"https:\/\/nimedixmedical.com\/fr\/wp-json\/wp\/v2\/product_tag?post=114877"}],"curies":[{"name":"wp","href":"https:\/\/api.w.org\/{rel}","templated":true}]}}