{"id":114871,"date":"2025-11-30T22:51:20","date_gmt":"2025-11-30T21:51:20","guid":{"rendered":"https:\/\/nimedixmedical.com\/notre-catalogue\/sabots-ultra-legers-40-blancs\/"},"modified":"2026-01-12T15:50:59","modified_gmt":"2026-01-12T14:50:59","slug":"sabots-ultra-legers-40-blancs","status":"publish","type":"product","link":"https:\/\/nimedixmedical.com\/fr\/notre-catalogue\/sabots-ultra-legers-40-blancs\/","title":{"rendered":"Sabots Ultra L\u00e9gers &#8211; 40 &#8211; Blancs"},"content":{"rendered":"<p>Les sabots ultra-l\u00e9gers GIMA sont sp\u00e9cialement con\u00e7us pour les professionnels du secteur m\u00e9dical et alimentaire, offrant ainsi une protection efficace tout en garantissant un confort optimal durant de longues heures de travail.<\/p>\n<h2>Caract\u00e9ristiques<\/h2>\n<ul>\n<li>Couleur : blanc<\/li>\n<li>Taille : 40<\/li>\n<li>Conformes aux normes de s\u00e9curit\u00e9 EN ISO 20347: A E SRC<\/li>\n<li>Poids l\u00e9ger : seulement 200 g par paire<\/li>\n<li>A\u00e9ration : trous lat\u00e9raux pour ventilation et protection contre les liquides<\/li>\n<li>Anatomiques : respectent la forme naturelle du pied<\/li>\n<li>Antichoc : absorption d\u2019\u00e9nergie maximale au niveau du talon<\/li>\n<li>Antiglisse : semelle adapt\u00e9e aux exigences SRC de r\u00e9sistance au glissement<\/li>\n<li>Antistatiques : efficacit\u00e9 durable de l&#8217;\u00e9l\u00e9ment antistatique<\/li>\n<li>Lavables jusqu\u2019\u00e0 50\u00b0C : r\u00e9sistent \u00e0 la st\u00e9rilisation chimique ou UV<\/li>\n<li>Propri\u00e9t\u00e9s antibact\u00e9riennes, antimoisissures et antifongiques<\/li>\n<li>Sans latex<\/li>\n<li>Bo\u00eete multilingue : GB, FR, IT, ES, PT, DE, GR, Arabe<\/li>\n<\/ul>\n<h2>Livraison<\/h2>\n<ul>\n<li><strong>France :<\/strong> Livraison directe.<\/li>\n<li><strong>Export (Europe et Afrique) :<\/strong> Sur devis.<\/li>\n<\/ul>\n","protected":false},"excerpt":{"rendered":"<ul>\n<li>Usage : Id\u00e9al pour les professionnels de la sant\u00e9 et de l&#8217;industrie alimentaire.<\/li>\n<li>B\u00e9n\u00e9fice : Protection renforc\u00e9e avec un confort optimal gr\u00e2ce \u00e0 leur l\u00e9g\u00e8ret\u00e9.<\/li>\n<li>Antibact\u00e9riens : Con\u00e7us pour r\u00e9duire les risques d&#8217;infections gr\u00e2ce \u00e0 leurs propri\u00e9t\u00e9s antibact\u00e9riennes.<\/li>\n<li>Facilit\u00e9 d&#8217;entretien : Lavables jusqu\u2019\u00e0 50\u00b0C, assurant une hygi\u00e8ne parfaite.<\/li>\n<\/ul>\n","protected":false},"featured_media":114853,"comment_status":"open","ping_status":"open","template":"","meta":{"inline_featured_image":false},"product_brand":[],"product_cat":[1258,1236],"product_tag":[],"class_list":{"0":"post-114871","1":"product","2":"type-product","3":"status-publish","4":"has-post-thumbnail","6":"product_cat-sabots","7":"product_cat-soins-et-pharmacie","9":"first","10":"instock","11":"sale","12":"taxable","13":"shipping-taxable","14":"purchasable","15":"product-type-simple"},"_links":{"self":[{"href":"https:\/\/nimedixmedical.com\/fr\/wp-json\/wp\/v2\/product\/114871","targetHints":{"allow":["GET"]}}],"collection":[{"href":"https:\/\/nimedixmedical.com\/fr\/wp-json\/wp\/v2\/product"}],"about":[{"href":"https:\/\/nimedixmedical.com\/fr\/wp-json\/wp\/v2\/types\/product"}],"replies":[{"embeddable":true,"href":"https:\/\/nimedixmedical.com\/fr\/wp-json\/wp\/v2\/comments?post=114871"}],"wp:featuredmedia":[{"embeddable":true,"href":"https:\/\/nimedixmedical.com\/fr\/wp-json\/wp\/v2\/media\/114853"}],"wp:attachment":[{"href":"https:\/\/nimedixmedical.com\/fr\/wp-json\/wp\/v2\/media?parent=114871"}],"wp:term":[{"taxonomy":"product_brand","embeddable":true,"href":"https:\/\/nimedixmedical.com\/fr\/wp-json\/wp\/v2\/product_brand?post=114871"},{"taxonomy":"product_cat","embeddable":true,"href":"https:\/\/nimedixmedical.com\/fr\/wp-json\/wp\/v2\/product_cat?post=114871"},{"taxonomy":"product_tag","embeddable":true,"href":"https:\/\/nimedixmedical.com\/fr\/wp-json\/wp\/v2\/product_tag?post=114871"}],"curies":[{"name":"wp","href":"https:\/\/api.w.org\/{rel}","templated":true}]}}