{"id":114817,"date":"2025-11-30T22:49:40","date_gmt":"2025-11-30T21:49:40","guid":{"rendered":"https:\/\/nimedixmedical.com\/notre-catalogue\/sabots-ultra-legers-avec-bride-35-verts\/"},"modified":"2026-01-12T15:50:39","modified_gmt":"2026-01-12T14:50:39","slug":"sabots-ultra-legers-avec-bride-35-verts","status":"publish","type":"product","link":"https:\/\/nimedixmedical.com\/fr\/notre-catalogue\/sabots-ultra-legers-avec-bride-35-verts\/","title":{"rendered":"Sabots Ultra-l\u00e9gers avec Bride &#8211; 35 &#8211; Verts"},"content":{"rendered":"<p>Les sabots ultra-l\u00e9gers GIMA avec bride sont sp\u00e9cialement con\u00e7us pour les professionnels de sant\u00e9. Leur l\u00e9g\u00e8ret\u00e9 et leur confort en font un choix id\u00e9al pour une utilisation prolong\u00e9e dans des environnements m\u00e9dicaux exigeants.<\/p>\n<h2>Caract\u00e9ristiques<\/h2>\n<ul>\n<li>Conformes aux normes EN ISO 20347 A E SRC.<\/li>\n<li>Paire l\u00e9g\u00e8re de seulement 200 g.<\/li>\n<li>A\u00e9ration optimale gr\u00e2ce aux trous lat\u00e9raux, emp\u00eachant l&#8217;entr\u00e9e de liquides.<\/li>\n<li>Anatomiques, respectant l&#8217;anatomie naturelle du pied.<\/li>\n<li>Antichoc avec une absorption d\u2019\u00e9nergie maximale dans la zone du talon.<\/li>\n<li>Antiglisse, r\u00e9pondant aux exigences SRC de r\u00e9sistance au glissement.<\/li>\n<li>Antistatiques, efficaces m\u00eame apr\u00e8s plusieurs lavages.<\/li>\n<li>Lavables jusqu\u2019\u00e0 50\u00b0C, r\u00e9sistants \u00e0 la st\u00e9rilisation chimique ou UV.<\/li>\n<li>Propri\u00e9t\u00e9s antibact\u00e9riens, antimoisissures et antifongiques.<\/li>\n<li>Sans latex pour un usage s\u00e9curis\u00e9.<\/li>\n<\/ul>\n<h2>Livraison<\/h2>\n<ul>\n<li><strong>France :<\/strong> Livraison directe.<\/li>\n<li><strong>Export (Europe et Afrique) :<\/strong> Sur devis.<\/li>\n<\/ul>\n","protected":false},"excerpt":{"rendered":"<ul>\n<li>Usage : Id\u00e9aux pour les professionnels de sant\u00e9 et les environnements m\u00e9dicaux.<\/li>\n<li>B\u00e9n\u00e9fice : Ultra-l\u00e9gers et confortables, facilitent le travail quotidien.<\/li>\n<li>Protection : Normes de s\u00e9curit\u00e9 EN ISO 20347, assurant une protection maximale.<\/li>\n<li>Entretien : Lavables jusqu&#8217;\u00e0 50\u00b0C, pour une hygi\u00e8ne optimale.<\/li>\n<\/ul>\n","protected":false},"featured_media":114809,"comment_status":"open","ping_status":"open","template":"","meta":{"inline_featured_image":false},"product_brand":[],"product_cat":[1258,1236],"product_tag":[],"class_list":{"0":"post-114817","1":"product","2":"type-product","3":"status-publish","4":"has-post-thumbnail","6":"product_cat-sabots","7":"product_cat-soins-et-pharmacie","9":"first","10":"instock","11":"sale","12":"taxable","13":"shipping-taxable","14":"purchasable","15":"product-type-simple"},"_links":{"self":[{"href":"https:\/\/nimedixmedical.com\/fr\/wp-json\/wp\/v2\/product\/114817","targetHints":{"allow":["GET"]}}],"collection":[{"href":"https:\/\/nimedixmedical.com\/fr\/wp-json\/wp\/v2\/product"}],"about":[{"href":"https:\/\/nimedixmedical.com\/fr\/wp-json\/wp\/v2\/types\/product"}],"replies":[{"embeddable":true,"href":"https:\/\/nimedixmedical.com\/fr\/wp-json\/wp\/v2\/comments?post=114817"}],"wp:featuredmedia":[{"embeddable":true,"href":"https:\/\/nimedixmedical.com\/fr\/wp-json\/wp\/v2\/media\/114809"}],"wp:attachment":[{"href":"https:\/\/nimedixmedical.com\/fr\/wp-json\/wp\/v2\/media?parent=114817"}],"wp:term":[{"taxonomy":"product_brand","embeddable":true,"href":"https:\/\/nimedixmedical.com\/fr\/wp-json\/wp\/v2\/product_brand?post=114817"},{"taxonomy":"product_cat","embeddable":true,"href":"https:\/\/nimedixmedical.com\/fr\/wp-json\/wp\/v2\/product_cat?post=114817"},{"taxonomy":"product_tag","embeddable":true,"href":"https:\/\/nimedixmedical.com\/fr\/wp-json\/wp\/v2\/product_tag?post=114817"}],"curies":[{"name":"wp","href":"https:\/\/api.w.org\/{rel}","templated":true}]}}