{"id":114808,"date":"2025-11-30T22:49:40","date_gmt":"2025-11-30T21:49:40","guid":{"rendered":"https:\/\/nimedixmedical.com\/notre-catalogue\/sabots-ultra-legers-avec-bride-40-verts\/"},"modified":"2026-01-12T15:50:35","modified_gmt":"2026-01-12T14:50:35","slug":"sabots-ultra-legers-avec-bride-40-verts","status":"publish","type":"product","link":"https:\/\/nimedixmedical.com\/fr\/notre-catalogue\/sabots-ultra-legers-avec-bride-40-verts\/","title":{"rendered":"Sabots Ultra-l\u00e9gers avec Bride &#8211; 40 &#8211; Verts"},"content":{"rendered":"<p>Les sabots ultra-l\u00e9gers Gima avec bride sont con\u00e7us pour offrir une protection optimale aux professionnels de sant\u00e9. Gr\u00e2ce \u00e0 leur l\u00e9g\u00e8ret\u00e9 et leur confort, ils sont id\u00e9aux pour un usage quotidien dans les milieux m\u00e9dicaux.<\/p>\n<h2>Caract\u00e9ristiques<\/h2>\n<ul>\n<li>Conformes aux normes EN ISO 20347 A E SRC pour les chaussures de travail.<\/li>\n<li>Poids l\u00e9ger : chaque paire ne p\u00e8se que 200 g.<\/li>\n<li>Ventilation assur\u00e9e gr\u00e2ce aux trous lat\u00e9raux tout en emp\u00eachant l&#8217;entr\u00e9e de liquides.<\/li>\n<li>Conception anatomique respectant la forme naturelle du pied.<\/li>\n<li>Absorption d&#8217;\u00e9nergie maximale dans la zone du talon pour un confort sup\u00e9rieur.<\/li>\n<li>Semelle antiglisse r\u00e9pondant aux exigences SRC de r\u00e9sistance au glissement.<\/li>\n<li>\u00c9l\u00e9ments antistatiques efficaces m\u00eame apr\u00e8s de nombreux lavages.<\/li>\n<li>Lavables jusqu&#8217;\u00e0 50\u00b0C, r\u00e9sistants \u00e0 la st\u00e9rilisation chimique et UV.<\/li>\n<li>Propri\u00e9t\u00e9s antibact\u00e9riennes, antimoisissures et antifongiques.<\/li>\n<li>Sans latex pour \u00e9viter les allergies.<\/li>\n<\/ul>\n<h2>Livraison<\/h2>\n<ul>\n<li><strong>France :<\/strong> Livraison directe.<\/li>\n<li><strong>Export (Europe et Afrique) :<\/strong> Sur devis.<\/li>\n<\/ul>\n","protected":false},"excerpt":{"rendered":"<ul>\n<li>Id\u00e9al pour les professionnels de sant\u00e9 et les environnements m\u00e9dicaux.<\/li>\n<li>Protection optimale et confort gr\u00e2ce \u00e0 leur conception anatomique.<\/li>\n<li>Lavables et r\u00e9sistants pour une hygi\u00e8ne irr\u00e9prochable.<\/li>\n<li>Antid\u00e9rapants et antichocs pour assurer la s\u00e9curit\u00e9 lors des d\u00e9placements.<\/li>\n<\/ul>\n","protected":false},"featured_media":114809,"comment_status":"open","ping_status":"open","template":"","meta":{"inline_featured_image":false},"product_brand":[],"product_cat":[1258,1236],"product_tag":[],"class_list":{"0":"post-114808","1":"product","2":"type-product","3":"status-publish","4":"has-post-thumbnail","6":"product_cat-sabots","7":"product_cat-soins-et-pharmacie","9":"first","10":"instock","11":"sale","12":"taxable","13":"shipping-taxable","14":"purchasable","15":"product-type-simple"},"_links":{"self":[{"href":"https:\/\/nimedixmedical.com\/fr\/wp-json\/wp\/v2\/product\/114808","targetHints":{"allow":["GET"]}}],"collection":[{"href":"https:\/\/nimedixmedical.com\/fr\/wp-json\/wp\/v2\/product"}],"about":[{"href":"https:\/\/nimedixmedical.com\/fr\/wp-json\/wp\/v2\/types\/product"}],"replies":[{"embeddable":true,"href":"https:\/\/nimedixmedical.com\/fr\/wp-json\/wp\/v2\/comments?post=114808"}],"wp:featuredmedia":[{"embeddable":true,"href":"https:\/\/nimedixmedical.com\/fr\/wp-json\/wp\/v2\/media\/114809"}],"wp:attachment":[{"href":"https:\/\/nimedixmedical.com\/fr\/wp-json\/wp\/v2\/media?parent=114808"}],"wp:term":[{"taxonomy":"product_brand","embeddable":true,"href":"https:\/\/nimedixmedical.com\/fr\/wp-json\/wp\/v2\/product_brand?post=114808"},{"taxonomy":"product_cat","embeddable":true,"href":"https:\/\/nimedixmedical.com\/fr\/wp-json\/wp\/v2\/product_cat?post=114808"},{"taxonomy":"product_tag","embeddable":true,"href":"https:\/\/nimedixmedical.com\/fr\/wp-json\/wp\/v2\/product_tag?post=114808"}],"curies":[{"name":"wp","href":"https:\/\/api.w.org\/{rel}","templated":true}]}}