{"id":114574,"date":"2025-11-30T22:39:02","date_gmt":"2025-11-30T21:39:02","guid":{"rendered":"https:\/\/nimedixmedical.com\/notre-catalogue\/thermometre-infrarouge-sans-contact-aeon-a200-gbfrites\/"},"modified":"2026-01-12T15:50:02","modified_gmt":"2026-01-12T14:50:02","slug":"thermometre-infrarouge-sans-contact-aeon-a200-gbfrites","status":"publish","type":"product","link":"https:\/\/nimedixmedical.com\/fr\/notre-catalogue\/thermometre-infrarouge-sans-contact-aeon-a200-gbfrites\/","title":{"rendered":"Thermom\u00e8tre Infrarouge Sans Contact Aeon A200 Gb,fr,it,es"},"content":{"rendered":"<p>Le thermom\u00e8tre infrarouge sans contact A200 est un dispositif m\u00e9dical essentiel pour une mesure rapide et pr\u00e9cise de la temp\u00e9rature corporelle. Id\u00e9al pour une utilisation \u00e0 domicile ou en milieu m\u00e9dical, il permet d&#8217;\u00e9valuer la temp\u00e9rature sans contact direct, garantissant ainsi une hygi\u00e8ne optimale.<\/p>\n<h2>Caract\u00e9ristiques<\/h2>\n<ul>\n<li>Distance d&#8217;utilisation : 2-3 cm.<\/li>\n<li>R\u00e9sultats en 1 seconde.<\/li>\n<li>\u00c9cran LCD r\u00e9tro\u00e9clair\u00e9 avec trois couleurs pour indiquer le niveau de temp\u00e9rature.<\/li>\n<li>Capteur de qualit\u00e9 pour une mesure pr\u00e9cise \u00b10,2 \u00b0C.<\/li>\n<li>Plage de mesure : 32 &#8211; 42,9\u00b0C pour les personnes et 0-99\u00b0C pour les objets.<\/li>\n<li>Mode d&#8217;affichage : Conversion facile entre \u00b0C et \u00b0F.<\/li>\n<li>Arr\u00eat automatique apr\u00e8s 30 secondes.<\/li>\n<li>Stockage de 25 mesures et alarme sonore pour les temp\u00e9ratures \u00e9lev\u00e9es.<\/li>\n<li>Fourni avec bo\u00eete et mode d&#8217;emploi multilingues, et avec batteries incluses.<\/li>\n<li>Dimensions : 168x54x44 mm, poids : 75 g.<\/li>\n<\/ul>\n<h2>Livraison<\/h2>\n<ul>\n<li><strong>France :<\/strong> Livraison directe.<\/li>\n<li><strong>Export (Europe et Afrique) :<\/strong> Sur devis.<\/li>\n<\/ul>\n","protected":false},"excerpt":{"rendered":"<ul>\n<li>Thermom\u00e8tre infrarouge sans contact pour une utilisation rapide et hygi\u00e9nique.<\/li>\n<li>Mesure pr\u00e9cise de la temp\u00e9rature corporelle et des objets en seulement 1 seconde.<\/li>\n<li>\u00c9cran LCD r\u00e9tro\u00e9clair\u00e9 avec indication de la temp\u00e9rature par couleur.<\/li>\n<li>Facilit\u00e9 d&#8217;utilisation avec fonction de stockage de 25 mesures.<\/li>\n<\/ul>\n","protected":false},"featured_media":114575,"comment_status":"open","ping_status":"open","template":"","meta":{"inline_featured_image":false},"product_brand":[],"product_cat":[1236,1250,1255],"product_tag":[],"class_list":{"0":"post-114574","1":"product","2":"type-product","3":"status-publish","4":"has-post-thumbnail","6":"product_cat-soins-et-pharmacie","7":"product_cat-thermometres-soins-et-pharmacie","8":"product_cat-thermometres-auriculaire-et-frontal","10":"first","11":"instock","12":"sale","13":"taxable","14":"shipping-taxable","15":"purchasable","16":"product-type-simple"},"_links":{"self":[{"href":"https:\/\/nimedixmedical.com\/fr\/wp-json\/wp\/v2\/product\/114574","targetHints":{"allow":["GET"]}}],"collection":[{"href":"https:\/\/nimedixmedical.com\/fr\/wp-json\/wp\/v2\/product"}],"about":[{"href":"https:\/\/nimedixmedical.com\/fr\/wp-json\/wp\/v2\/types\/product"}],"replies":[{"embeddable":true,"href":"https:\/\/nimedixmedical.com\/fr\/wp-json\/wp\/v2\/comments?post=114574"}],"wp:featuredmedia":[{"embeddable":true,"href":"https:\/\/nimedixmedical.com\/fr\/wp-json\/wp\/v2\/media\/114575"}],"wp:attachment":[{"href":"https:\/\/nimedixmedical.com\/fr\/wp-json\/wp\/v2\/media?parent=114574"}],"wp:term":[{"taxonomy":"product_brand","embeddable":true,"href":"https:\/\/nimedixmedical.com\/fr\/wp-json\/wp\/v2\/product_brand?post=114574"},{"taxonomy":"product_cat","embeddable":true,"href":"https:\/\/nimedixmedical.com\/fr\/wp-json\/wp\/v2\/product_cat?post=114574"},{"taxonomy":"product_tag","embeddable":true,"href":"https:\/\/nimedixmedical.com\/fr\/wp-json\/wp\/v2\/product_tag?post=114574"}],"curies":[{"name":"wp","href":"https:\/\/api.w.org\/{rel}","templated":true}]}}