{"id":114557,"date":"2025-11-30T22:39:02","date_gmt":"2025-11-30T21:39:02","guid":{"rendered":"https:\/\/nimedixmedical.com\/notre-catalogue\/thermometre-auriculaire-omron-gentle-temp-520-mc-520-e\/"},"modified":"2026-01-21T20:39:14","modified_gmt":"2026-01-21T19:39:14","slug":"thermometre-auriculaire-omron-gentle-temp-520-mc-520-e","status":"publish","type":"product","link":"https:\/\/nimedixmedical.com\/fr\/notre-catalogue\/thermometre-auriculaire-omron-gentle-temp-520-mc-520-e\/","title":{"rendered":"Thermom\u00e8tre Auriculaire OMRON Gentle Temp 520 &#8211; Mc-520-e"},"content":{"rendered":"<p>Le thermom\u00e8tre auriculaire OMRON Gentle Temp\u00ae 520 est con\u00e7u pour fournir des mesures de temp\u00e9rature pr\u00e9cises et rapides, id\u00e9ales pour le suivi de la sant\u00e9 familiale. Avec sa technologie infrarouge, il est un outil indispensable pour d\u00e9tecter la fi\u00e8vre chez les enfants et les adultes.<\/p>\n<h2>Caract\u00e9ristiques<\/h2>\n<ul>\n<li>Plage de mesure : 34,0-42,2\u00b0C (93,2-108,0\u00b0F)<\/li>\n<li>Exactitude : \u00b1 0,2\u00b0C (\u00b1 0,4\u00b0F)<\/li>\n<li>Temps de mesure : 1 seconde<\/li>\n<li>M\u00e9moire : 9 lectures pour suivre les tendances de temp\u00e9rature<\/li>\n<li>\u00c9cran : LCD clair et facile \u00e0 lire<\/li>\n<li>Arr\u00eat automatique : 1 minute pour \u00e9conomiser la batterie<\/li>\n<li>Alimentation : 1 batterie bouton au lithium CR2032 (incluse)<\/li>\n<li>Dimensions : 161x36x56 mm ; Poids : 85g<\/li>\n<li>Protection : Type BF &#8211; IP22<\/li>\n<\/ul>\n<h2>Livraison<\/h2>\n<ul>\n<li><strong>France :<\/strong> Livraison directe.<\/li>\n<li><strong>Export (Europe et Afrique) :<\/strong> Sur devis.<\/li>\n<\/ul>\n","protected":false},"excerpt":{"rendered":"<ul>\n<li>Utilisation : Thermom\u00e8tre auriculaire pour mesure de temp\u00e9rature rapide et pr\u00e9cise.<\/li>\n<li>B\u00e9n\u00e9fice : R\u00e9sultats en 1 seconde avec m\u00e9morisation de 9 mesures pour un suivi efficace.<\/li>\n<li>Conception ergonomique : Large \u00e9cran LCD et \u00e9chelle de lecture commutable \u00b0C\/\u00b0F.<\/li>\n<li>Pratique : Inclus 21 embouts de sonde pour une utilisation hygi\u00e9nique.<\/li>\n<\/ul>\n","protected":false},"featured_media":114558,"comment_status":"open","ping_status":"open","template":"","meta":{"inline_featured_image":false},"product_brand":[],"product_cat":[1236,1250,1255],"product_tag":[],"class_list":{"0":"post-114557","1":"product","2":"type-product","3":"status-publish","4":"has-post-thumbnail","6":"product_cat-soins-et-pharmacie","7":"product_cat-thermometres-soins-et-pharmacie","8":"product_cat-thermometres-auriculaire-et-frontal","10":"first","11":"instock","12":"sale","13":"taxable","14":"shipping-taxable","15":"purchasable","16":"product-type-simple"},"_links":{"self":[{"href":"https:\/\/nimedixmedical.com\/fr\/wp-json\/wp\/v2\/product\/114557","targetHints":{"allow":["GET"]}}],"collection":[{"href":"https:\/\/nimedixmedical.com\/fr\/wp-json\/wp\/v2\/product"}],"about":[{"href":"https:\/\/nimedixmedical.com\/fr\/wp-json\/wp\/v2\/types\/product"}],"replies":[{"embeddable":true,"href":"https:\/\/nimedixmedical.com\/fr\/wp-json\/wp\/v2\/comments?post=114557"}],"wp:featuredmedia":[{"embeddable":true,"href":"https:\/\/nimedixmedical.com\/fr\/wp-json\/wp\/v2\/media\/114558"}],"wp:attachment":[{"href":"https:\/\/nimedixmedical.com\/fr\/wp-json\/wp\/v2\/media?parent=114557"}],"wp:term":[{"taxonomy":"product_brand","embeddable":true,"href":"https:\/\/nimedixmedical.com\/fr\/wp-json\/wp\/v2\/product_brand?post=114557"},{"taxonomy":"product_cat","embeddable":true,"href":"https:\/\/nimedixmedical.com\/fr\/wp-json\/wp\/v2\/product_cat?post=114557"},{"taxonomy":"product_tag","embeddable":true,"href":"https:\/\/nimedixmedical.com\/fr\/wp-json\/wp\/v2\/product_tag?post=114557"}],"curies":[{"name":"wp","href":"https:\/\/api.w.org\/{rel}","templated":true}]}}