{"id":114526,"date":"2025-11-30T22:38:16","date_gmt":"2025-11-30T21:38:16","guid":{"rendered":"https:\/\/nimedixmedical.com\/notre-catalogue\/thermometre-digital-jumbo-c-rectal-oral-boite-a-suspendre\/"},"modified":"2026-01-12T15:49:51","modified_gmt":"2026-01-12T14:49:51","slug":"thermometre-digital-jumbo-c-rectal-oral-boite-a-suspendre","status":"publish","type":"product","link":"https:\/\/nimedixmedical.com\/fr\/notre-catalogue\/thermometre-digital-jumbo-c-rectal-oral-boite-a-suspendre\/","title":{"rendered":"Thermom\u00e8tre Digital Jumbo \u00b0c Rectal\/oral &#8211; Bo\u00eete \u00e0 Suspendre"},"content":{"rendered":"<p>Le thermom\u00e8tre digital Jumbo \u00b0C est un outil m\u00e9dical essentiel pour une surveillance pr\u00e9cise de la temp\u00e9rature corporelle. Con\u00e7u pour un usage rectal et oral, il assure une prise de mesure rapide et fiable, id\u00e9al pour les familles et professionnels de sant\u00e9.<\/p>\n<h2>Caract\u00e9ristiques<\/h2>\n<ul>\n<li>Type : Thermom\u00e8tre num\u00e9rique flexi Jumbo \u00b0C \/ \u00b0F commutable.<\/li>\n<li>Bo\u00eete \u00e0 suspendre avec \u00e9tui en plastique pour un rangement facile.<\/li>\n<li>Pointe souple et \u00e9tanche pour un usage s\u00fbr et confortable.<\/li>\n<li>Plage d&#8217;affichage : 32,0 \u00b0C &#8211; 42,0 \u00b0C avec pr\u00e9cision de \u00b1 0,1 \u00b0C.<\/li>\n<li>Fonction m\u00e9moire pour afficher la derni\u00e8re mesure prise.<\/li>\n<li>Alarme de fi\u00e8vre et extinction automatique pour \u00e9conomiser la batterie.<\/li>\n<li>Batterie CR1632 incluse.<\/li>\n<li>Mode d&#8217;emploi et bo\u00eete multilingues (GB, FR, IT, ES, PT, GR).<\/li>\n<\/ul>\n<h2>Livraison<\/h2>\n<ul>\n<li><strong>France :<\/strong> Livraison directe.<\/li>\n<li><strong>Export (Europe et Afrique) :<\/strong> Sur devis.<\/li>\n<\/ul>\n","protected":false},"excerpt":{"rendered":"<ul>\n<li>Utilisation rectale ou orale pour une flexibilit\u00e9 d&#8217;usage.<\/li>\n<li>Affichage large et r\u00e9tro\u00e9clair\u00e9 pour une lecture facile des r\u00e9sultats.<\/li>\n<li>Pr\u00e9cision de \u00b1 0,1 \u00b0C pour des mesures fiables.<\/li>\n<li>Fonction alarme de fi\u00e8vre pour un suivi optimal de la sant\u00e9.<\/li>\n<\/ul>\n","protected":false},"featured_media":114527,"comment_status":"open","ping_status":"open","template":"","meta":{"inline_featured_image":false},"product_brand":[],"product_cat":[1236,1250,1254],"product_tag":[],"class_list":{"0":"post-114526","1":"product","2":"type-product","3":"status-publish","4":"has-post-thumbnail","6":"product_cat-soins-et-pharmacie","7":"product_cat-thermometres-soins-et-pharmacie","8":"product_cat-thermometres-digitaux","10":"first","11":"instock","12":"sale","13":"taxable","14":"shipping-taxable","15":"purchasable","16":"product-type-simple"},"_links":{"self":[{"href":"https:\/\/nimedixmedical.com\/fr\/wp-json\/wp\/v2\/product\/114526","targetHints":{"allow":["GET"]}}],"collection":[{"href":"https:\/\/nimedixmedical.com\/fr\/wp-json\/wp\/v2\/product"}],"about":[{"href":"https:\/\/nimedixmedical.com\/fr\/wp-json\/wp\/v2\/types\/product"}],"replies":[{"embeddable":true,"href":"https:\/\/nimedixmedical.com\/fr\/wp-json\/wp\/v2\/comments?post=114526"}],"wp:featuredmedia":[{"embeddable":true,"href":"https:\/\/nimedixmedical.com\/fr\/wp-json\/wp\/v2\/media\/114527"}],"wp:attachment":[{"href":"https:\/\/nimedixmedical.com\/fr\/wp-json\/wp\/v2\/media?parent=114526"}],"wp:term":[{"taxonomy":"product_brand","embeddable":true,"href":"https:\/\/nimedixmedical.com\/fr\/wp-json\/wp\/v2\/product_brand?post=114526"},{"taxonomy":"product_cat","embeddable":true,"href":"https:\/\/nimedixmedical.com\/fr\/wp-json\/wp\/v2\/product_cat?post=114526"},{"taxonomy":"product_tag","embeddable":true,"href":"https:\/\/nimedixmedical.com\/fr\/wp-json\/wp\/v2\/product_tag?post=114526"}],"curies":[{"name":"wp","href":"https:\/\/api.w.org\/{rel}","templated":true}]}}