{"id":114521,"date":"2025-11-30T22:38:16","date_gmt":"2025-11-30T21:38:16","guid":{"rendered":"https:\/\/nimedixmedical.com\/notre-catalogue\/thermometre-digital-gima-c-en-presentoir\/"},"modified":"2026-01-12T15:49:49","modified_gmt":"2026-01-12T14:49:49","slug":"thermometre-digital-gima-c-en-presentoir","status":"publish","type":"product","link":"https:\/\/nimedixmedical.com\/fr\/notre-catalogue\/thermometre-digital-gima-c-en-presentoir\/","title":{"rendered":"Thermom\u00e8tre Digital GIMA \u00b0c en Pr\u00e9sentoir"},"content":{"rendered":"<p>Le thermom\u00e8tre num\u00e9rique GIMA est un appareil m\u00e9dical essentiel pour suivre la temp\u00e9rature corporelle rapidement et avec pr\u00e9cision. Id\u00e9al pour un usage \u00e0 domicile ou en milieu professionnel, il garantit des r\u00e9sultats fiables, facilitant ainsi la gestion de la sant\u00e9 de toute la famille.<\/p>\n<h2>Caract\u00e9ristiques<\/h2>\n<ul>\n<li>Plage d&#8217;affichage : 32,0 \u00b0C &#8211; 42,9 \u00b0C<\/li>\n<li>Pr\u00e9cision : \u00b1 0,1 \u00b0C<\/li>\n<li>M\u00e9moire : derni\u00e8re mesure enregistr\u00e9e<\/li>\n<li>Fonction sonnerie et extinction automatique pour une utilisation pratique<\/li>\n<li>\u00c9tui en plastique inclus pour une protection optimale<\/li>\n<li>Mode d&#8217;emploi multilingue (GB, FR, IT, ES, PT, GR)<\/li>\n<li>Fonctionne avec une batterie LR\/4I &#8211; 1,5V<\/li>\n<\/ul>\n<h2>Livraison<\/h2>\n<ul>\n<li><strong>France :<\/strong> Livraison directe.<\/li>\n<li><strong>Export (Europe et Afrique) :<\/strong> Sur devis.<\/li>\n<\/ul>\n","protected":false},"excerpt":{"rendered":"<ul>\n<li>Thermom\u00e8tre num\u00e9rique rapide : obtention de la temp\u00e9rature en seulement 30 secondes.<\/li>\n<li>Pr\u00e9cision \u00e9lev\u00e9e : mesure \u00e0 \u00b1 0,1 \u00b0C pour un suivi fiable de la sant\u00e9.<\/li>\n<li>\u00c9cran large et clair : facilit\u00e9 de lecture des r\u00e9sultats pour tous les utilisateurs.<\/li>\n<li>Fonctionnalit\u00e9s pratiques : m\u00e9moire de la derni\u00e8re mesure, sonnerie et extinction automatique.<\/li>\n<\/ul>\n","protected":false},"featured_media":114522,"comment_status":"open","ping_status":"open","template":"","meta":{"inline_featured_image":false},"product_brand":[],"product_cat":[1236,1250,1254],"product_tag":[],"class_list":{"0":"post-114521","1":"product","2":"type-product","3":"status-publish","4":"has-post-thumbnail","6":"product_cat-soins-et-pharmacie","7":"product_cat-thermometres-soins-et-pharmacie","8":"product_cat-thermometres-digitaux","10":"first","11":"instock","12":"sale","13":"taxable","14":"shipping-taxable","15":"purchasable","16":"product-type-simple"},"_links":{"self":[{"href":"https:\/\/nimedixmedical.com\/fr\/wp-json\/wp\/v2\/product\/114521","targetHints":{"allow":["GET"]}}],"collection":[{"href":"https:\/\/nimedixmedical.com\/fr\/wp-json\/wp\/v2\/product"}],"about":[{"href":"https:\/\/nimedixmedical.com\/fr\/wp-json\/wp\/v2\/types\/product"}],"replies":[{"embeddable":true,"href":"https:\/\/nimedixmedical.com\/fr\/wp-json\/wp\/v2\/comments?post=114521"}],"wp:featuredmedia":[{"embeddable":true,"href":"https:\/\/nimedixmedical.com\/fr\/wp-json\/wp\/v2\/media\/114522"}],"wp:attachment":[{"href":"https:\/\/nimedixmedical.com\/fr\/wp-json\/wp\/v2\/media?parent=114521"}],"wp:term":[{"taxonomy":"product_brand","embeddable":true,"href":"https:\/\/nimedixmedical.com\/fr\/wp-json\/wp\/v2\/product_brand?post=114521"},{"taxonomy":"product_cat","embeddable":true,"href":"https:\/\/nimedixmedical.com\/fr\/wp-json\/wp\/v2\/product_cat?post=114521"},{"taxonomy":"product_tag","embeddable":true,"href":"https:\/\/nimedixmedical.com\/fr\/wp-json\/wp\/v2\/product_tag?post=114521"}],"curies":[{"name":"wp","href":"https:\/\/api.w.org\/{rel}","templated":true}]}}