{"id":114518,"date":"2025-11-30T22:38:16","date_gmt":"2025-11-30T21:38:16","guid":{"rendered":"https:\/\/nimedixmedical.com\/notre-catalogue\/thermometre-digital-gima-f-boite-a-suspendre\/"},"modified":"2026-01-12T15:49:48","modified_gmt":"2026-01-12T14:49:48","slug":"thermometre-digital-gima-f-boite-a-suspendre","status":"publish","type":"product","link":"https:\/\/nimedixmedical.com\/fr\/notre-catalogue\/thermometre-digital-gima-f-boite-a-suspendre\/","title":{"rendered":"Thermom\u00e8tre Digital GIMA \u00b0f &#8211; Bo\u00eete \u00e0 Suspendre"},"content":{"rendered":"<p>Le thermom\u00e8tre digital GIMA est un outil essentiel pour les soins quotidiens. Con\u00e7u pour une utilisation simple et rapide, il permet d&#8217;obtenir des mesures de temp\u00e9rature pr\u00e9cises dans une plage de 89,6 \u00e0 107,6 \u00b0F. Id\u00e9al pour les professionnels de sant\u00e9 et les particuliers.<\/p>\n<h2>Caract\u00e9ristiques<\/h2>\n<ul>\n<li>Mesure pr\u00e9cise de la temp\u00e9rature avec une tol\u00e9rance de \u00b1 2,0\u00b0F.<\/li>\n<li>Affichage rapide des r\u00e9sultats en 60 secondes.<\/li>\n<li>\u00c9cran large et clair pour une lecture facile.<\/li>\n<li>Fonction m\u00e9moire pour m\u00e9moriser la derni\u00e8re mesure.<\/li>\n<li>Fonction sonnerie pour alerter lors de la mesure.<\/li>\n<li>Extinction automatique pour \u00e9conomiser la batterie.<\/li>\n<li>Bo\u00eetier en plastique durable et \u00e9tui de rangement inclus.<\/li>\n<li>Mode d&#8217;emploi multilingue (GB, FR, IT, ES, PT, DE, GR, Arabe).<\/li>\n<li>Fonctionne avec une batterie LR\/4I &#8211; 1,5V.<\/li>\n<\/ul>\n<h2>Livraison<\/h2>\n<ul>\n<li><strong>France :<\/strong> Livraison directe.<\/li>\n<li><strong>Export (Europe et Afrique) :<\/strong> Sur devis.<\/li>\n<\/ul>\n","protected":false},"excerpt":{"rendered":"<ul>\n<li>Mesure rapide en 60 secondes pour un diagnostic efficace.<\/li>\n<li>\u00c9cran large et clair pour une lecture facile des r\u00e9sultats.<\/li>\n<li>Fonction m\u00e9moire pour conserver la derni\u00e8re mesure prise.<\/li>\n<li>\u00c9conomie d&#8217;\u00e9nergie gr\u00e2ce \u00e0 l&#8217;extinction automatique.<\/li>\n<\/ul>\n","protected":false},"featured_media":114519,"comment_status":"open","ping_status":"open","template":"","meta":{"inline_featured_image":false},"product_brand":[],"product_cat":[1236,1250,1254],"product_tag":[],"class_list":{"0":"post-114518","1":"product","2":"type-product","3":"status-publish","4":"has-post-thumbnail","6":"product_cat-soins-et-pharmacie","7":"product_cat-thermometres-soins-et-pharmacie","8":"product_cat-thermometres-digitaux","10":"first","11":"instock","12":"sale","13":"taxable","14":"shipping-taxable","15":"purchasable","16":"product-type-simple"},"_links":{"self":[{"href":"https:\/\/nimedixmedical.com\/fr\/wp-json\/wp\/v2\/product\/114518","targetHints":{"allow":["GET"]}}],"collection":[{"href":"https:\/\/nimedixmedical.com\/fr\/wp-json\/wp\/v2\/product"}],"about":[{"href":"https:\/\/nimedixmedical.com\/fr\/wp-json\/wp\/v2\/types\/product"}],"replies":[{"embeddable":true,"href":"https:\/\/nimedixmedical.com\/fr\/wp-json\/wp\/v2\/comments?post=114518"}],"wp:featuredmedia":[{"embeddable":true,"href":"https:\/\/nimedixmedical.com\/fr\/wp-json\/wp\/v2\/media\/114519"}],"wp:attachment":[{"href":"https:\/\/nimedixmedical.com\/fr\/wp-json\/wp\/v2\/media?parent=114518"}],"wp:term":[{"taxonomy":"product_brand","embeddable":true,"href":"https:\/\/nimedixmedical.com\/fr\/wp-json\/wp\/v2\/product_brand?post=114518"},{"taxonomy":"product_cat","embeddable":true,"href":"https:\/\/nimedixmedical.com\/fr\/wp-json\/wp\/v2\/product_cat?post=114518"},{"taxonomy":"product_tag","embeddable":true,"href":"https:\/\/nimedixmedical.com\/fr\/wp-json\/wp\/v2\/product_tag?post=114518"}],"curies":[{"name":"wp","href":"https:\/\/api.w.org\/{rel}","templated":true}]}}