{"id":114482,"date":"2025-11-30T22:38:16","date_gmt":"2025-11-30T21:38:16","guid":{"rendered":"https:\/\/nimedixmedical.com\/notre-catalogue\/thermometre-geratherm-classic-gbfritesptdenlnodkfise\/"},"modified":"2026-01-12T15:49:38","modified_gmt":"2026-01-12T14:49:38","slug":"thermometre-geratherm-classic-gbfritesptdenlnodkfise","status":"publish","type":"product","link":"https:\/\/nimedixmedical.com\/fr\/notre-catalogue\/thermometre-geratherm-classic-gbfritesptdenlnodkfise\/","title":{"rendered":"Thermom\u00e8tre Geratherm Classic+ Gb,fr,it,es,pt,de,nl,no,dk,fi,se"},"content":{"rendered":"<p>Le thermom\u00e8tre Geratherm Classic+ est un choix id\u00e9al pour toute la famille, con\u00e7u pour fournir des mesures de temp\u00e9rature pr\u00e9cises et sans danger. D\u00e9velopp\u00e9 par Geratherm\u00ae Medical AG, il utilise un alliage liquide non toxique, garantissant une utilisation s\u00e9curis\u00e9e pour tous les \u00e2ges.<\/p>\n<h2>Caract\u00e9ristiques<\/h2>\n<ul>\n<li>Plage de mesure : 35,5\u00b0C \u00e0 42\u00b0C.<\/li>\n<li>Thermom\u00e8tre en verre sans mercure avec alliage Galinstan (gallium, indium, \u00e9tain).<\/li>\n<li>Calibration pour une pr\u00e9cision optimale.<\/li>\n<li>Outil de r\u00e9initialisation \u201cEasy flip\u201d pour un usage simplifi\u00e9.<\/li>\n<li>\u00c9tui de rangement avec loupe pour une lecture ais\u00e9e des r\u00e9sultats.<\/li>\n<li>Livr\u00e9 dans un pr\u00e9sentoir multilingue de 24 pi\u00e8ces.<\/li>\n<li>Fabriqu\u00e9 en Allemagne.<\/li>\n<\/ul>\n<h2>Livraison<\/h2>\n<ul>\n<li><strong>France :<\/strong> Livraison directe.<\/li>\n<li><strong>Export (Europe et Afrique) :<\/strong> Sur devis.<\/li>\n<\/ul>\n","protected":false},"excerpt":{"rendered":"<ul>\n<li>Thermom\u00e8tre sans mercure pour une utilisation s\u00e9curis\u00e9e et \u00e9cologique.<\/li>\n<li>Mesure pr\u00e9cise de la temp\u00e9rature corporelle par voie rectale, buccale ou axillaire.<\/li>\n<li>Facilit\u00e9 de nettoyage gr\u00e2ce \u00e0 sa structure ferm\u00e9e en verre, id\u00e9ale pour les personnes allergiques.<\/li>\n<li>Inclus : outil de r\u00e9initialisation \u201cEasy flip\u201d et \u00e9tui de rangement avec loupe.<\/li>\n<\/ul>\n","protected":false},"featured_media":114483,"comment_status":"open","ping_status":"open","template":"","meta":{"inline_featured_image":false},"product_brand":[],"product_cat":[1236,1250,1253],"product_tag":[],"class_list":{"0":"post-114482","1":"product","2":"type-product","3":"status-publish","4":"has-post-thumbnail","6":"product_cat-soins-et-pharmacie","7":"product_cat-thermometres-soins-et-pharmacie","8":"product_cat-thermometres-ecologiques-sans-mercure","10":"first","11":"instock","12":"sale","13":"taxable","14":"shipping-taxable","15":"purchasable","16":"product-type-simple"},"_links":{"self":[{"href":"https:\/\/nimedixmedical.com\/fr\/wp-json\/wp\/v2\/product\/114482","targetHints":{"allow":["GET"]}}],"collection":[{"href":"https:\/\/nimedixmedical.com\/fr\/wp-json\/wp\/v2\/product"}],"about":[{"href":"https:\/\/nimedixmedical.com\/fr\/wp-json\/wp\/v2\/types\/product"}],"replies":[{"embeddable":true,"href":"https:\/\/nimedixmedical.com\/fr\/wp-json\/wp\/v2\/comments?post=114482"}],"wp:featuredmedia":[{"embeddable":true,"href":"https:\/\/nimedixmedical.com\/fr\/wp-json\/wp\/v2\/media\/114483"}],"wp:attachment":[{"href":"https:\/\/nimedixmedical.com\/fr\/wp-json\/wp\/v2\/media?parent=114482"}],"wp:term":[{"taxonomy":"product_brand","embeddable":true,"href":"https:\/\/nimedixmedical.com\/fr\/wp-json\/wp\/v2\/product_brand?post=114482"},{"taxonomy":"product_cat","embeddable":true,"href":"https:\/\/nimedixmedical.com\/fr\/wp-json\/wp\/v2\/product_cat?post=114482"},{"taxonomy":"product_tag","embeddable":true,"href":"https:\/\/nimedixmedical.com\/fr\/wp-json\/wp\/v2\/product_tag?post=114482"}],"curies":[{"name":"wp","href":"https:\/\/api.w.org\/{rel}","templated":true}]}}