{"id":114425,"date":"2025-11-30T22:35:52","date_gmt":"2025-11-30T21:35:52","guid":{"rendered":"https:\/\/nimedixmedical.com\/notre-catalogue\/thermometre-infrarouge-sans-contact-gimatemp-gbfrites\/"},"modified":"2026-01-12T15:49:24","modified_gmt":"2026-01-12T14:49:24","slug":"thermometre-infrarouge-sans-contact-gimatemp-gbfrites","status":"publish","type":"product","link":"https:\/\/nimedixmedical.com\/fr\/notre-catalogue\/thermometre-infrarouge-sans-contact-gimatemp-gbfrites\/","title":{"rendered":"Thermom\u00e8tre Infrarouge Sans Contact Gimatemp Gb,fr,it,es"},"content":{"rendered":"<p>Le thermom\u00e8tre infrarouge sans contact GIMATEMP est un dispositif m\u00e9dical essentiel pour surveiller la temp\u00e9rature corporelle, particuli\u00e8rement en p\u00e9riode de maladies infectieuses. Sa pr\u00e9cision et sa rapidit\u00e9 en font un outil privil\u00e9gi\u00e9 pour un usage \u00e0 domicile ou en milieu m\u00e9dical.<\/p>\n<h2>Caract\u00e9ristiques<\/h2>\n<ul>\n<li>Mesures de temp\u00e9rature du corps, des liquides, des aliments et de l\u2019ambiance.<\/li>\n<li>Temps de mesure : 2-3 secondes avec une pr\u00e9cision allant jusqu&#8217;\u00e0 \u00b10,2\u00b0C.<\/li>\n<li>Alerte r\u00e9tro\u00e9clair\u00e9e \u00e0 3 couleurs (rouge, jaune, vert) pour indiquer la pr\u00e9sence de fi\u00e8vre.<\/li>\n<li>Capacit\u00e9 de m\u00e9moire pour 50 mesures, avec affichage permanent de la temp\u00e9rature ambiante.<\/li>\n<li>Modes de fonctionnement : corps (34,0~43,0\u00b0C) et surface (0~100\u00b0C).<\/li>\n<li>Dimensions : 122 x 96 x 42 mm, poids : 80 g, aliment\u00e9 par 2 piles AAA incluses.<\/li>\n<\/ul>\n<h2>Livraison<\/h2>\n<ul>\n<li><strong>France :<\/strong> Livraison directe.<\/li>\n<li><strong>Export (Europe et Afrique) :<\/strong> Sur devis.<\/li>\n<\/ul>\n","protected":false},"excerpt":{"rendered":"<ul>\n<li>Thermom\u00e8tre infrarouge sans contact, id\u00e9al pour mesurer la temp\u00e9rature du corps, des liquides et des aliments.<\/li>\n<li>Mesure rapide et pr\u00e9cise en seulement 2-3 secondes, avec alerte de fi\u00e8vre par r\u00e9tro\u00e9clairage color\u00e9.<\/li>\n<li>Fonctionnement simple avec m\u00e9moire pour jusqu&#8217;\u00e0 50 mesures, parfait pour un suivi de sant\u00e9 \u00e0 domicile.<\/li>\n<li>Pr\u00e9cision \u00e9lev\u00e9e et distance de mesure de 1 \u00e0 5 cm, garantissant un usage s\u00e9curis\u00e9 et hygi\u00e9nique.<\/li>\n<\/ul>\n","protected":false},"featured_media":114426,"comment_status":"open","ping_status":"open","template":"","meta":{"inline_featured_image":false},"product_brand":[],"product_cat":[1236,1250,1251],"product_tag":[],"class_list":{"0":"post-114425","1":"product","2":"type-product","3":"status-publish","4":"has-post-thumbnail","6":"product_cat-soins-et-pharmacie","7":"product_cat-thermometres-soins-et-pharmacie","8":"product_cat-thermometres-sans-contact","10":"first","11":"instock","12":"sale","13":"taxable","14":"shipping-taxable","15":"purchasable","16":"product-type-simple"},"_links":{"self":[{"href":"https:\/\/nimedixmedical.com\/fr\/wp-json\/wp\/v2\/product\/114425","targetHints":{"allow":["GET"]}}],"collection":[{"href":"https:\/\/nimedixmedical.com\/fr\/wp-json\/wp\/v2\/product"}],"about":[{"href":"https:\/\/nimedixmedical.com\/fr\/wp-json\/wp\/v2\/types\/product"}],"replies":[{"embeddable":true,"href":"https:\/\/nimedixmedical.com\/fr\/wp-json\/wp\/v2\/comments?post=114425"}],"wp:featuredmedia":[{"embeddable":true,"href":"https:\/\/nimedixmedical.com\/fr\/wp-json\/wp\/v2\/media\/114426"}],"wp:attachment":[{"href":"https:\/\/nimedixmedical.com\/fr\/wp-json\/wp\/v2\/media?parent=114425"}],"wp:term":[{"taxonomy":"product_brand","embeddable":true,"href":"https:\/\/nimedixmedical.com\/fr\/wp-json\/wp\/v2\/product_brand?post=114425"},{"taxonomy":"product_cat","embeddable":true,"href":"https:\/\/nimedixmedical.com\/fr\/wp-json\/wp\/v2\/product_cat?post=114425"},{"taxonomy":"product_tag","embeddable":true,"href":"https:\/\/nimedixmedical.com\/fr\/wp-json\/wp\/v2\/product_tag?post=114425"}],"curies":[{"name":"wp","href":"https:\/\/api.w.org\/{rel}","templated":true}]}}