{"id":114418,"date":"2025-11-30T22:35:52","date_gmt":"2025-11-30T21:35:52","guid":{"rendered":"https:\/\/nimedixmedical.com\/notre-catalogue\/thermometre-infrarouge-sans-contact-gimatemp-itdeptse\/"},"modified":"2026-01-12T15:49:23","modified_gmt":"2026-01-12T14:49:23","slug":"thermometre-infrarouge-sans-contact-gimatemp-itdeptse","status":"publish","type":"product","link":"https:\/\/nimedixmedical.com\/fr\/notre-catalogue\/thermometre-infrarouge-sans-contact-gimatemp-itdeptse\/","title":{"rendered":"Thermom\u00e8tre Infrarouge Sans Contact Gimatemp It,de,pt,se"},"content":{"rendered":"<p>Le thermom\u00e8tre infrarouge sans contact GIMATEMP est un appareil m\u00e9dical multifonction id\u00e9al pour une utilisation \u00e0 domicile ou professionnelle. Il permet de mesurer rapidement la temp\u00e9rature corporelle, des liquides, des aliments et de l&#8217;air, garantissant une pr\u00e9cision optimale pour le suivi de la sant\u00e9.<\/p>\n<h2>Caract\u00e9ristiques<\/h2>\n<ul>\n<li>Mesure rapide en 2-3 secondes.<\/li>\n<li>Alerte r\u00e9tro\u00e9clair\u00e9e \u00e0 3 couleurs pour la d\u00e9tection de la fi\u00e8vre.<\/li>\n<li>Distance de mesure de 1-5 cm pour un usage sans contact.<\/li>\n<li>50 m\u00e9moires pour le suivi des temp\u00e9ratures.<\/li>\n<li>Pr\u00e9cision : Mode corps \u00b10,2\u00b0C, Mode surface \u00b12\u00b0C.<\/li>\n<li>Arr\u00eat automatique apr\u00e8s 18 secondes d&#8217;inactivit\u00e9.<\/li>\n<li>Batteries alcalines incluses (2x AAA).<\/li>\n<li>Dimensions : 122 x 96 x 42 mm, poids : 80 g.<\/li>\n<\/ul>\n<h2>Livraison<\/h2>\n<ul>\n<li><strong>France :<\/strong> Livraison directe.<\/li>\n<li><strong>Export (Europe et Afrique) :<\/strong> Sur devis.<\/li>\n<\/ul>\n","protected":false},"excerpt":{"rendered":"<ul>\n<li>Utilisation : Thermom\u00e8tre sans contact pour mesurer la temp\u00e9rature corporelle, des liquides, des aliments et la temp\u00e9rature ambiante.<\/li>\n<li>B\u00e9n\u00e9fice : Mesures rapides et pr\u00e9cises en seulement 2-3 secondes, avec alerte de fi\u00e8vre via un syst\u00e8me r\u00e9tro\u00e9clair\u00e9.<\/li>\n<li>Pratique : Fonctionne \u00e0 une distance de 1 \u00e0 5 cm pour un usage hygi\u00e9nique et sans contact.<\/li>\n<li>Stockage : Capacit\u00e9 de m\u00e9moriser jusqu&#8217;\u00e0 50 valeurs de temp\u00e9rature pour un suivi efficace.<\/li>\n<\/ul>\n","protected":false},"featured_media":114419,"comment_status":"open","ping_status":"open","template":"","meta":{"inline_featured_image":false},"product_brand":[],"product_cat":[1236,1250,1251],"product_tag":[],"class_list":{"0":"post-114418","1":"product","2":"type-product","3":"status-publish","4":"has-post-thumbnail","6":"product_cat-soins-et-pharmacie","7":"product_cat-thermometres-soins-et-pharmacie","8":"product_cat-thermometres-sans-contact","10":"first","11":"instock","12":"sale","13":"taxable","14":"shipping-taxable","15":"purchasable","16":"product-type-simple"},"_links":{"self":[{"href":"https:\/\/nimedixmedical.com\/fr\/wp-json\/wp\/v2\/product\/114418","targetHints":{"allow":["GET"]}}],"collection":[{"href":"https:\/\/nimedixmedical.com\/fr\/wp-json\/wp\/v2\/product"}],"about":[{"href":"https:\/\/nimedixmedical.com\/fr\/wp-json\/wp\/v2\/types\/product"}],"replies":[{"embeddable":true,"href":"https:\/\/nimedixmedical.com\/fr\/wp-json\/wp\/v2\/comments?post=114418"}],"wp:featuredmedia":[{"embeddable":true,"href":"https:\/\/nimedixmedical.com\/fr\/wp-json\/wp\/v2\/media\/114419"}],"wp:attachment":[{"href":"https:\/\/nimedixmedical.com\/fr\/wp-json\/wp\/v2\/media?parent=114418"}],"wp:term":[{"taxonomy":"product_brand","embeddable":true,"href":"https:\/\/nimedixmedical.com\/fr\/wp-json\/wp\/v2\/product_brand?post=114418"},{"taxonomy":"product_cat","embeddable":true,"href":"https:\/\/nimedixmedical.com\/fr\/wp-json\/wp\/v2\/product_cat?post=114418"},{"taxonomy":"product_tag","embeddable":true,"href":"https:\/\/nimedixmedical.com\/fr\/wp-json\/wp\/v2\/product_tag?post=114418"}],"curies":[{"name":"wp","href":"https:\/\/api.w.org\/{rel}","templated":true}]}}