{"id":114409,"date":"2025-11-30T22:35:52","date_gmt":"2025-11-30T21:35:52","guid":{"rendered":"https:\/\/nimedixmedical.com\/notre-catalogue\/thermometre-sans-contact-omron-gentle-temp-720-mc-720-e\/"},"modified":"2026-01-21T20:38:52","modified_gmt":"2026-01-21T19:38:52","slug":"thermometre-sans-contact-omron-gentle-temp-720-mc-720-e","status":"publish","type":"product","link":"https:\/\/nimedixmedical.com\/fr\/notre-catalogue\/thermometre-sans-contact-omron-gentle-temp-720-mc-720-e\/","title":{"rendered":"Thermom\u00e8tre Sans Contact OMRON Gentle Temp 720 &#8211; Mc-720-e"},"content":{"rendered":"<p>Le thermom\u00e8tre sans contact Omron Gentle Temp 720 est con\u00e7u pour une utilisation domestique efficace. Il permet une mesure rapide et pr\u00e9cise de la temp\u00e9rature corporelle, des surfaces, et de l&#8217;ambiance, facilitant le suivi de l&#8217;\u00e9tat de sant\u00e9 des patients et des nourrissons.<\/p>\n<h2>Caract\u00e9ristiques<\/h2>\n<ul>\n<li>Type de mesure : Sans contact 3 en 1 (temp\u00e9rature frontale, surfaces, ambiante).<\/li>\n<li>Plage de mesure :\n<ul>\n<li>Temp\u00e9rature frontale : 34,0-42,2\u00b0C (93,2-108,0\u00b0F) avec une pr\u00e9cision de \u00b1 0,2\u00b0C.<\/li>\n<li>Temp\u00e9rature des surfaces : -22,0-80,0\u00b0C (-7,6\u00b0 &#8211; 176,0\u00b0F) avec une pr\u00e9cision de \u00b1 0,3\u00b0C.<\/li>\n<li>Temp\u00e9rature ambiante : 10-40\u00b0C (50\u00b0-104\u00b0F) avec une pr\u00e9cision de \u00b1 2\u00b0C.<\/li>\n<\/ul>\n<\/li>\n<li>Temps de mesure : 1 seconde.<\/li>\n<li>Distance de mesure : 1-3 cm (0,4-1,2 pouces).<\/li>\n<li>M\u00e9moire : Enregistre jusqu&#8217;\u00e0 25 lectures.<\/li>\n<li>\u00c9cran : R\u00e9tro\u00e9clair\u00e9 pour une visibilit\u00e9 optimale.<\/li>\n<li>Classification : Type BF &#8211; IP22.<\/li>\n<li>Dimensions : 155x39x45 mm ; Poids : 90g.<\/li>\n<\/ul>\n<h2>Livraison<\/h2>\n<ul>\n<li><strong>France :<\/strong> Livraison directe.<\/li>\n<li><strong>Export (Europe et Afrique) :<\/strong> Sur devis.<\/li>\n<\/ul>\n","protected":false},"excerpt":{"rendered":"<ul>\n<li>Usage : Mesure de la temp\u00e9rature corporelle, des surfaces et de l&#8217;environnement sans contact.<\/li>\n<li>B\u00e9n\u00e9fice : Pr\u00e9cision de mesure avec un temps de r\u00e9ponse de 1 seconde.<\/li>\n<li>Fonctionnalit\u00e9 : M\u00e9morisation de jusqu&#8217;\u00e0 25 lectures pour suivre les tendances de temp\u00e9rature.<\/li>\n<li>Praticit\u00e9 : \u00c9cran r\u00e9tro\u00e9clair\u00e9 et possibilit\u00e9 de choisir entre \u00b0C et \u00b0F.<\/li>\n<\/ul>\n","protected":false},"featured_media":114410,"comment_status":"open","ping_status":"open","template":"","meta":{"inline_featured_image":false},"product_brand":[],"product_cat":[1236,1250,1251],"product_tag":[],"class_list":{"0":"post-114409","1":"product","2":"type-product","3":"status-publish","4":"has-post-thumbnail","6":"product_cat-soins-et-pharmacie","7":"product_cat-thermometres-soins-et-pharmacie","8":"product_cat-thermometres-sans-contact","10":"first","11":"instock","12":"sale","13":"taxable","14":"shipping-taxable","15":"purchasable","16":"product-type-simple"},"_links":{"self":[{"href":"https:\/\/nimedixmedical.com\/fr\/wp-json\/wp\/v2\/product\/114409","targetHints":{"allow":["GET"]}}],"collection":[{"href":"https:\/\/nimedixmedical.com\/fr\/wp-json\/wp\/v2\/product"}],"about":[{"href":"https:\/\/nimedixmedical.com\/fr\/wp-json\/wp\/v2\/types\/product"}],"replies":[{"embeddable":true,"href":"https:\/\/nimedixmedical.com\/fr\/wp-json\/wp\/v2\/comments?post=114409"}],"wp:featuredmedia":[{"embeddable":true,"href":"https:\/\/nimedixmedical.com\/fr\/wp-json\/wp\/v2\/media\/114410"}],"wp:attachment":[{"href":"https:\/\/nimedixmedical.com\/fr\/wp-json\/wp\/v2\/media?parent=114409"}],"wp:term":[{"taxonomy":"product_brand","embeddable":true,"href":"https:\/\/nimedixmedical.com\/fr\/wp-json\/wp\/v2\/product_brand?post=114409"},{"taxonomy":"product_cat","embeddable":true,"href":"https:\/\/nimedixmedical.com\/fr\/wp-json\/wp\/v2\/product_cat?post=114409"},{"taxonomy":"product_tag","embeddable":true,"href":"https:\/\/nimedixmedical.com\/fr\/wp-json\/wp\/v2\/product_tag?post=114409"}],"curies":[{"name":"wp","href":"https:\/\/api.w.org\/{rel}","templated":true}]}}