{"id":113945,"date":"2025-11-30T22:28:16","date_gmt":"2025-11-30T21:28:16","guid":{"rendered":"https:\/\/nimedixmedical.com\/notre-catalogue\/charlotte-fantaisie-noel-m\/"},"modified":"2026-01-12T15:47:46","modified_gmt":"2026-01-12T14:47:46","slug":"charlotte-fantaisie-noel-m","status":"publish","type":"product","link":"https:\/\/nimedixmedical.com\/fr\/notre-catalogue\/charlotte-fantaisie-noel-m\/","title":{"rendered":"Charlotte Fantaisie &#8211; No\u00ebl &#8211; M"},"content":{"rendered":"<p>La charlotte fantaisie de No\u00ebl &#8211; M est con\u00e7ue sp\u00e9cialement pour les professionnels de la sant\u00e9 cherchant \u00e0 allier fonctionnalit\u00e9 et style. Avec sa vaste gamme de motifs, elle r\u00e9pond aux exigences tout en offrant un confort optimal durant les interventions m\u00e9dicales.<\/p>\n<h2>Caract\u00e9ristiques<\/h2>\n<ul>\n<li>Confectionn\u00e9e en 100 % pur coton de haute qualit\u00e9.<\/li>\n<li>Classe DM I, garantissant des standards de s\u00e9curit\u00e9 \u00e9lev\u00e9s.<\/li>\n<li>Absorbante et hautement respirante pour un confort maximal.<\/li>\n<li>Disponible en taille medium (M), adapt\u00e9e aux hommes et femmes aux cheveux courts ou mi-longs.<\/li>\n<\/ul>\n<h2>Livraison<\/h2>\n<ul>\n<li><strong>France :<\/strong> Livraison directe.<\/li>\n<li><strong>Export (Europe et Afrique) :<\/strong> Sur devis.<\/li>\n<\/ul>\n","protected":false},"excerpt":{"rendered":"<ul>\n<li>Id\u00e9ale pour les professionnels de la sant\u00e9.<\/li>\n<li>Confort optimal gr\u00e2ce \u00e0 sa l\u00e9g\u00e8ret\u00e9 et ses lacets r\u00e9glables.<\/li>\n<li>Mat\u00e9riau absorbant et respirant pour un usage prolong\u00e9.<\/li>\n<li>Disponible en deux tailles pour s&#8217;adapter \u00e0 tous les types de cheveux.<\/li>\n<\/ul>\n","protected":false},"featured_media":113946,"comment_status":"open","ping_status":"open","template":"","meta":{"inline_featured_image":false},"product_brand":[],"product_cat":[1245,1236,1243],"product_tag":[],"class_list":{"0":"post-113945","1":"product","2":"type-product","3":"status-publish","4":"has-post-thumbnail","6":"product_cat-charlottes-vetements-en-coton","7":"product_cat-soins-et-pharmacie","8":"product_cat-vetements-en-coton","10":"first","11":"instock","12":"sale","13":"taxable","14":"shipping-taxable","15":"purchasable","16":"product-type-simple"},"_links":{"self":[{"href":"https:\/\/nimedixmedical.com\/fr\/wp-json\/wp\/v2\/product\/113945","targetHints":{"allow":["GET"]}}],"collection":[{"href":"https:\/\/nimedixmedical.com\/fr\/wp-json\/wp\/v2\/product"}],"about":[{"href":"https:\/\/nimedixmedical.com\/fr\/wp-json\/wp\/v2\/types\/product"}],"replies":[{"embeddable":true,"href":"https:\/\/nimedixmedical.com\/fr\/wp-json\/wp\/v2\/comments?post=113945"}],"wp:featuredmedia":[{"embeddable":true,"href":"https:\/\/nimedixmedical.com\/fr\/wp-json\/wp\/v2\/media\/113946"}],"wp:attachment":[{"href":"https:\/\/nimedixmedical.com\/fr\/wp-json\/wp\/v2\/media?parent=113945"}],"wp:term":[{"taxonomy":"product_brand","embeddable":true,"href":"https:\/\/nimedixmedical.com\/fr\/wp-json\/wp\/v2\/product_brand?post=113945"},{"taxonomy":"product_cat","embeddable":true,"href":"https:\/\/nimedixmedical.com\/fr\/wp-json\/wp\/v2\/product_cat?post=113945"},{"taxonomy":"product_tag","embeddable":true,"href":"https:\/\/nimedixmedical.com\/fr\/wp-json\/wp\/v2\/product_tag?post=113945"}],"curies":[{"name":"wp","href":"https:\/\/api.w.org\/{rel}","templated":true}]}}