{"id":113434,"date":"2025-11-30T22:12:01","date_gmt":"2025-11-30T21:12:01","guid":{"rendered":"https:\/\/nimedixmedical.com\/notre-catalogue\/conteneur-a-aiguilles-dispo-05-l\/"},"modified":"2026-01-12T15:45:13","modified_gmt":"2026-01-12T14:45:13","slug":"conteneur-a-aiguilles-dispo-05-l","status":"publish","type":"product","link":"https:\/\/nimedixmedical.com\/fr\/notre-catalogue\/conteneur-a-aiguilles-dispo-05-l\/","title":{"rendered":"Conteneur \u00c0 Aiguilles Dispo &#8211; 0,5 L"},"content":{"rendered":"<p>Le conteneur \u00e0 aiguilles DISPO de 0,5 L est un dispositif m\u00e9dical essentiel pour assurer l&#8217;\u00e9limination s\u00e9curis\u00e9e des d\u00e9chets m\u00e9dicaux pointus et coupants. Con\u00e7u pour r\u00e9pondre aux normes de s\u00e9curit\u00e9, il est id\u00e9al pour une utilisation dans les environnements cliniques et hospitaliers.<\/p>\n<h2>Caract\u00e9ristiques<\/h2>\n<ul>\n<li>Format : 0,5 L, dimensions 8,3 x h 15,1 cm.<\/li>\n<li>Fermeture d\u00e9finitive et inviolable pour \u00e9viter les fuites.<\/li>\n<li>Ouverture pratique et large pour l&#8217;\u00e9limination d&#8217;objets encombrants.<\/li>\n<li>Trois entailles sp\u00e9cifiques pour les aiguilles et stylos \u00e0 insuline.<\/li>\n<li>R\u00e9sistance aux chocs et perforations pour garantir la s\u00e9curit\u00e9.<\/li>\n<li>Poign\u00e9e robuste pour un transport facile.<\/li>\n<li>Autoclavable \u00e0 134\u00b0C pour 18 minutes.<\/li>\n<li>Pas de gaz nocif lors de l&#8217;incin\u00e9ration.<\/li>\n<li>Made in Italy.<\/li>\n<\/ul>\n<h2>Livraison<\/h2>\n<ul>\n<li><strong>France :<\/strong> Livraison directe.<\/li>\n<li><strong>Export (Europe et Afrique) :<\/strong> Sur devis.<\/li>\n<\/ul>\n","protected":false},"excerpt":{"rendered":"<ul>\n<li>Usage : Conteneur jetable pour l&#8217;\u00e9limination s\u00e9curis\u00e9e des aiguilles et objets coupants.<\/li>\n<li>B\u00e9n\u00e9fice : R\u00e9sistant aux perforations, garantissant s\u00e9curit\u00e9 et protection contre les fuites.<\/li>\n<li>Praticit\u00e9 : Ouverture large pour faciliter l&#8217;\u00e9limination des objets encombrants.<\/li>\n<li>Adaptabilit\u00e9 : Autoclavable et possibilit\u00e9 de fixation lat\u00e9rale pour plus de commodit\u00e9.<\/li>\n<\/ul>\n","protected":false},"featured_media":113435,"comment_status":"open","ping_status":"open","template":"","meta":{"inline_featured_image":false},"product_brand":[],"product_cat":[1229,1201],"product_tag":[],"class_list":{"0":"post-113434","1":"product","2":"type-product","3":"status-publish","4":"has-post-thumbnail","6":"product_cat-conteneurs-a-aiguilles","7":"product_cat-instruments-chirurgicaux","9":"first","10":"instock","11":"sale","12":"taxable","13":"shipping-taxable","14":"purchasable","15":"product-type-simple"},"_links":{"self":[{"href":"https:\/\/nimedixmedical.com\/fr\/wp-json\/wp\/v2\/product\/113434","targetHints":{"allow":["GET"]}}],"collection":[{"href":"https:\/\/nimedixmedical.com\/fr\/wp-json\/wp\/v2\/product"}],"about":[{"href":"https:\/\/nimedixmedical.com\/fr\/wp-json\/wp\/v2\/types\/product"}],"replies":[{"embeddable":true,"href":"https:\/\/nimedixmedical.com\/fr\/wp-json\/wp\/v2\/comments?post=113434"}],"wp:featuredmedia":[{"embeddable":true,"href":"https:\/\/nimedixmedical.com\/fr\/wp-json\/wp\/v2\/media\/113435"}],"wp:attachment":[{"href":"https:\/\/nimedixmedical.com\/fr\/wp-json\/wp\/v2\/media?parent=113434"}],"wp:term":[{"taxonomy":"product_brand","embeddable":true,"href":"https:\/\/nimedixmedical.com\/fr\/wp-json\/wp\/v2\/product_brand?post=113434"},{"taxonomy":"product_cat","embeddable":true,"href":"https:\/\/nimedixmedical.com\/fr\/wp-json\/wp\/v2\/product_cat?post=113434"},{"taxonomy":"product_tag","embeddable":true,"href":"https:\/\/nimedixmedical.com\/fr\/wp-json\/wp\/v2\/product_tag?post=113434"}],"curies":[{"name":"wp","href":"https:\/\/api.w.org\/{rel}","templated":true}]}}