{"id":113422,"date":"2025-11-30T22:02:32","date_gmt":"2025-11-30T21:02:32","guid":{"rendered":"https:\/\/nimedixmedical.com\/notre-catalogue\/conteneur-a-aiguilles-serie-cs-4-l\/"},"modified":"2026-01-12T15:45:10","modified_gmt":"2026-01-12T14:45:10","slug":"conteneur-a-aiguilles-serie-cs-4-l","status":"publish","type":"product","link":"https:\/\/nimedixmedical.com\/fr\/notre-catalogue\/conteneur-a-aiguilles-serie-cs-4-l\/","title":{"rendered":"Conteneur \u00c0 Aiguilles S\u00e9rie Cs &#8211; 4 L"},"content":{"rendered":"<p>Le conteneur \u00e0 aiguilles s\u00e9rie CS de 4 litres est con\u00e7u pour assurer une \u00e9limination s\u00e9curis\u00e9e des d\u00e9chets m\u00e9dicaux, notamment des aiguilles et autres objets tranchants. Sa conception robuste et ses fonctionnalit\u00e9s de s\u00e9curit\u00e9 en font un choix privil\u00e9gi\u00e9 dans les environnements m\u00e9dicaux.<\/p>\n<h2>Caract\u00e9ristiques<\/h2>\n<ul>\n<li>Dimensions : 16,7 x 16,7 x h 28,2 cm.<\/li>\n<li>Fermetures temporaire et d\u00e9finitive pour une s\u00e9curit\u00e9 optimale.<\/li>\n<li>R\u00e9sistant aux chocs et aux perforations pour une durabilit\u00e9 accrue.<\/li>\n<li>\u00c9tiquette personnalisable pour le suivi des quantit\u00e9s.<\/li>\n<li>Autoclavable \u00e0 134\u00b0C pendant 18 minutes.<\/li>\n<li>Conforme \u00e0 la r\u00e9glementation UN pour le transport de mati\u00e8res dangereuses.<\/li>\n<\/ul>\n<h2>Livraison<\/h2>\n<ul>\n<li><strong>France :<\/strong> Livraison directe.<\/li>\n<li><strong>Export (Europe et Afrique) :<\/strong> Sur devis.<\/li>\n<\/ul>\n","protected":false},"excerpt":{"rendered":"<ul>\n<li>Id\u00e9al pour l&#8217;\u00e9limination s\u00e9curis\u00e9e des d\u00e9chets pointus et coupants.<\/li>\n<li>Fermeture herm\u00e9tique certifi\u00e9e pour \u00e9viter toute \u00e9mission nocive lors de l\u2019incin\u00e9ration.<\/li>\n<li>Facilit\u00e9 d&#8217;utilisation avec un syst\u00e8me d&#8217;ouverture pratique et une poign\u00e9e robuste.<\/li>\n<li>Autoclavable \u00e0 134\u00b0C, garantissant une bonne hygi\u00e8ne.<\/li>\n<\/ul>\n","protected":false},"featured_media":113423,"comment_status":"open","ping_status":"open","template":"","meta":{"inline_featured_image":false},"product_brand":[],"product_cat":[1229,1201],"product_tag":[],"class_list":{"0":"post-113422","1":"product","2":"type-product","3":"status-publish","4":"has-post-thumbnail","6":"product_cat-conteneurs-a-aiguilles","7":"product_cat-instruments-chirurgicaux","9":"first","10":"instock","11":"sale","12":"taxable","13":"shipping-taxable","14":"purchasable","15":"product-type-simple"},"_links":{"self":[{"href":"https:\/\/nimedixmedical.com\/fr\/wp-json\/wp\/v2\/product\/113422","targetHints":{"allow":["GET"]}}],"collection":[{"href":"https:\/\/nimedixmedical.com\/fr\/wp-json\/wp\/v2\/product"}],"about":[{"href":"https:\/\/nimedixmedical.com\/fr\/wp-json\/wp\/v2\/types\/product"}],"replies":[{"embeddable":true,"href":"https:\/\/nimedixmedical.com\/fr\/wp-json\/wp\/v2\/comments?post=113422"}],"wp:featuredmedia":[{"embeddable":true,"href":"https:\/\/nimedixmedical.com\/fr\/wp-json\/wp\/v2\/media\/113423"}],"wp:attachment":[{"href":"https:\/\/nimedixmedical.com\/fr\/wp-json\/wp\/v2\/media?parent=113422"}],"wp:term":[{"taxonomy":"product_brand","embeddable":true,"href":"https:\/\/nimedixmedical.com\/fr\/wp-json\/wp\/v2\/product_brand?post=113422"},{"taxonomy":"product_cat","embeddable":true,"href":"https:\/\/nimedixmedical.com\/fr\/wp-json\/wp\/v2\/product_cat?post=113422"},{"taxonomy":"product_tag","embeddable":true,"href":"https:\/\/nimedixmedical.com\/fr\/wp-json\/wp\/v2\/product_tag?post=113422"}],"curies":[{"name":"wp","href":"https:\/\/api.w.org\/{rel}","templated":true}]}}