{"id":112664,"date":"2025-11-30T21:50:53","date_gmt":"2025-11-30T20:50:53","guid":{"rendered":"https:\/\/nimedixmedical.com\/notre-catalogue\/instrument-a-detartarer-hygieniste-fig-h6-7\/"},"modified":"2026-01-12T15:40:53","modified_gmt":"2026-01-12T14:40:53","slug":"instrument-a-detartarer-hygieniste-fig-h6-7","status":"publish","type":"product","link":"https:\/\/nimedixmedical.com\/fr\/notre-catalogue\/instrument-a-detartarer-hygieniste-fig-h6-7\/","title":{"rendered":"Instrument \u00c0 D\u00e9tartarer Hygi\u00e9niste &#8211; Fig. H6\/7"},"content":{"rendered":"<p>L&#8217;instrument \u00e0 d\u00e9tartrer hygi\u00e9niste FIG. H6\/7 est essentiel pour les pratiques dentaires, permettant un d\u00e9tartrage efficace et pr\u00e9cis. Sa conception en acier inoxydable en fait un outil durable, id\u00e9al pour les hygi\u00e9nistes soucieux de la qualit\u00e9 de leurs instruments.<\/p>\n<h2>Caract\u00e9ristiques<\/h2>\n<ul>\n<li>Mod\u00e8le : FIG. H6\/7<\/li>\n<li>Mat\u00e9riau : Acier inoxydable de haute qualit\u00e9<\/li>\n<li>Utilisation : D\u00e9tartrage dentaire professionnel<\/li>\n<li>Facilit\u00e9 d&#8217;entretien : St\u00e9rilisable et r\u00e9sistant \u00e0 la corrosion<\/li>\n<\/ul>\n<h2>Livraison<\/h2>\n<ul>\n<li><strong>France :<\/strong> Livraison directe.<\/li>\n<li><strong>Export (Europe et Afrique) :<\/strong> Sur devis.<\/li>\n<\/ul>\n","protected":false},"excerpt":{"rendered":"<ul>\n<li>Usage : Instrument con\u00e7u pour le d\u00e9tartrage dentaire, id\u00e9al pour les hygi\u00e9nistes dentaires.<\/li>\n<li>B\u00e9n\u00e9fice : Fabriqu\u00e9 en acier inoxydable, garantissant durabilit\u00e9 et r\u00e9sistance \u00e0 la corrosion.<\/li>\n<li>Pr\u00e9cision : Mod\u00e8le FIG. H6\/7 pour un acc\u00e8s optimal aux zones difficiles.<\/li>\n<li>Hygi\u00e8ne : Facile \u00e0 st\u00e9riliser, contribuant \u00e0 un environnement de travail s\u00fbr.<\/li>\n<\/ul>\n","protected":false},"featured_media":112665,"comment_status":"open","ping_status":"open","template":"","meta":{"inline_featured_image":false},"product_brand":[],"product_cat":[1201,1217],"product_tag":[],"class_list":{"0":"post-112664","1":"product","2":"type-product","3":"status-publish","4":"has-post-thumbnail","6":"product_cat-instruments-chirurgicaux","7":"product_cat-instruments-dentaires","9":"first","10":"instock","11":"sale","12":"taxable","13":"shipping-taxable","14":"purchasable","15":"product-type-simple"},"_links":{"self":[{"href":"https:\/\/nimedixmedical.com\/fr\/wp-json\/wp\/v2\/product\/112664","targetHints":{"allow":["GET"]}}],"collection":[{"href":"https:\/\/nimedixmedical.com\/fr\/wp-json\/wp\/v2\/product"}],"about":[{"href":"https:\/\/nimedixmedical.com\/fr\/wp-json\/wp\/v2\/types\/product"}],"replies":[{"embeddable":true,"href":"https:\/\/nimedixmedical.com\/fr\/wp-json\/wp\/v2\/comments?post=112664"}],"wp:featuredmedia":[{"embeddable":true,"href":"https:\/\/nimedixmedical.com\/fr\/wp-json\/wp\/v2\/media\/112665"}],"wp:attachment":[{"href":"https:\/\/nimedixmedical.com\/fr\/wp-json\/wp\/v2\/media?parent=112664"}],"wp:term":[{"taxonomy":"product_brand","embeddable":true,"href":"https:\/\/nimedixmedical.com\/fr\/wp-json\/wp\/v2\/product_brand?post=112664"},{"taxonomy":"product_cat","embeddable":true,"href":"https:\/\/nimedixmedical.com\/fr\/wp-json\/wp\/v2\/product_cat?post=112664"},{"taxonomy":"product_tag","embeddable":true,"href":"https:\/\/nimedixmedical.com\/fr\/wp-json\/wp\/v2\/product_tag?post=112664"}],"curies":[{"name":"wp","href":"https:\/\/api.w.org\/{rel}","templated":true}]}}