{"id":112622,"date":"2025-11-30T21:50:14","date_gmt":"2025-11-30T20:50:14","guid":{"rendered":"https:\/\/nimedixmedical.com\/notre-catalogue\/ciseaux-ligne-gold-courbes-mousse-pointu-145-cm\/"},"modified":"2026-01-12T15:40:36","modified_gmt":"2026-01-12T14:40:36","slug":"ciseaux-ligne-gold-courbes-mousse-pointu-145-cm","status":"publish","type":"product","link":"https:\/\/nimedixmedical.com\/fr\/notre-catalogue\/ciseaux-ligne-gold-courbes-mousse-pointu-145-cm\/","title":{"rendered":"Ciseaux Ligne Gold Courb\u00e9s Mousse\/pointu &#8211; 14,5 cm"},"content":{"rendered":"<p>Les ciseaux Ligne Gold courb\u00e9s en mousse\/pointu de 14,5 cm sont des instruments chirurgicaux de pr\u00e9cision, con\u00e7us pour offrir aux professionnels de la sant\u00e9 une performance in\u00e9gal\u00e9e lors des interventions d\u00e9licates. Fabriqu\u00e9s en carbure de tungst\u00e8ne, ils garantissent durabilit\u00e9 et fiabilit\u00e9.<\/p>\n<h2>Caract\u00e9ristiques<\/h2>\n<ul>\n<li>Longueur : 14,5 cm pour une maniabilit\u00e9 optimale.<\/li>\n<li>Mat\u00e9riaux : Acier inox AISI 410 et AISI 420 pour les ciseaux, offrant une r\u00e9sistance accrue.<\/li>\n<li>Fabrication : Instruments de haute gamme fabriqu\u00e9s en Allemagne, assurant des normes de qualit\u00e9 \u00e9lev\u00e9es.<\/li>\n<li>R\u00e9sistance : Excellente r\u00e9sistance \u00e0 l&#8217;usure et \u00e0 la corrosion, prolongeant la dur\u00e9e de vie des instruments.<\/li>\n<li>Instructions incluses en plusieurs langues : GB, FR, IT, ES, PT, DE, GR, Arabe.<\/li>\n<\/ul>\n<h2>Livraison<\/h2>\n<ul>\n<li><strong>France :<\/strong> Livraison directe.<\/li>\n<li><strong>Export (Europe et Afrique) :<\/strong> Sur devis.<\/li>\n<\/ul>\n","protected":false},"excerpt":{"rendered":"<ul>\n<li>Utilisation : Ciseaux chirurgicaux courb\u00e9s, id\u00e9aux pour les interventions de pr\u00e9cision.<\/li>\n<li>B\u00e9n\u00e9fice : Fabriqu\u00e9s en carbure de tungst\u00e8ne pour une durabilit\u00e9 et une r\u00e9sistance \u00e0 l&#8217;usure exceptionnelles.<\/li>\n<li>Conception : Pointes pointues con\u00e7ues pour une performance optimale lors des coupes d\u00e9licates.<\/li>\n<li>Fabrication : Instruments de haute qualit\u00e9 fabriqu\u00e9s en Allemagne, garantissant fiabilit\u00e9 et performance.<\/li>\n<\/ul>\n","protected":false},"featured_media":112623,"comment_status":"open","ping_status":"open","template":"","meta":{"inline_featured_image":false},"product_brand":[],"product_cat":[1201,1216],"product_tag":[],"class_list":{"0":"post-112622","1":"product","2":"type-product","3":"status-publish","4":"has-post-thumbnail","6":"product_cat-instruments-chirurgicaux","7":"product_cat-instruments-en-carbure-de-tungstene","9":"first","10":"instock","11":"sale","12":"taxable","13":"shipping-taxable","14":"purchasable","15":"product-type-simple"},"_links":{"self":[{"href":"https:\/\/nimedixmedical.com\/fr\/wp-json\/wp\/v2\/product\/112622","targetHints":{"allow":["GET"]}}],"collection":[{"href":"https:\/\/nimedixmedical.com\/fr\/wp-json\/wp\/v2\/product"}],"about":[{"href":"https:\/\/nimedixmedical.com\/fr\/wp-json\/wp\/v2\/types\/product"}],"replies":[{"embeddable":true,"href":"https:\/\/nimedixmedical.com\/fr\/wp-json\/wp\/v2\/comments?post=112622"}],"wp:featuredmedia":[{"embeddable":true,"href":"https:\/\/nimedixmedical.com\/fr\/wp-json\/wp\/v2\/media\/112623"}],"wp:attachment":[{"href":"https:\/\/nimedixmedical.com\/fr\/wp-json\/wp\/v2\/media?parent=112622"}],"wp:term":[{"taxonomy":"product_brand","embeddable":true,"href":"https:\/\/nimedixmedical.com\/fr\/wp-json\/wp\/v2\/product_brand?post=112622"},{"taxonomy":"product_cat","embeddable":true,"href":"https:\/\/nimedixmedical.com\/fr\/wp-json\/wp\/v2\/product_cat?post=112622"},{"taxonomy":"product_tag","embeddable":true,"href":"https:\/\/nimedixmedical.com\/fr\/wp-json\/wp\/v2\/product_tag?post=112622"}],"curies":[{"name":"wp","href":"https:\/\/api.w.org\/{rel}","templated":true}]}}