{"id":112448,"date":"2025-11-30T21:47:33","date_gmt":"2025-11-30T20:47:33","guid":{"rendered":"https:\/\/nimedixmedical.com\/notre-catalogue\/peha-991082-ciseaux-chirurigicaux-mousses-mousses-droits-145-cm\/"},"modified":"2026-01-12T15:39:20","modified_gmt":"2026-01-12T14:39:20","slug":"peha-991082-ciseaux-chirurigicaux-mousses-mousses-droits-145-cm","status":"publish","type":"product","link":"https:\/\/nimedixmedical.com\/fr\/notre-catalogue\/peha-991082-ciseaux-chirurigicaux-mousses-mousses-droits-145-cm\/","title":{"rendered":"Peha 991082 Ciseaux Chirurigicaux &#8211; Mousses\/mousses &#8211; Droits &#8211; 14,5 cm"},"content":{"rendered":"<p>Les ciseaux chirurgicaux PEHA 991082 sont con\u00e7us pour r\u00e9pondre aux exigences \u00e9lev\u00e9es des op\u00e9rations chirurgicales. Fabriqu\u00e9s en Europe, ces instruments st\u00e9riles garantissent une utilisation optimale dans les \u00e9tablissements de sant\u00e9, en offrant pr\u00e9cision et s\u00e9curit\u00e9 lors des interventions.<\/p>\n<h2>Caract\u00e9ristiques<\/h2>\n<ul>\n<li>Type : Ciseaux chirurgicaux mousses\/mousses droits<\/li>\n<li>Longueur : 14,5 cm<\/li>\n<li>Conditionnement : Bo\u00eete de 25 ciseaux, st\u00e9riles et pr\u00eats \u00e0 l\u2019emploi<\/li>\n<li>Mat\u00e9riau : Acier inox bross\u00e9 mat de haute qualit\u00e9<\/li>\n<li>Marquage de s\u00e9curit\u00e9 : Peha\u00ae color lock\u00ae pour distinction facile<\/li>\n<li>\u00c9tiquette auto-adh\u00e9sive pour une introduction rapide des donn\u00e9es patient<\/li>\n<li>Recyclables et \u00e9liminables dans des r\u00e9cipients sp\u00e9ciaux pour d\u00e9chets hospitaliers<\/li>\n<li>Bo\u00eete multilingue : supporte plusieurs langues (GB, FR, IT, ES, PT, DE, NL, PL, GR, HU, CZ, SI, RU, Arabe)<\/li>\n<\/ul>\n<h2>Livraison<\/h2>\n<ul>\n<li><strong>France :<\/strong> Livraison directe.<\/li>\n<li><strong>Export (Europe et Afrique) :<\/strong> Sur devis.<\/li>\n<\/ul>\n","protected":false},"excerpt":{"rendered":"<ul>\n<li>Instruments chirurgicaux st\u00e9riles \u00e0 usage unique, garantissant une hygi\u00e8ne optimale.<\/li>\n<li>Fabriqu\u00e9s en acier inox bross\u00e9 mat de haute qualit\u00e9 pour une durabilit\u00e9 accrue.<\/li>\n<li>Facilite une maniabilit\u00e9 pr\u00e9cise lors des interventions chirurgicales.<\/li>\n<li>Conditionnement individuel et marquage de s\u00e9curit\u00e9 pour une identification rapide.<\/li>\n<\/ul>\n","protected":false},"featured_media":112449,"comment_status":"open","ping_status":"open","template":"","meta":{"inline_featured_image":false},"product_brand":[],"product_cat":[1201,1213],"product_tag":[],"class_list":{"0":"post-112448","1":"product","2":"type-product","3":"status-publish","4":"has-post-thumbnail","6":"product_cat-instruments-chirurgicaux","7":"product_cat-instruments-steriles-jetables-en-metal","9":"first","10":"instock","11":"sale","12":"taxable","13":"shipping-taxable","14":"purchasable","15":"product-type-simple"},"_links":{"self":[{"href":"https:\/\/nimedixmedical.com\/fr\/wp-json\/wp\/v2\/product\/112448","targetHints":{"allow":["GET"]}}],"collection":[{"href":"https:\/\/nimedixmedical.com\/fr\/wp-json\/wp\/v2\/product"}],"about":[{"href":"https:\/\/nimedixmedical.com\/fr\/wp-json\/wp\/v2\/types\/product"}],"replies":[{"embeddable":true,"href":"https:\/\/nimedixmedical.com\/fr\/wp-json\/wp\/v2\/comments?post=112448"}],"wp:featuredmedia":[{"embeddable":true,"href":"https:\/\/nimedixmedical.com\/fr\/wp-json\/wp\/v2\/media\/112449"}],"wp:attachment":[{"href":"https:\/\/nimedixmedical.com\/fr\/wp-json\/wp\/v2\/media?parent=112448"}],"wp:term":[{"taxonomy":"product_brand","embeddable":true,"href":"https:\/\/nimedixmedical.com\/fr\/wp-json\/wp\/v2\/product_brand?post=112448"},{"taxonomy":"product_cat","embeddable":true,"href":"https:\/\/nimedixmedical.com\/fr\/wp-json\/wp\/v2\/product_cat?post=112448"},{"taxonomy":"product_tag","embeddable":true,"href":"https:\/\/nimedixmedical.com\/fr\/wp-json\/wp\/v2\/product_tag?post=112448"}],"curies":[{"name":"wp","href":"https:\/\/api.w.org\/{rel}","templated":true}]}}