{"id":112429,"date":"2025-11-30T21:46:44","date_gmt":"2025-11-30T20:46:44","guid":{"rendered":"https:\/\/nimedixmedical.com\/notre-catalogue\/peha-991031-porte-aiguille-mayo-hegar-12-cm\/"},"modified":"2026-01-12T15:39:16","modified_gmt":"2026-01-12T14:39:16","slug":"peha-991031-porte-aiguille-mayo-hegar-12-cm","status":"publish","type":"product","link":"https:\/\/nimedixmedical.com\/fr\/notre-catalogue\/peha-991031-porte-aiguille-mayo-hegar-12-cm\/","title":{"rendered":"Peha 991031 Porte-aiguille Mayo-hegar &#8211; 12 cm"},"content":{"rendered":"<p>Le porte-aiguille Mayo-Hegar 12 cm (r\u00e9f\u00e9rence 991031) est un instrument chirurgical st\u00e9rile, id\u00e9al pour une utilisation dans divers contextes m\u00e9dicaux. Con\u00e7u pour offrir une pr\u00e9cision et une s\u00e9curit\u00e9 optimales, il se distingue par sa qualit\u00e9 de fabrication en acier inoxydable.<\/p>\n<h2>Caract\u00e9ristiques<\/h2>\n<ul>\n<li>Dimensions : 12 cm<\/li>\n<li>Mat\u00e9riau : Acier inox bross\u00e9 mat de haute qualit\u00e9<\/li>\n<li>Conditionnement : Bo\u00eete de 25, st\u00e9riles et individuellement emball\u00e9s<\/li>\n<li>Marquage de s\u00e9curit\u00e9 Peha\u00ae color lock\u00ae pour une identification rapide<\/li>\n<li>Recyclable et \u00e9liminable dans les d\u00e9chets hospitaliers sp\u00e9ciaux<\/li>\n<li>\u00c9tiquette auto-adh\u00e9sive pour une introduction rapide des donn\u00e9es patient<\/li>\n<li>Fabrication europ\u00e9enne garantissant une qualit\u00e9 sup\u00e9rieure<\/li>\n<li>Bo\u00eete multilingue pour une utilisation internationale<\/li>\n<\/ul>\n<h2>Livraison<\/h2>\n<ul>\n<li><strong>France :<\/strong> Livraison directe.<\/li>\n<li><strong>Export (Europe et Afrique) :<\/strong> Sur devis.<\/li>\n<\/ul>\n","protected":false},"excerpt":{"rendered":"<ul>\n<li>Usage unique pour des interventions chirurgicales vari\u00e9es<\/li>\n<li>St\u00e9rile et pr\u00eat \u00e0 l\u2019emploi pour garantir la s\u00e9curit\u00e9 du patient<\/li>\n<li>Maniabilit\u00e9 pr\u00e9cise gr\u00e2ce \u00e0 sa conception ergonomique<\/li>\n<li>Facilit\u00e9 d\u2019identification avec le marquage Peha\u00ae color lock\u00ae<\/li>\n<\/ul>\n","protected":false},"featured_media":112430,"comment_status":"open","ping_status":"open","template":"","meta":{"inline_featured_image":false},"product_brand":[],"product_cat":[1201,1213],"product_tag":[],"class_list":{"0":"post-112429","1":"product","2":"type-product","3":"status-publish","4":"has-post-thumbnail","6":"product_cat-instruments-chirurgicaux","7":"product_cat-instruments-steriles-jetables-en-metal","9":"first","10":"instock","11":"sale","12":"taxable","13":"shipping-taxable","14":"purchasable","15":"product-type-simple"},"_links":{"self":[{"href":"https:\/\/nimedixmedical.com\/fr\/wp-json\/wp\/v2\/product\/112429","targetHints":{"allow":["GET"]}}],"collection":[{"href":"https:\/\/nimedixmedical.com\/fr\/wp-json\/wp\/v2\/product"}],"about":[{"href":"https:\/\/nimedixmedical.com\/fr\/wp-json\/wp\/v2\/types\/product"}],"replies":[{"embeddable":true,"href":"https:\/\/nimedixmedical.com\/fr\/wp-json\/wp\/v2\/comments?post=112429"}],"wp:featuredmedia":[{"embeddable":true,"href":"https:\/\/nimedixmedical.com\/fr\/wp-json\/wp\/v2\/media\/112430"}],"wp:attachment":[{"href":"https:\/\/nimedixmedical.com\/fr\/wp-json\/wp\/v2\/media?parent=112429"}],"wp:term":[{"taxonomy":"product_brand","embeddable":true,"href":"https:\/\/nimedixmedical.com\/fr\/wp-json\/wp\/v2\/product_brand?post=112429"},{"taxonomy":"product_cat","embeddable":true,"href":"https:\/\/nimedixmedical.com\/fr\/wp-json\/wp\/v2\/product_cat?post=112429"},{"taxonomy":"product_tag","embeddable":true,"href":"https:\/\/nimedixmedical.com\/fr\/wp-json\/wp\/v2\/product_tag?post=112429"}],"curies":[{"name":"wp","href":"https:\/\/api.w.org\/{rel}","templated":true}]}}