{"id":112423,"date":"2025-11-30T21:46:44","date_gmt":"2025-11-30T20:46:44","guid":{"rendered":"https:\/\/nimedixmedical.com\/notre-catalogue\/peha-991034-porte-aiguille-mayo-hegar-16-cm\/"},"modified":"2026-01-12T15:39:14","modified_gmt":"2026-01-12T14:39:14","slug":"peha-991034-porte-aiguille-mayo-hegar-16-cm","status":"publish","type":"product","link":"https:\/\/nimedixmedical.com\/fr\/notre-catalogue\/peha-991034-porte-aiguille-mayo-hegar-16-cm\/","title":{"rendered":"Peha 991034 Porte-aiguille Mayo-hegar &#8211; 16 cm"},"content":{"rendered":"<p>Le porte-aiguille Mayo-Hegar de 16 cm est un instrument chirurgical essentiel, con\u00e7u pour assurer une manipulation pr\u00e9cise lors des interventions. Fabriqu\u00e9 en acier inoxydable de haute qualit\u00e9, il offre une solution pratique et fiable pour les \u00e9tablissements de sant\u00e9.<\/p>\n<h2>Caract\u00e9ristiques<\/h2>\n<ul>\n<li>Mod\u00e8le : Porte-aiguille Mayo-Hegar 16 cm &#8211; 991034.<\/li>\n<li>Conditionnement : Bo\u00eete de 25, st\u00e9riles et individuellement emball\u00e9s.<\/li>\n<li>Mat\u00e9riau : Acier inox bross\u00e9 mat de haute qualit\u00e9, garantissant durabilit\u00e9 et performance.<\/li>\n<li>Marquage de s\u00e9curit\u00e9 : Peha\u00ae color lock\u00ae pour une identification rapide.<\/li>\n<li>Recyclable : \u00c9limination appropri\u00e9e dans les r\u00e9cipients sp\u00e9ciaux pour d\u00e9chets hospitaliers.<\/li>\n<li>Langues : Bo\u00eete multilingue incluant GB, FR, IT, ES, PT, DE, NL, PL, GR, HU, CZ, SI, RU, Arabe.<\/li>\n<\/ul>\n<h2>Livraison<\/h2>\n<ul>\n<li><strong>France :<\/strong> Livraison directe.<\/li>\n<li><strong>Export (Europe et Afrique) :<\/strong> Sur devis.<\/li>\n<\/ul>\n","protected":false},"excerpt":{"rendered":"<ul>\n<li>Usage : Porte-aiguille Mayo-Hegar st\u00e9rile, id\u00e9al pour diverses interventions chirurgicales.<\/li>\n<li>B\u00e9n\u00e9fice : Instruments \u00e0 usage unique, garantissant s\u00e9curit\u00e9 et hygi\u00e8ne lors des proc\u00e9dures m\u00e9dicales.<\/li>\n<li>Conception : R\u00e9alis\u00e9 en acier inox bross\u00e9 mat, offrant une excellente maniabilit\u00e9 et pr\u00e9cision.<\/li>\n<li>Conditionnement : Chaque instrument est conditionn\u00e9 individuellement, pr\u00eat \u00e0 l&#8217;emploi, avec marquage de s\u00e9curit\u00e9 Peha\u00ae color lock\u00ae.<\/li>\n<\/ul>\n","protected":false},"featured_media":112424,"comment_status":"open","ping_status":"open","template":"","meta":{"inline_featured_image":false},"product_brand":[],"product_cat":[1201,1213],"product_tag":[],"class_list":{"0":"post-112423","1":"product","2":"type-product","3":"status-publish","4":"has-post-thumbnail","6":"product_cat-instruments-chirurgicaux","7":"product_cat-instruments-steriles-jetables-en-metal","9":"first","10":"instock","11":"sale","12":"taxable","13":"shipping-taxable","14":"purchasable","15":"product-type-simple"},"_links":{"self":[{"href":"https:\/\/nimedixmedical.com\/fr\/wp-json\/wp\/v2\/product\/112423","targetHints":{"allow":["GET"]}}],"collection":[{"href":"https:\/\/nimedixmedical.com\/fr\/wp-json\/wp\/v2\/product"}],"about":[{"href":"https:\/\/nimedixmedical.com\/fr\/wp-json\/wp\/v2\/types\/product"}],"replies":[{"embeddable":true,"href":"https:\/\/nimedixmedical.com\/fr\/wp-json\/wp\/v2\/comments?post=112423"}],"wp:featuredmedia":[{"embeddable":true,"href":"https:\/\/nimedixmedical.com\/fr\/wp-json\/wp\/v2\/media\/112424"}],"wp:attachment":[{"href":"https:\/\/nimedixmedical.com\/fr\/wp-json\/wp\/v2\/media?parent=112423"}],"wp:term":[{"taxonomy":"product_brand","embeddable":true,"href":"https:\/\/nimedixmedical.com\/fr\/wp-json\/wp\/v2\/product_brand?post=112423"},{"taxonomy":"product_cat","embeddable":true,"href":"https:\/\/nimedixmedical.com\/fr\/wp-json\/wp\/v2\/product_cat?post=112423"},{"taxonomy":"product_tag","embeddable":true,"href":"https:\/\/nimedixmedical.com\/fr\/wp-json\/wp\/v2\/product_tag?post=112423"}],"curies":[{"name":"wp","href":"https:\/\/api.w.org\/{rel}","templated":true}]}}