{"id":112385,"date":"2025-11-30T21:46:44","date_gmt":"2025-11-30T20:46:44","guid":{"rendered":"https:\/\/nimedixmedical.com\/notre-catalogue\/peha-991063-pince-standard-a-tissus-droite-14-cm\/"},"modified":"2026-01-12T15:39:04","modified_gmt":"2026-01-12T14:39:04","slug":"peha-991063-pince-standard-a-tissus-droite-14-cm","status":"publish","type":"product","link":"https:\/\/nimedixmedical.com\/fr\/notre-catalogue\/peha-991063-pince-standard-a-tissus-droite-14-cm\/","title":{"rendered":"Peha 991063 Pince Standard \u00c0 Tissus &#8211; Droite &#8211; 14 cm"},"content":{"rendered":"<p>La Pince Standard \u00e0 Tissus PEHA 991063 est un instrument chirurgical st\u00e9rile, con\u00e7u pour offrir pr\u00e9cision et s\u00e9curit\u00e9 lors des op\u00e9rations. Sa conception ergonomique et sa fabrication en Europe garantissent une qualit\u00e9 sup\u00e9rieure, id\u00e9ale pour les \u00e9tablissements de sant\u00e9.<\/p>\n<h2>Caract\u00e9ristiques<\/h2>\n<ul>\n<li>Type : Pince standard \u00e0 tissus droite de 14 cm.<\/li>\n<li>Conditionnement : Bo\u00eete de 25 pinces st\u00e9riles, individuelles.<\/li>\n<li>Mat\u00e9riau : Acier inox bross\u00e9 mat de haute qualit\u00e9.<\/li>\n<li>Facilit\u00e9 d&#8217;utilisation : \u00c9tiquette auto-adh\u00e9sive pour une introduction rapide des donn\u00e9es patients.<\/li>\n<li>Recyclabilit\u00e9 : Peut \u00eatre \u00e9limin\u00e9 dans les r\u00e9cipients sp\u00e9ciaux pour d\u00e9chets hospitaliers.<\/li>\n<li>Langues : Bo\u00eete multilingue (GB, FR, IT, ES, PT, DE, NL, PL, GR, HU, CZ, SI, RU, Arabe).<\/li>\n<\/ul>\n<h2>Livraison<\/h2>\n<ul>\n<li><strong>France :<\/strong> Livraison directe.<\/li>\n<li><strong>Export (Europe et Afrique) :<\/strong> Sur devis.<\/li>\n<\/ul>\n","protected":false},"excerpt":{"rendered":"<ul>\n<li>Usage : Pince standard \u00e0 tissus droite, id\u00e9ale pour diverses interventions chirurgicales.<\/li>\n<li>B\u00e9n\u00e9fice : Instruments st\u00e9riles \u00e0 usage unique, garantissant une s\u00e9curit\u00e9 optimale lors des proc\u00e9dures.<\/li>\n<li>Qualit\u00e9 : Fabriqu\u00e9s en acier inox bross\u00e9 mat, offrant une excellente maniabilit\u00e9.<\/li>\n<li>Praticit\u00e9 : Conditionn\u00e9s individuellement, pr\u00eats \u00e0 l\u2019emploi et faciles \u00e0 identifier gr\u00e2ce au marquage de s\u00e9curit\u00e9.<\/li>\n<\/ul>\n","protected":false},"featured_media":112386,"comment_status":"open","ping_status":"open","template":"","meta":{"inline_featured_image":false},"product_brand":[],"product_cat":[1201,1213],"product_tag":[],"class_list":{"0":"post-112385","1":"product","2":"type-product","3":"status-publish","4":"has-post-thumbnail","6":"product_cat-instruments-chirurgicaux","7":"product_cat-instruments-steriles-jetables-en-metal","9":"first","10":"outofstock","11":"sale","12":"taxable","13":"shipping-taxable","14":"purchasable","15":"product-type-simple"},"_links":{"self":[{"href":"https:\/\/nimedixmedical.com\/fr\/wp-json\/wp\/v2\/product\/112385","targetHints":{"allow":["GET"]}}],"collection":[{"href":"https:\/\/nimedixmedical.com\/fr\/wp-json\/wp\/v2\/product"}],"about":[{"href":"https:\/\/nimedixmedical.com\/fr\/wp-json\/wp\/v2\/types\/product"}],"replies":[{"embeddable":true,"href":"https:\/\/nimedixmedical.com\/fr\/wp-json\/wp\/v2\/comments?post=112385"}],"wp:featuredmedia":[{"embeddable":true,"href":"https:\/\/nimedixmedical.com\/fr\/wp-json\/wp\/v2\/media\/112386"}],"wp:attachment":[{"href":"https:\/\/nimedixmedical.com\/fr\/wp-json\/wp\/v2\/media?parent=112385"}],"wp:term":[{"taxonomy":"product_brand","embeddable":true,"href":"https:\/\/nimedixmedical.com\/fr\/wp-json\/wp\/v2\/product_brand?post=112385"},{"taxonomy":"product_cat","embeddable":true,"href":"https:\/\/nimedixmedical.com\/fr\/wp-json\/wp\/v2\/product_cat?post=112385"},{"taxonomy":"product_tag","embeddable":true,"href":"https:\/\/nimedixmedical.com\/fr\/wp-json\/wp\/v2\/product_tag?post=112385"}],"curies":[{"name":"wp","href":"https:\/\/api.w.org\/{rel}","templated":true}]}}