{"id":112379,"date":"2025-11-30T21:46:44","date_gmt":"2025-11-30T20:46:44","guid":{"rendered":"https:\/\/nimedixmedical.com\/notre-catalogue\/peha-991064-pince-standard-anatomique-droite-14-cm\/"},"modified":"2026-01-12T15:39:02","modified_gmt":"2026-01-12T14:39:02","slug":"peha-991064-pince-standard-anatomique-droite-14-cm","status":"publish","type":"product","link":"https:\/\/nimedixmedical.com\/fr\/notre-catalogue\/peha-991064-pince-standard-anatomique-droite-14-cm\/","title":{"rendered":"Peha 991064 Pince Standard Anatomique &#8211; Droite &#8211; 14 cm"},"content":{"rendered":"<p>La pince standard anatomique droite de 14 cm (r\u00e9f\u00e9rence 991064) est un instrument chirurgical st\u00e9rile et \u00e0 usage unique, con\u00e7u pour r\u00e9pondre aux besoins des \u00e9tablissements de sant\u00e9. Fabriqu\u00e9e en Europe, elle combine qualit\u00e9 et s\u00e9curit\u00e9 pour une utilisation optimale lors des interventions m\u00e9dicales.<\/p>\n<h2>Caract\u00e9ristiques<\/h2>\n<ul>\n<li>Type : Pince standard anatomique droite<\/li>\n<li>Dimensions : 14 cm<\/li>\n<li>Mat\u00e9riau : Acier inox bross\u00e9 mat de haute qualit\u00e9<\/li>\n<li>Conditionnement : Bo\u00eete de 25, instruments st\u00e9riles conditionn\u00e9s individuellement<\/li>\n<li>Marquage : Peha\u00ae color lock\u00ae pour une identification rapide<\/li>\n<li>Recyclable : \u00c9limination dans des r\u00e9cipients sp\u00e9ciaux pour d\u00e9chets hospitaliers<\/li>\n<li>Multilingue : \u00c9tiquetage en plusieurs langues (GB, FR, IT, ES, PT, DE, NL, PL, GR, HU, CZ, SI, RU, Arabe)<\/li>\n<\/ul>\n<h2>Livraison<\/h2>\n<ul>\n<li><strong>France :<\/strong> Livraison directe.<\/li>\n<li><strong>Export (Europe et Afrique) :<\/strong> Sur devis.<\/li>\n<\/ul>\n","protected":false},"excerpt":{"rendered":"<ul>\n<li>Usage : Pince standard anatomique droite, id\u00e9ale pour diverses proc\u00e9dures chirurgicales.<\/li>\n<li>B\u00e9n\u00e9fice : Instruments st\u00e9riles \u00e0 usage unique, garantissant une s\u00e9curit\u00e9 optimale pour les patients.<\/li>\n<li>Qualit\u00e9 : R\u00e9alis\u00e9s en acier inox bross\u00e9 mat, offrant une maniabilit\u00e9 et une haptique sup\u00e9rieures.<\/li>\n<li>Praticit\u00e9 : Conditionn\u00e9s individuellement, pr\u00eats \u00e0 l\u2019emploi avec un marquage de s\u00e9curit\u00e9 Peha\u00ae color lock\u00ae.<\/li>\n<\/ul>\n","protected":false},"featured_media":112380,"comment_status":"open","ping_status":"open","template":"","meta":{"inline_featured_image":false},"product_brand":[],"product_cat":[1201,1213],"product_tag":[],"class_list":{"0":"post-112379","1":"product","2":"type-product","3":"status-publish","4":"has-post-thumbnail","6":"product_cat-instruments-chirurgicaux","7":"product_cat-instruments-steriles-jetables-en-metal","9":"first","10":"outofstock","11":"sale","12":"taxable","13":"shipping-taxable","14":"purchasable","15":"product-type-simple"},"_links":{"self":[{"href":"https:\/\/nimedixmedical.com\/fr\/wp-json\/wp\/v2\/product\/112379","targetHints":{"allow":["GET"]}}],"collection":[{"href":"https:\/\/nimedixmedical.com\/fr\/wp-json\/wp\/v2\/product"}],"about":[{"href":"https:\/\/nimedixmedical.com\/fr\/wp-json\/wp\/v2\/types\/product"}],"replies":[{"embeddable":true,"href":"https:\/\/nimedixmedical.com\/fr\/wp-json\/wp\/v2\/comments?post=112379"}],"wp:featuredmedia":[{"embeddable":true,"href":"https:\/\/nimedixmedical.com\/fr\/wp-json\/wp\/v2\/media\/112380"}],"wp:attachment":[{"href":"https:\/\/nimedixmedical.com\/fr\/wp-json\/wp\/v2\/media?parent=112379"}],"wp:term":[{"taxonomy":"product_brand","embeddable":true,"href":"https:\/\/nimedixmedical.com\/fr\/wp-json\/wp\/v2\/product_brand?post=112379"},{"taxonomy":"product_cat","embeddable":true,"href":"https:\/\/nimedixmedical.com\/fr\/wp-json\/wp\/v2\/product_cat?post=112379"},{"taxonomy":"product_tag","embeddable":true,"href":"https:\/\/nimedixmedical.com\/fr\/wp-json\/wp\/v2\/product_tag?post=112379"}],"curies":[{"name":"wp","href":"https:\/\/api.w.org\/{rel}","templated":true}]}}