{"id":112375,"date":"2025-11-30T21:46:44","date_gmt":"2025-11-30T20:46:44","guid":{"rendered":"https:\/\/nimedixmedical.com\/notre-catalogue\/ciseaux-chirurgicaux-steriles-pointus-pointus-droits-13-cm\/"},"modified":"2026-01-12T15:38:58","modified_gmt":"2026-01-12T14:38:58","slug":"ciseaux-chirurgicaux-steriles-pointus-pointus-droits-13-cm","status":"publish","type":"product","link":"https:\/\/nimedixmedical.com\/fr\/notre-catalogue\/ciseaux-chirurgicaux-steriles-pointus-pointus-droits-13-cm\/","title":{"rendered":"Ciseaux Chirurgicaux St\u00e9riles Pointus\/pointus &#8211; Droits &#8211; 13 cm"},"content":{"rendered":"<p>Les ciseaux chirurgicaux st\u00e9riles pointus\/pointus de 13 cm sont con\u00e7us pour r\u00e9pondre aux exigences des interventions m\u00e9dicales. Leur design ergonomique et leur fabrication en acier inoxydable renforcent leur efficacit\u00e9 et leur s\u00e9curit\u00e9 dans un environnement chirurgical.<\/p>\n<h2>Caract\u00e9ristiques<\/h2>\n<ul>\n<li>Type : Ciseaux chirurgicaux \u00e0 bouts pointus &#8211; droits.<\/li>\n<li>Longueur : 13 cm.<\/li>\n<li>Mat\u00e9riau : Acier inoxydable solide, alternative aux instruments en plastique.<\/li>\n<li>St\u00e9rilisation : R\u00e9alis\u00e9e par rayons gamma pour garantir une hygi\u00e8ne parfaite.<\/li>\n<li>Conditionnement : Chaque ciseau est emball\u00e9 individuellement dans une poche.<\/li>\n<li>Identification : Partie en bleu pour \u00e9viter toute confusion avec les instruments r\u00e9utilisables.<\/li>\n<li>Instructions incluses en plusieurs langues : GB, FR, IT, ES, DE, PT, PL, NL, SE, HU, GR, Arabe.<\/li>\n<\/ul>\n<h2>Livraison<\/h2>\n<ul>\n<li><strong>France :<\/strong> Livraison directe.<\/li>\n<li><strong>Export (Europe et Afrique) :<\/strong> Sur devis.<\/li>\n<\/ul>\n","protected":false},"excerpt":{"rendered":"<ul>\n<li>Usage : Ciseaux chirurgicaux \u00e0 bouts pointus, id\u00e9aux pour des interventions pr\u00e9cises.<\/li>\n<li>B\u00e9n\u00e9fice : Instruments jetables en acier inox, garantissant une hygi\u00e8ne optimale.<\/li>\n<li>Praticit\u00e9 : Conditionn\u00e9s individuellement pour une utilisation imm\u00e9diate et s\u00e9curis\u00e9e.<\/li>\n<li>St\u00e9rilit\u00e9 : St\u00e9rilisation garantie par rayons gamma, assurant la s\u00e9curit\u00e9 des patients.<\/li>\n<\/ul>\n","protected":false},"featured_media":112376,"comment_status":"open","ping_status":"open","template":"","meta":{"inline_featured_image":false},"product_brand":[],"product_cat":[1201,1213],"product_tag":[],"class_list":{"0":"post-112375","1":"product","2":"type-product","3":"status-publish","4":"has-post-thumbnail","6":"product_cat-instruments-chirurgicaux","7":"product_cat-instruments-steriles-jetables-en-metal","9":"first","10":"instock","11":"sale","12":"taxable","13":"shipping-taxable","14":"purchasable","15":"product-type-simple"},"_links":{"self":[{"href":"https:\/\/nimedixmedical.com\/fr\/wp-json\/wp\/v2\/product\/112375","targetHints":{"allow":["GET"]}}],"collection":[{"href":"https:\/\/nimedixmedical.com\/fr\/wp-json\/wp\/v2\/product"}],"about":[{"href":"https:\/\/nimedixmedical.com\/fr\/wp-json\/wp\/v2\/types\/product"}],"replies":[{"embeddable":true,"href":"https:\/\/nimedixmedical.com\/fr\/wp-json\/wp\/v2\/comments?post=112375"}],"wp:featuredmedia":[{"embeddable":true,"href":"https:\/\/nimedixmedical.com\/fr\/wp-json\/wp\/v2\/media\/112376"}],"wp:attachment":[{"href":"https:\/\/nimedixmedical.com\/fr\/wp-json\/wp\/v2\/media?parent=112375"}],"wp:term":[{"taxonomy":"product_brand","embeddable":true,"href":"https:\/\/nimedixmedical.com\/fr\/wp-json\/wp\/v2\/product_brand?post=112375"},{"taxonomy":"product_cat","embeddable":true,"href":"https:\/\/nimedixmedical.com\/fr\/wp-json\/wp\/v2\/product_cat?post=112375"},{"taxonomy":"product_tag","embeddable":true,"href":"https:\/\/nimedixmedical.com\/fr\/wp-json\/wp\/v2\/product_tag?post=112375"}],"curies":[{"name":"wp","href":"https:\/\/api.w.org\/{rel}","templated":true}]}}