{"id":112299,"date":"2025-11-30T21:45:27","date_gmt":"2025-11-30T20:45:27","guid":{"rendered":"https:\/\/nimedixmedical.com\/notre-catalogue\/lames-en-acier-carbone-swann-morton-n24-steriles\/"},"modified":"2026-01-12T15:38:27","modified_gmt":"2026-01-12T14:38:27","slug":"lames-en-acier-carbone-swann-morton-n24-steriles","status":"publish","type":"product","link":"https:\/\/nimedixmedical.com\/fr\/notre-catalogue\/lames-en-acier-carbone-swann-morton-n24-steriles\/","title":{"rendered":"Lames en Acier Carbone Swann-morton N\u00b024 &#8211; St\u00e9riles"},"content":{"rendered":"<p>Les lames en acier carbone Swann-Morton N\u00b024 sont con\u00e7ues pour r\u00e9pondre aux exigences des professionnels de la sant\u00e9. Leur pr\u00e9cision et leur fiabilit\u00e9 en font un choix privil\u00e9gi\u00e9 lors des interventions chirurgicales. Fabriqu\u00e9es au Royaume-Uni, elles allient qualit\u00e9 et performance pour garantir des r\u00e9sultats optimaux.<\/p>\n<h2>Caract\u00e9ristiques<\/h2>\n<ul>\n<li>Type : Lames en acier au carbone, mod\u00e8le N\u00b024.<\/li>\n<li>Conditionnement : Bo\u00eete de 100 lames st\u00e9riles.<\/li>\n<li>Fabrication : Produites au Royaume-Uni avec un acier de haute qualit\u00e9.<\/li>\n<li>Qualit\u00e9 : Contr\u00f4les stricts pour une coupe pr\u00e9cise et durable.<\/li>\n<li>Langues : Bo\u00eete multilingue incluant GB, FR, IT, ES, DE, DK, NL, GR, PT, PL, FI, RU, NO, SE.<\/li>\n<\/ul>\n<h2>Livraison<\/h2>\n<ul>\n<li><strong>France :<\/strong> Livraison directe.<\/li>\n<li><strong>Export (Europe et Afrique) :<\/strong> Sur devis.<\/li>\n<\/ul>\n","protected":false},"excerpt":{"rendered":"<ul>\n<li>Usage : Id\u00e9al pour les interventions chirurgicales pr\u00e9cises.<\/li>\n<li>B\u00e9n\u00e9fice : Fabrication en acier de haute qualit\u00e9 assurant une coupe nette et durable.<\/li>\n<li>Conformit\u00e9 : St\u00e9rilit\u00e9 garantie pour une utilisation en toute s\u00e9curit\u00e9.<\/li>\n<li>Pratique : Bo\u00eete de 100 lames, multilingue pour une utilisation internationale.<\/li>\n<\/ul>\n","protected":false},"featured_media":112300,"comment_status":"open","ping_status":"open","template":"","meta":{"inline_featured_image":false},"product_brand":[],"product_cat":[1201,1211],"product_tag":[],"class_list":{"0":"post-112299","1":"product","2":"type-product","3":"status-publish","4":"has-post-thumbnail","6":"product_cat-instruments-chirurgicaux","7":"product_cat-lames-et-bistouris-paragon-swann-morton-et-gima","9":"first","10":"instock","11":"sale","12":"taxable","13":"shipping-taxable","14":"purchasable","15":"product-type-simple"},"_links":{"self":[{"href":"https:\/\/nimedixmedical.com\/fr\/wp-json\/wp\/v2\/product\/112299","targetHints":{"allow":["GET"]}}],"collection":[{"href":"https:\/\/nimedixmedical.com\/fr\/wp-json\/wp\/v2\/product"}],"about":[{"href":"https:\/\/nimedixmedical.com\/fr\/wp-json\/wp\/v2\/types\/product"}],"replies":[{"embeddable":true,"href":"https:\/\/nimedixmedical.com\/fr\/wp-json\/wp\/v2\/comments?post=112299"}],"wp:featuredmedia":[{"embeddable":true,"href":"https:\/\/nimedixmedical.com\/fr\/wp-json\/wp\/v2\/media\/112300"}],"wp:attachment":[{"href":"https:\/\/nimedixmedical.com\/fr\/wp-json\/wp\/v2\/media?parent=112299"}],"wp:term":[{"taxonomy":"product_brand","embeddable":true,"href":"https:\/\/nimedixmedical.com\/fr\/wp-json\/wp\/v2\/product_brand?post=112299"},{"taxonomy":"product_cat","embeddable":true,"href":"https:\/\/nimedixmedical.com\/fr\/wp-json\/wp\/v2\/product_cat?post=112299"},{"taxonomy":"product_tag","embeddable":true,"href":"https:\/\/nimedixmedical.com\/fr\/wp-json\/wp\/v2\/product_tag?post=112299"}],"curies":[{"name":"wp","href":"https:\/\/api.w.org\/{rel}","templated":true}]}}