{"id":112276,"date":"2025-11-30T21:44:37","date_gmt":"2025-11-30T20:44:37","guid":{"rendered":"https:\/\/nimedixmedical.com\/notre-catalogue\/bistouris-avec-lame-en-acier-inox-swann-morton-n21-steriles\/"},"modified":"2026-01-12T15:38:16","modified_gmt":"2026-01-12T14:38:16","slug":"bistouris-avec-lame-en-acier-inox-swann-morton-n21-steriles","status":"publish","type":"product","link":"https:\/\/nimedixmedical.com\/fr\/notre-catalogue\/bistouris-avec-lame-en-acier-inox-swann-morton-n21-steriles\/","title":{"rendered":"Bistouris avec Lame en Acier Inox Swann-morton N\u00b021 &#8211; St\u00e9riles"},"content":{"rendered":"<p>Les bistouris avec lame en acier inox Swann-Morton N\u00b021 sont des instruments chirurgicaux de haute pr\u00e9cision, con\u00e7us pour r\u00e9pondre aux exigences des professionnels de la sant\u00e9. Leur qualit\u00e9 sup\u00e9rieure et leur fiabilit\u00e9 en font un choix privil\u00e9gi\u00e9 dans les environnements m\u00e9dicaux.<\/p>\n<h2>Caract\u00e9ristiques<\/h2>\n<ul>\n<li>Type : Bistouri avec lame 21<\/li>\n<li>Mat\u00e9riau : Lame en acier inox<\/li>\n<li>Conditionnement : Individuellement st\u00e9rile, bo\u00eete de 10 unit\u00e9s<\/li>\n<li>Origine : Fabriqu\u00e9 au Royaume-Uni<\/li>\n<li>Marque : Swann-Morton, reconnue pour sa qualit\u00e9 et sa pr\u00e9cision<\/li>\n<\/ul>\n<h2>Livraison<\/h2>\n<ul>\n<li><strong>France :<\/strong> Livraison directe.<\/li>\n<li><strong>Export (Europe et Afrique) :<\/strong> Sur devis.<\/li>\n<\/ul>\n","protected":false},"excerpt":{"rendered":"<ul>\n<li>Bistouri jetable avec lame 21, st\u00e9rile pour une utilisation en milieu m\u00e9dical.<\/li>\n<li>Fabriqu\u00e9 en acier inox de haute qualit\u00e9, assurant une coupe pr\u00e9cise et fiable.<\/li>\n<li>Conditionnement individuel st\u00e9rile pour garantir la s\u00e9curit\u00e9 et l&#8217;hygi\u00e8ne.<\/li>\n<li>Pr\u00e9f\u00e9r\u00e9 par les professionnels de la sant\u00e9 pour sa solidit\u00e9 et sa performance.<\/li>\n<\/ul>\n","protected":false},"featured_media":112277,"comment_status":"open","ping_status":"open","template":"","meta":{"inline_featured_image":false},"product_brand":[],"product_cat":[1201,1211],"product_tag":[],"class_list":{"0":"post-112276","1":"product","2":"type-product","3":"status-publish","4":"has-post-thumbnail","6":"product_cat-instruments-chirurgicaux","7":"product_cat-lames-et-bistouris-paragon-swann-morton-et-gima","9":"first","10":"instock","11":"sale","12":"taxable","13":"shipping-taxable","14":"purchasable","15":"product-type-simple"},"_links":{"self":[{"href":"https:\/\/nimedixmedical.com\/fr\/wp-json\/wp\/v2\/product\/112276","targetHints":{"allow":["GET"]}}],"collection":[{"href":"https:\/\/nimedixmedical.com\/fr\/wp-json\/wp\/v2\/product"}],"about":[{"href":"https:\/\/nimedixmedical.com\/fr\/wp-json\/wp\/v2\/types\/product"}],"replies":[{"embeddable":true,"href":"https:\/\/nimedixmedical.com\/fr\/wp-json\/wp\/v2\/comments?post=112276"}],"wp:featuredmedia":[{"embeddable":true,"href":"https:\/\/nimedixmedical.com\/fr\/wp-json\/wp\/v2\/media\/112277"}],"wp:attachment":[{"href":"https:\/\/nimedixmedical.com\/fr\/wp-json\/wp\/v2\/media?parent=112276"}],"wp:term":[{"taxonomy":"product_brand","embeddable":true,"href":"https:\/\/nimedixmedical.com\/fr\/wp-json\/wp\/v2\/product_brand?post=112276"},{"taxonomy":"product_cat","embeddable":true,"href":"https:\/\/nimedixmedical.com\/fr\/wp-json\/wp\/v2\/product_cat?post=112276"},{"taxonomy":"product_tag","embeddable":true,"href":"https:\/\/nimedixmedical.com\/fr\/wp-json\/wp\/v2\/product_tag?post=112276"}],"curies":[{"name":"wp","href":"https:\/\/api.w.org\/{rel}","templated":true}]}}