{"id":112262,"date":"2025-11-30T21:44:37","date_gmt":"2025-11-30T20:44:37","guid":{"rendered":"https:\/\/nimedixmedical.com\/notre-catalogue\/bistouris-retractiles-avec-lame-en-acier-inox-swann-morton-n-23-steriles\/"},"modified":"2026-01-12T15:38:10","modified_gmt":"2026-01-12T14:38:10","slug":"bistouris-retractiles-avec-lame-en-acier-inox-swann-morton-n-23-steriles","status":"publish","type":"product","link":"https:\/\/nimedixmedical.com\/fr\/notre-catalogue\/bistouris-retractiles-avec-lame-en-acier-inox-swann-morton-n-23-steriles\/","title":{"rendered":"Bistouris R\u00e9tractiles avec Lame en Acier Inox Swann-morton N\u00b0 23 &#8211; St\u00e9riles"},"content":{"rendered":"<p>Les bistouris r\u00e9tractiles Swann-Morton N\u00b0 23 sont des instruments chirurgicaux de haute qualit\u00e9, con\u00e7us pour garantir une s\u00e9curit\u00e9 maximale lors des interventions m\u00e9dicales. Leur fabrication en acier inoxydable assure une durabilit\u00e9 et une performance exceptionnelles.<\/p>\n<h2>Caract\u00e9ristiques<\/h2>\n<ul>\n<li>Type : Bistouri jetable avec lame r\u00e9tractable, N\u00b0 23.<\/li>\n<li>Mat\u00e9riau : Acier inoxydable de haute qualit\u00e9.<\/li>\n<li>St\u00e9rilisation : Pr\u00eat \u00e0 l&#8217;emploi, st\u00e9rile et s\u00e9curis\u00e9.<\/li>\n<li>Origine : Fabriqu\u00e9 au Royaume-Uni avec des contr\u00f4les de qualit\u00e9 stricts.<\/li>\n<li>Langues de la bo\u00eete : Multilingue (GB, FR, IT, ES, DE, DK, NL, GR, PT, PL, FI, RU, NO, SE).<\/li>\n<\/ul>\n<h2>Livraison<\/h2>\n<ul>\n<li><strong>France :<\/strong> Livraison directe.<\/li>\n<li><strong>Export (Europe et Afrique) :<\/strong> Sur devis.<\/li>\n<\/ul>\n","protected":false},"excerpt":{"rendered":"<ul>\n<li>Bistouris jetables avec lame r\u00e9tractable pour une s\u00e9curit\u00e9 optimale.<\/li>\n<li>Fabriqu\u00e9 en acier inoxydable de haute qualit\u00e9 pour une durabilit\u00e9 accrue.<\/li>\n<li>St\u00e9riles et pr\u00eats \u00e0 l&#8217;emploi, id\u00e9aux pour les proc\u00e9dures m\u00e9dicales.<\/li>\n<li>Reconnu par les professionnels de sant\u00e9 pour sa pr\u00e9cision et sa fiabilit\u00e9.<\/li>\n<\/ul>\n","protected":false},"featured_media":112263,"comment_status":"open","ping_status":"open","template":"","meta":{"inline_featured_image":false},"product_brand":[],"product_cat":[1201,1211],"product_tag":[],"class_list":{"0":"post-112262","1":"product","2":"type-product","3":"status-publish","4":"has-post-thumbnail","6":"product_cat-instruments-chirurgicaux","7":"product_cat-lames-et-bistouris-paragon-swann-morton-et-gima","9":"first","10":"instock","11":"sale","12":"taxable","13":"shipping-taxable","14":"purchasable","15":"product-type-simple"},"_links":{"self":[{"href":"https:\/\/nimedixmedical.com\/fr\/wp-json\/wp\/v2\/product\/112262","targetHints":{"allow":["GET"]}}],"collection":[{"href":"https:\/\/nimedixmedical.com\/fr\/wp-json\/wp\/v2\/product"}],"about":[{"href":"https:\/\/nimedixmedical.com\/fr\/wp-json\/wp\/v2\/types\/product"}],"replies":[{"embeddable":true,"href":"https:\/\/nimedixmedical.com\/fr\/wp-json\/wp\/v2\/comments?post=112262"}],"wp:featuredmedia":[{"embeddable":true,"href":"https:\/\/nimedixmedical.com\/fr\/wp-json\/wp\/v2\/media\/112263"}],"wp:attachment":[{"href":"https:\/\/nimedixmedical.com\/fr\/wp-json\/wp\/v2\/media?parent=112262"}],"wp:term":[{"taxonomy":"product_brand","embeddable":true,"href":"https:\/\/nimedixmedical.com\/fr\/wp-json\/wp\/v2\/product_brand?post=112262"},{"taxonomy":"product_cat","embeddable":true,"href":"https:\/\/nimedixmedical.com\/fr\/wp-json\/wp\/v2\/product_cat?post=112262"},{"taxonomy":"product_tag","embeddable":true,"href":"https:\/\/nimedixmedical.com\/fr\/wp-json\/wp\/v2\/product_tag?post=112262"}],"curies":[{"name":"wp","href":"https:\/\/api.w.org\/{rel}","templated":true}]}}