{"id":112077,"date":"2025-11-30T21:41:37","date_gmt":"2025-11-30T20:41:37","guid":{"rendered":"https:\/\/nimedixmedical.com\/notre-catalogue\/rasoirs-chirugicaux-jetables-une-lame-sur-les-deux-cotes-avec-peigne\/"},"modified":"2026-01-12T15:37:08","modified_gmt":"2026-01-12T14:37:08","slug":"rasoirs-chirugicaux-jetables-une-lame-sur-les-deux-cotes-avec-peigne","status":"publish","type":"product","link":"https:\/\/nimedixmedical.com\/fr\/notre-catalogue\/rasoirs-chirugicaux-jetables-une-lame-sur-les-deux-cotes-avec-peigne\/","title":{"rendered":"Rasoirs Chirugicaux Jetables &#8211; Une Lame sur les Deux C\u00f4t\u00e9s avec Peigne"},"content":{"rendered":"<p>Les rasoirs chirurgicaux jetables sont essentiels dans le domaine m\u00e9dical pour des proc\u00e9dures n\u00e9cessitant une hygi\u00e8ne irr\u00e9prochable. Con\u00e7us pour un usage unique, ils minimisent les risques d&#8217;infection et assurent une performance optimale lors des interventions.<\/p>\n<h2>Caract\u00e9ristiques<\/h2>\n<ul>\n<li>Rasoirs jetables non st\u00e9riles, con\u00e7us avec une lame en acier inoxydable.<\/li>\n<li>Dimensions : 103 x 47 mm, avec une lame de 38 mm sur les deux c\u00f4t\u00e9s.<\/li>\n<li>Comprend un peigne int\u00e9gr\u00e9 pour un rasage pr\u00e9cis dans les zones sensibles.<\/li>\n<li>Distributeur multilingue incluant des langues comme le fran\u00e7ais, l&#8217;anglais, l&#8217;italien, l&#8217;espagnol, et plus.<\/li>\n<\/ul>\n<h2>Livraison<\/h2>\n<ul>\n<li><strong>France :<\/strong> Livraison directe.<\/li>\n<li><strong>Export (Europe et Afrique) :<\/strong> Sur devis.<\/li>\n<\/ul>\n","protected":false},"excerpt":{"rendered":"<ul>\n<li>Rasoirs chirurgicaux jetables pour un usage unique, garantissant une hygi\u00e8ne optimale.<\/li>\n<li>Lame en acier inoxydable de haute qualit\u00e9 pour une coupe pr\u00e9cise et efficace.<\/li>\n<li>Conception avec une lame sur les deux c\u00f4t\u00e9s et peigne, facilitant le rasage dans des zones d\u00e9licates.<\/li>\n<li>Fournis dans un distributeur multilingue pour une utilisation pratique dans divers contextes.<\/li>\n<\/ul>\n","protected":false},"featured_media":112078,"comment_status":"open","ping_status":"open","template":"","meta":{"inline_featured_image":false},"product_brand":[],"product_cat":[1201,1208],"product_tag":[],"class_list":{"0":"post-112077","1":"product","2":"type-product","3":"status-publish","4":"has-post-thumbnail","6":"product_cat-instruments-chirurgicaux","7":"product_cat-rasoirs","9":"first","10":"instock","11":"sale","12":"taxable","13":"shipping-taxable","14":"purchasable","15":"product-type-simple"},"_links":{"self":[{"href":"https:\/\/nimedixmedical.com\/fr\/wp-json\/wp\/v2\/product\/112077","targetHints":{"allow":["GET"]}}],"collection":[{"href":"https:\/\/nimedixmedical.com\/fr\/wp-json\/wp\/v2\/product"}],"about":[{"href":"https:\/\/nimedixmedical.com\/fr\/wp-json\/wp\/v2\/types\/product"}],"replies":[{"embeddable":true,"href":"https:\/\/nimedixmedical.com\/fr\/wp-json\/wp\/v2\/comments?post=112077"}],"wp:featuredmedia":[{"embeddable":true,"href":"https:\/\/nimedixmedical.com\/fr\/wp-json\/wp\/v2\/media\/112078"}],"wp:attachment":[{"href":"https:\/\/nimedixmedical.com\/fr\/wp-json\/wp\/v2\/media?parent=112077"}],"wp:term":[{"taxonomy":"product_brand","embeddable":true,"href":"https:\/\/nimedixmedical.com\/fr\/wp-json\/wp\/v2\/product_brand?post=112077"},{"taxonomy":"product_cat","embeddable":true,"href":"https:\/\/nimedixmedical.com\/fr\/wp-json\/wp\/v2\/product_cat?post=112077"},{"taxonomy":"product_tag","embeddable":true,"href":"https:\/\/nimedixmedical.com\/fr\/wp-json\/wp\/v2\/product_tag?post=112077"}],"curies":[{"name":"wp","href":"https:\/\/api.w.org\/{rel}","templated":true}]}}